{"id":24285,"date":"2025-02-10T20:18:30","date_gmt":"2025-02-10T20:18:30","guid":{"rendered":"https:\/\/rhinoequipment.us\/?page_id=24285"},"modified":"2025-06-09T19:27:00","modified_gmt":"2025-06-09T19:27:00","slug":"news-56","status":"publish","type":"page","link":"https:\/\/rhinoequipment.us\/pt\/news-56\/","title":{"rendered":"News 56"},"content":{"rendered":"<div data-elementor-type=\"wp-page\" data-elementor-id=\"24285\" class=\"elementor elementor-24285\" data-elementor-post-type=\"page\">\n\t\t\t\t\t\t<section class=\"elementor-section elementor-top-section elementor-element elementor-element-3239232 elementor-section-boxed elementor-section-height-default elementor-section-height-default\" data-id=\"3239232\" data-element_type=\"section\" data-e-type=\"section\" data-settings=\"{&quot;background_background&quot;:&quot;classic&quot;}\">\n\t\t\t\t\t\t<div class=\"elementor-container elementor-column-gap-default\">\n\t\t\t\t\t<div class=\"elementor-column elementor-col-100 elementor-top-column elementor-element elementor-element-dc89f2e\" data-id=\"dc89f2e\" data-element_type=\"column\" data-e-type=\"column\">\n\t\t\t<div class=\"elementor-widget-wrap elementor-element-populated\">\n\t\t\t\t\t\t<div class=\"elementor-element elementor-element-5772237 elementor-widget elementor-widget-heading\" data-id=\"5772237\" data-element_type=\"widget\" data-e-type=\"widget\" data-widget_type=\"heading.default\">\n\t\t\t\t<div class=\"elementor-widget-container\">\n\t\t\t\t\t<h2 class=\"elementor-heading-title elementor-size-default\">Rhino Equipment\u00ae launches the New REX130 2025 Excavator: Power and efficiency for heavy-duty work<\/h2>\t\t\t\t<\/div>\n\t\t\t\t<\/div>\n\t\t\t\t\t<\/div>\n\t\t<\/div>\n\t\t\t\t\t<\/div>\n\t\t<\/section>\n\t\t\t\t<section class=\"elementor-section elementor-top-section elementor-element elementor-element-a529e6c elementor-section-boxed elementor-section-height-default elementor-section-height-default\" data-id=\"a529e6c\" data-element_type=\"section\" data-e-type=\"section\" data-settings=\"{&quot;background_background&quot;:&quot;classic&quot;}\">\n\t\t\t\t\t\t<div class=\"elementor-container elementor-column-gap-default\">\n\t\t\t\t\t<div class=\"elementor-column elementor-col-50 elementor-top-column elementor-element elementor-element-9fc3f35\" data-id=\"9fc3f35\" data-element_type=\"column\" data-e-type=\"column\" data-settings=\"{&quot;background_background&quot;:&quot;classic&quot;}\">\n\t\t\t<div class=\"elementor-widget-wrap elementor-element-populated\">\n\t\t\t\t\t\t<div class=\"elementor-element elementor-element-7128a75 elementor-widget elementor-widget-video\" data-id=\"7128a75\" data-element_type=\"widget\" data-e-type=\"widget\" data-settings=\"{&quot;video_type&quot;:&quot;hosted&quot;,&quot;autoplay&quot;:&quot;yes&quot;,&quot;play_on_mobile&quot;:&quot;yes&quot;,&quot;mute&quot;:&quot;yes&quot;,&quot;loop&quot;:&quot;yes&quot;,&quot;controls&quot;:&quot;yes&quot;}\" data-widget_type=\"video.default\">\n\t\t\t\t<div class=\"elementor-widget-container\">\n\t\t\t\t\t\t\t<div class=\"e-hosted-video elementor-wrapper elementor-open-inline\">\n\t\t\t\t\t<video class=\"elementor-video\" src=\"https:\/\/rhinoequipment.us\/wp-content\/uploads\/2025\/02\/REX130_video_final.mp4\" autoplay=\"\" loop=\"\" controls=\"\" muted=\"muted\" playsinline=\"\" controlslist=\"nodownload\"><\/video>\n\t\t\t\t<\/div>\n\t\t\t\t\t\t<\/div>\n\t\t\t\t<\/div>\n\t\t\t\t\t<\/div>\n\t\t<\/div>\n\t\t\t\t<div class=\"elementor-column elementor-col-50 elementor-top-column elementor-element elementor-element-c708798\" data-id=\"c708798\" data-element_type=\"column\" data-e-type=\"column\" data-settings=\"{&quot;background_background&quot;:&quot;classic&quot;}\">\n\t\t\t<div class=\"elementor-widget-wrap elementor-element-populated\">\n\t\t\t\t\t\t<div class=\"elementor-element elementor-element-cf13392 elementor-widget elementor-widget-text-editor\" data-id=\"cf13392\" data-element_type=\"widget\" data-e-type=\"widget\" data-widget_type=\"text-editor.default\">\n\t\t\t\t<div class=\"elementor-widget-container\">\n\t\t\t\t\t\t\t\t\t<p class=\"p1\"><span class=\"s1\">Rhino Equipment\u00ae has introduced its new REX130 2025 excavator, a machine designed with advanced technology to ensure high performance in the most demanding conditions. With a focus on efficiency and durability, the REX130\u00a0is the ideal solution for various industrial applications requiring top-tier excavation equipment.<\/span><\/p><p class=\"p1\"><span class=\"s1\">A REX130 2025 destaca-se pelo seu design robusto e capacidade de lidar facilmente com tarefas pesadas. Al\u00e9m disso, oferece baixos custos de manuten\u00e7\u00e3o, tornando-a uma escolha econ\u00f3mica para as empresas que procuram otimizar o seu investimento em maquinaria. A sua manobrabilidade pr\u00e1tica e o seu excelente desempenho posicionam-na como uma escavadora altamente competitiva no mercado, competindo com marcas bem conhecidas como a Caterpillar, Komatsu e John Deere.<\/span><\/p>\t\t\t\t\t\t\t\t<\/div>\n\t\t\t\t<\/div>\n\t\t\t\t\t<\/div>\n\t\t<\/div>\n\t\t\t\t\t<\/div>\n\t\t<\/section>\n\t\t\t\t<section class=\"elementor-section elementor-top-section elementor-element elementor-element-60ff598 elementor-section-boxed elementor-section-height-default elementor-section-height-default\" data-id=\"60ff598\" data-element_type=\"section\" data-e-type=\"section\" data-settings=\"{&quot;background_background&quot;:&quot;classic&quot;}\">\n\t\t\t\t\t\t<div class=\"elementor-container elementor-column-gap-default\">\n\t\t\t\t\t<div class=\"elementor-column elementor-col-50 elementor-top-column elementor-element elementor-element-c1b2ee2\" data-id=\"c1b2ee2\" data-element_type=\"column\" data-e-type=\"column\" data-settings=\"{&quot;background_background&quot;:&quot;classic&quot;}\">\n\t\t\t<div class=\"elementor-widget-wrap elementor-element-populated\">\n\t\t\t\t\t\t<div class=\"elementor-element elementor-element-e65fc15 elementor-widget elementor-widget-text-editor\" data-id=\"e65fc15\" data-element_type=\"widget\" data-e-type=\"widget\" data-widget_type=\"text-editor.default\">\n\t\t\t\t<div class=\"elementor-widget-container\">\n\t\t\t\t\t\t\t\t\t<p class=\"p1\"><span class=\"s1\">A REX130 2025 possui uma impressionante pot\u00eancia de 115 CV, a mais elevada neste segmento de escavadoras, tornando-a altamente eficiente com um consumo de combust\u00edvel excecionalmente baixo.<\/span><\/p><p class=\"p1\"><span class=\"s1\">Rhino Equipment\u00ae continues to establish itself as a key player in the industry, thanks to its commitment to quality, performance, and innovation. Additionally, the company boasts strong global coverage, allowing customers worldwide to access its cutting-edge technology and specialized service.<\/span><\/p><p class=\"p1\"><span class=\"s1\">With the arrival of the REX130 2025, Rhino Equipment\u00ae reaffirms its leadership in the heavy machinery market, offering a high-level excavator for the industry&#8217;s most demanding challenges.<\/span><\/p>\t\t\t\t\t\t\t\t<\/div>\n\t\t\t\t<\/div>\n\t\t\t\t\t<\/div>\n\t\t<\/div>\n\t\t\t\t<div class=\"elementor-column elementor-col-50 elementor-top-column elementor-element elementor-element-533a49b\" data-id=\"533a49b\" data-element_type=\"column\" data-e-type=\"column\" data-settings=\"{&quot;background_background&quot;:&quot;classic&quot;}\">\n\t\t\t<div class=\"elementor-widget-wrap elementor-element-populated\">\n\t\t\t\t\t\t<div class=\"elementor-element elementor-element-34a7170 elementor-widget elementor-widget-gallery\" data-id=\"34a7170\" data-element_type=\"widget\" data-e-type=\"widget\" data-settings=\"{&quot;columns&quot;:2,&quot;lazyload&quot;:&quot;yes&quot;,&quot;gallery_layout&quot;:&quot;grid&quot;,&quot;columns_tablet&quot;:2,&quot;columns_mobile&quot;:1,&quot;gap&quot;:{&quot;unit&quot;:&quot;px&quot;,&quot;size&quot;:10,&quot;sizes&quot;:[]},&quot;gap_tablet&quot;:{&quot;unit&quot;:&quot;px&quot;,&quot;size&quot;:10,&quot;sizes&quot;:[]},&quot;gap_mobile&quot;:{&quot;unit&quot;:&quot;px&quot;,&quot;size&quot;:10,&quot;sizes&quot;:[]},&quot;link_to&quot;:&quot;file&quot;,&quot;aspect_ratio&quot;:&quot;3:2&quot;,&quot;overlay_background&quot;:&quot;yes&quot;,&quot;content_hover_animation&quot;:&quot;fade-in&quot;}\" data-widget_type=\"gallery.default\">\n\t\t\t\t<div class=\"elementor-widget-container\">\n\t\t\t\t\t\t\t<div class=\"elementor-gallery__container\">\n\t\t\t\t\t\t\t<a class=\"e-gallery-item elementor-gallery-item elementor-animated-content\" href=\"https:\/\/rhinoequipment.us\/wp-content\/uploads\/2025\/02\/PHOTO-2025-02-07-18-05-20-3-e1739220795945.jpg\" data-elementor-open-lightbox=\"yes\" data-elementor-lightbox-slideshow=\"34a7170\" data-elementor-lightbox-title=\"REX130 2025\" data-e-action-hash=\"#elementor-action%3Aaction%3Dlightbox%26settings%3DeyJpZCI6MjQyOTAsInVybCI6Imh0dHBzOlwvXC9yaGlub2VxdWlwbWVudC51c1wvd3AtY29udGVudFwvdXBsb2Fkc1wvMjAyNVwvMDJcL1BIT1RPLTIwMjUtMDItMDctMTgtMDUtMjAtMy1lMTczOTIyMDc5NTk0NS5qcGciLCJzbGlkZXNob3ciOiIzNGE3MTcwIn0%3D\">\n\t\t\t\t\t<div class=\"e-gallery-image elementor-gallery-item__image\" data-thumbnail=\"https:\/\/rhinoequipment.us\/wp-content\/uploads\/2025\/02\/PHOTO-2025-02-07-18-05-20-3-e1739220795945-300x168.jpg\" data-width=\"300\" data-height=\"168\" aria-label=\"\" role=\"img\" ><\/div>\n\t\t\t\t\t\t\t\t\t\t\t<div class=\"elementor-gallery-item__overlay\"><\/div>\n\t\t\t\t\t\t\t\t\t\t\t\t\t\t<\/a>\n\t\t\t\t\t\t\t<a class=\"e-gallery-item elementor-gallery-item elementor-animated-content\" href=\"https:\/\/rhinoequipment.us\/wp-content\/uploads\/2025\/02\/WhatsApp-Image-2025-02-12-at-11.17.53.jpeg\" data-elementor-open-lightbox=\"yes\" data-elementor-lightbox-slideshow=\"34a7170\" data-elementor-lightbox-title=\"REX130 2025\" data-e-action-hash=\"#elementor-action%3Aaction%3Dlightbox%26settings%3DeyJpZCI6MjQzNDcsInVybCI6Imh0dHBzOlwvXC9yaGlub2VxdWlwbWVudC51c1wvd3AtY29udGVudFwvdXBsb2Fkc1wvMjAyNVwvMDJcL1doYXRzQXBwLUltYWdlLTIwMjUtMDItMTItYXQtMTEuMTcuNTMuanBlZyIsInNsaWRlc2hvdyI6IjM0YTcxNzAifQ%3D%3D\">\n\t\t\t\t\t<div class=\"e-gallery-image elementor-gallery-item__image\" data-thumbnail=\"https:\/\/rhinoequipment.us\/wp-content\/uploads\/2025\/02\/WhatsApp-Image-2025-02-12-at-11.17.53-300x135.jpeg\" data-width=\"300\" data-height=\"135\" aria-label=\"\" role=\"img\" ><\/div>\n\t\t\t\t\t\t\t\t\t\t\t<div class=\"elementor-gallery-item__overlay\"><\/div>\n\t\t\t\t\t\t\t\t\t\t\t\t\t\t<\/a>\n\t\t\t\t\t\t\t<a class=\"e-gallery-item elementor-gallery-item elementor-animated-content\" href=\"https:\/\/rhinoequipment.us\/wp-content\/uploads\/2025\/02\/WhatsApp-Image-2025-02-12-at-11.19.27-e1739825711390.jpeg\" data-elementor-open-lightbox=\"yes\" data-elementor-lightbox-slideshow=\"34a7170\" data-elementor-lightbox-title=\"REX130 2025\" data-e-action-hash=\"#elementor-action%3Aaction%3Dlightbox%26settings%3DeyJpZCI6MjQzNDgsInVybCI6Imh0dHBzOlwvXC9yaGlub2VxdWlwbWVudC51c1wvd3AtY29udGVudFwvdXBsb2Fkc1wvMjAyNVwvMDJcL1doYXRzQXBwLUltYWdlLTIwMjUtMDItMTItYXQtMTEuMTkuMjctZTE3Mzk4MjU3MTEzOTAuanBlZyIsInNsaWRlc2hvdyI6IjM0YTcxNzAifQ%3D%3D\">\n\t\t\t\t\t<div class=\"e-gallery-image elementor-gallery-item__image\" data-thumbnail=\"https:\/\/rhinoequipment.us\/wp-content\/uploads\/2025\/02\/WhatsApp-Image-2025-02-12-at-11.19.27-e1739825711390-300x161.jpeg\" data-width=\"300\" data-height=\"161\" aria-label=\"\" role=\"img\" ><\/div>\n\t\t\t\t\t\t\t\t\t\t\t<div class=\"elementor-gallery-item__overlay\"><\/div>\n\t\t\t\t\t\t\t\t\t\t\t\t\t\t<\/a>\n\t\t\t\t\t\t\t<a class=\"e-gallery-item elementor-gallery-item elementor-animated-content\" href=\"https:\/\/rhinoequipment.us\/wp-content\/uploads\/2025\/02\/WhatsApp-Image-2025-02-12-at-11.48.13-1-e1739825745133.jpeg\" data-elementor-open-lightbox=\"yes\" data-elementor-lightbox-slideshow=\"34a7170\" data-elementor-lightbox-title=\"REX130 2025\" data-e-action-hash=\"#elementor-action%3Aaction%3Dlightbox%26settings%3DeyJpZCI6MjQzNTIsInVybCI6Imh0dHBzOlwvXC9yaGlub2VxdWlwbWVudC51c1wvd3AtY29udGVudFwvdXBsb2Fkc1wvMjAyNVwvMDJcL1doYXRzQXBwLUltYWdlLTIwMjUtMDItMTItYXQtMTEuNDguMTMtMS1lMTczOTgyNTc0NTEzMy5qcGVnIiwic2xpZGVzaG93IjoiMzRhNzE3MCJ9\">\n\t\t\t\t\t<div class=\"e-gallery-image elementor-gallery-item__image\" data-thumbnail=\"https:\/\/rhinoequipment.us\/wp-content\/uploads\/2025\/02\/WhatsApp-Image-2025-02-12-at-11.48.13-1-e1739825745133-300x165.jpeg\" data-width=\"300\" data-height=\"165\" aria-label=\"\" role=\"img\" ><\/div>\n\t\t\t\t\t\t\t\t\t\t\t<div class=\"elementor-gallery-item__overlay\"><\/div>\n\t\t\t\t\t\t\t\t\t\t\t\t\t\t<\/a>\n\t\t\t\t\t<\/div>\n\t\t\t\t\t<\/div>\n\t\t\t\t<\/div>\n\t\t\t\t\t<\/div>\n\t\t<\/div>\n\t\t\t\t\t<\/div>\n\t\t<\/section>\n\t\t\t\t<\/div>","protected":false},"excerpt":{"rendered":"<p>Rhino Equipment\u00ae launches the New REX130 2025 Excavator: Power and efficiency for heavy-duty work https:\/\/rhinoequipment.us\/wp-content\/uploads\/2025\/02\/REX130_video_final.mp4 Rhino Equipment\u00ae has introduced its new REX130 2025 excavator, a machine designed with advanced technology to ensure high performance in the most demanding conditions. With a focus on efficiency and durability, the REX130\u00a0is the ideal solution for various industrial applications [&hellip;]<\/p>\n","protected":false},"author":1,"featured_media":24367,"parent":0,"menu_order":0,"comment_status":"closed","ping_status":"closed","template":"elementor_header_footer","meta":{"site-sidebar-layout":"no-sidebar","site-content-layout":"page-builder","ast-site-content-layout":"full-width-container","site-content-style":"default","site-sidebar-style":"default","ast-global-header-display":"","ast-banner-title-visibility":"","ast-main-header-display":"","ast-hfb-above-header-display":"","ast-hfb-below-header-display":"","ast-hfb-mobile-header-display":"","site-post-title":"disabled","ast-breadcrumbs-content":"","ast-featured-img":"disabled","footer-sml-layout":"","ast-disable-related-posts":"","theme-transparent-header-meta":"","adv-header-id-meta":"","stick-header-meta":"","header-above-stick-meta":"","header-main-stick-meta":"","header-below-stick-meta":"","astra-migrate-meta-layouts":"set","ast-page-background-enabled":"default","ast-page-background-meta":{"desktop":{"background-color":"var(--ast-global-color-4)","background-image":"","background-repeat":"repeat","background-position":"center center","background-size":"auto","background-attachment":"scroll","background-type":"","background-media":"","overlay-type":"","overlay-color":"","overlay-opacity":"","overlay-gradient":""},"tablet":{"background-color":"","background-image":"","background-repeat":"repeat","background-position":"center center","background-size":"auto","background-attachment":"scroll","background-type":"","background-media":"","overlay-type":"","overlay-color":"","overlay-opacity":"","overlay-gradient":""},"mobile":{"background-color":"","background-image":"","background-repeat":"repeat","background-position":"center center","background-size":"auto","background-attachment":"scroll","background-type":"","background-media":"","overlay-type":"","overlay-color":"","overlay-opacity":"","overlay-gradient":""}},"ast-content-background-meta":{"desktop":{"background-color":"var(--ast-global-color-5)","background-image":"","background-repeat":"repeat","background-position":"center center","background-size":"auto","background-attachment":"scroll","background-type":"","background-media":"","overlay-type":"","overlay-color":"","overlay-opacity":"","overlay-gradient":""},"tablet":{"background-color":"var(--ast-global-color-5)","background-image":"","background-repeat":"repeat","background-position":"center center","background-size":"auto","background-attachment":"scroll","background-type":"","background-media":"","overlay-type":"","overlay-color":"","overlay-opacity":"","overlay-gradient":""},"mobile":{"background-color":"var(--ast-global-color-5)","background-image":"","background-repeat":"repeat","background-position":"center center","background-size":"auto","background-attachment":"scroll","background-type":"","background-media":"","overlay-type":"","overlay-color":"","overlay-opacity":"","overlay-gradient":""}},"footnotes":""},"class_list":["post-24285","page","type-page","status-publish","has-post-thumbnail","hentry"],"yoast_head":"<!-- This site is optimized with the Yoast SEO plugin v27.4 - https:\/\/yoast.com\/product\/yoast-seo-wordpress\/ -->\n<title>News 56 - Rhino Equipment<\/title>\n<meta name=\"robots\" content=\"index, follow, max-snippet:-1, max-image-preview:large, max-video-preview:-1\" \/>\n<link rel=\"canonical\" href=\"https:\/\/rhinoequipment.us\/pt\/news-56\/\" \/>\n<script type=\"application\/ld+json\" class=\"yoast-schema-graph\">{\"@context\":\"https:\\\/\\\/schema.org\",\"@graph\":[{\"@type\":\"WebPage\",\"@id\":\"https:\\\/\\\/rhinoequipment.us\\\/news-56\\\/\",\"url\":\"https:\\\/\\\/rhinoequipment.us\\\/news-56\\\/\",\"name\":\"News 56 - Rhino Equipment\",\"isPartOf\":{\"@id\":\"https:\\\/\\\/rhinoequipment.us\\\/#website\"},\"primaryImageOfPage\":{\"@id\":\"https:\\\/\\\/rhinoequipment.us\\\/news-56\\\/#primaryimage\"},\"image\":{\"@id\":\"https:\\\/\\\/rhinoequipment.us\\\/news-56\\\/#primaryimage\"},\"thumbnailUrl\":\"https:\\\/\\\/rhinoequipment.us\\\/wp-content\\\/uploads\\\/2025\\\/02\\\/WhatsApp-Image-2025-02-12-at-11.17.53-1-e1739394104466.jpeg\",\"datePublished\":\"2025-02-10T20:18:30+00:00\",\"dateModified\":\"2025-06-09T19:27:00+00:00\",\"breadcrumb\":{\"@id\":\"https:\\\/\\\/rhinoequipment.us\\\/news-56\\\/#breadcrumb\"},\"inLanguage\":\"pt-PT\",\"potentialAction\":[{\"@type\":\"ReadAction\",\"target\":[\"https:\\\/\\\/rhinoequipment.us\\\/news-56\\\/\"]}]},{\"@type\":\"ImageObject\",\"inLanguage\":\"pt-PT\",\"@id\":\"https:\\\/\\\/rhinoequipment.us\\\/news-56\\\/#primaryimage\",\"url\":\"https:\\\/\\\/rhinoequipment.us\\\/wp-content\\\/uploads\\\/2025\\\/02\\\/WhatsApp-Image-2025-02-12-at-11.17.53-1-e1739394104466.jpeg\",\"contentUrl\":\"https:\\\/\\\/rhinoequipment.us\\\/wp-content\\\/uploads\\\/2025\\\/02\\\/WhatsApp-Image-2025-02-12-at-11.17.53-1-e1739394104466.jpeg\",\"width\":865,\"height\":576},{\"@type\":\"BreadcrumbList\",\"@id\":\"https:\\\/\\\/rhinoequipment.us\\\/news-56\\\/#breadcrumb\",\"itemListElement\":[{\"@type\":\"ListItem\",\"position\":1,\"name\":\"Home\",\"item\":\"https:\\\/\\\/rhinoequipment.us\\\/\"},{\"@type\":\"ListItem\",\"position\":2,\"name\":\"News 56\"}]},{\"@type\":\"WebSite\",\"@id\":\"https:\\\/\\\/rhinoequipment.us\\\/#website\",\"url\":\"https:\\\/\\\/rhinoequipment.us\\\/\",\"name\":\"Rhino Equipment\",\"description\":\"Full Line of Construction Equipment\",\"publisher\":{\"@id\":\"https:\\\/\\\/rhinoequipment.us\\\/#organization\"},\"alternateName\":\"Rhino Equipment\",\"potentialAction\":[{\"@type\":\"SearchAction\",\"target\":{\"@type\":\"EntryPoint\",\"urlTemplate\":\"https:\\\/\\\/rhinoequipment.us\\\/?s={search_term_string}\"},\"query-input\":{\"@type\":\"PropertyValueSpecification\",\"valueRequired\":true,\"valueName\":\"search_term_string\"}}],\"inLanguage\":\"pt-PT\"},{\"@type\":\"Organization\",\"@id\":\"https:\\\/\\\/rhinoequipment.us\\\/#organization\",\"name\":\"Rhino Equipment\",\"url\":\"https:\\\/\\\/rhinoequipment.us\\\/\",\"logo\":{\"@type\":\"ImageObject\",\"inLanguage\":\"pt-PT\",\"@id\":\"https:\\\/\\\/rhinoequipment.us\\\/#\\\/schema\\\/logo\\\/image\\\/\",\"url\":\"https:\\\/\\\/rhinoequipment.us\\\/wp-content\\\/uploads\\\/2022\\\/06\\\/Rhino_equipment.jpg\",\"contentUrl\":\"https:\\\/\\\/rhinoequipment.us\\\/wp-content\\\/uploads\\\/2022\\\/06\\\/Rhino_equipment.jpg\",\"width\":106,\"height\":72,\"caption\":\"Rhino Equipment\"},\"image\":{\"@id\":\"https:\\\/\\\/rhinoequipment.us\\\/#\\\/schema\\\/logo\\\/image\\\/\"},\"sameAs\":[\"https:\\\/\\\/www.facebook.com\\\/RhinoEqUsa\\\/\",\"https:\\\/\\\/x.com\\\/Rhino_Eq\",\"https:\\\/\\\/www.instagram.com\\\/rhinoeq_usa\\\/\",\"https:\\\/\\\/www.youtube.com\\\/user\\\/rhinoeq\"]}]}<\/script>\n<!-- \/ Yoast SEO plugin. -->","yoast_head_json":{"title":"News 56 - Rhino Equipment","robots":{"index":"index","follow":"follow","max-snippet":"max-snippet:-1","max-image-preview":"max-image-preview:large","max-video-preview":"max-video-preview:-1"},"canonical":"https:\/\/rhinoequipment.us\/pt\/news-56\/","schema":{"@context":"https:\/\/schema.org","@graph":[{"@type":"WebPage","@id":"https:\/\/rhinoequipment.us\/news-56\/","url":"https:\/\/rhinoequipment.us\/news-56\/","name":"News 56 - Rhino Equipment","isPartOf":{"@id":"https:\/\/rhinoequipment.us\/#website"},"primaryImageOfPage":{"@id":"https:\/\/rhinoequipment.us\/news-56\/#primaryimage"},"image":{"@id":"https:\/\/rhinoequipment.us\/news-56\/#primaryimage"},"thumbnailUrl":"https:\/\/rhinoequipment.us\/wp-content\/uploads\/2025\/02\/WhatsApp-Image-2025-02-12-at-11.17.53-1-e1739394104466.jpeg","datePublished":"2025-02-10T20:18:30+00:00","dateModified":"2025-06-09T19:27:00+00:00","breadcrumb":{"@id":"https:\/\/rhinoequipment.us\/news-56\/#breadcrumb"},"inLanguage":"pt-PT","potentialAction":[{"@type":"ReadAction","target":["https:\/\/rhinoequipment.us\/news-56\/"]}]},{"@type":"ImageObject","inLanguage":"pt-PT","@id":"https:\/\/rhinoequipment.us\/news-56\/#primaryimage","url":"https:\/\/rhinoequipment.us\/wp-content\/uploads\/2025\/02\/WhatsApp-Image-2025-02-12-at-11.17.53-1-e1739394104466.jpeg","contentUrl":"https:\/\/rhinoequipment.us\/wp-content\/uploads\/2025\/02\/WhatsApp-Image-2025-02-12-at-11.17.53-1-e1739394104466.jpeg","width":865,"height":576},{"@type":"BreadcrumbList","@id":"https:\/\/rhinoequipment.us\/news-56\/#breadcrumb","itemListElement":[{"@type":"ListItem","position":1,"name":"Home","item":"https:\/\/rhinoequipment.us\/"},{"@type":"ListItem","position":2,"name":"News 56"}]},{"@type":"WebSite","@id":"https:\/\/rhinoequipment.us\/#website","url":"https:\/\/rhinoequipment.us\/","name":"Rhino Equipment","description":"Full Line of Construction Equipment","publisher":{"@id":"https:\/\/rhinoequipment.us\/#organization"},"alternateName":"Rhino Equipment","potentialAction":[{"@type":"SearchAction","target":{"@type":"EntryPoint","urlTemplate":"https:\/\/rhinoequipment.us\/?s={search_term_string}"},"query-input":{"@type":"PropertyValueSpecification","valueRequired":true,"valueName":"search_term_string"}}],"inLanguage":"pt-PT"},{"@type":"Organization","@id":"https:\/\/rhinoequipment.us\/#organization","name":"Rhino Equipment","url":"https:\/\/rhinoequipment.us\/","logo":{"@type":"ImageObject","inLanguage":"pt-PT","@id":"https:\/\/rhinoequipment.us\/#\/schema\/logo\/image\/","url":"https:\/\/rhinoequipment.us\/wp-content\/uploads\/2022\/06\/Rhino_equipment.jpg","contentUrl":"https:\/\/rhinoequipment.us\/wp-content\/uploads\/2022\/06\/Rhino_equipment.jpg","width":106,"height":72,"caption":"Rhino Equipment"},"image":{"@id":"https:\/\/rhinoequipment.us\/#\/schema\/logo\/image\/"},"sameAs":["https:\/\/www.facebook.com\/RhinoEqUsa\/","https:\/\/x.com\/Rhino_Eq","https:\/\/www.instagram.com\/rhinoeq_usa\/","https:\/\/www.youtube.com\/user\/rhinoeq"]}]}},"_links":{"self":[{"href":"https:\/\/rhinoequipment.us\/pt\/wp-json\/wp\/v2\/pages\/24285","targetHints":{"allow":["GET"]}}],"collection":[{"href":"https:\/\/rhinoequipment.us\/pt\/wp-json\/wp\/v2\/pages"}],"about":[{"href":"https:\/\/rhinoequipment.us\/pt\/wp-json\/wp\/v2\/types\/page"}],"author":[{"embeddable":true,"href":"https:\/\/rhinoequipment.us\/pt\/wp-json\/wp\/v2\/users\/1"}],"replies":[{"embeddable":true,"href":"https:\/\/rhinoequipment.us\/pt\/wp-json\/wp\/v2\/comments?post=24285"}],"version-history":[{"count":5,"href":"https:\/\/rhinoequipment.us\/pt\/wp-json\/wp\/v2\/pages\/24285\/revisions"}],"predecessor-version":[{"id":25881,"href":"https:\/\/rhinoequipment.us\/pt\/wp-json\/wp\/v2\/pages\/24285\/revisions\/25881"}],"wp:featuredmedia":[{"embeddable":true,"href":"https:\/\/rhinoequipment.us\/pt\/wp-json\/wp\/v2\/media\/24367"}],"wp:attachment":[{"href":"https:\/\/rhinoequipment.us\/pt\/wp-json\/wp\/v2\/media?parent=24285"}],"curies":[{"name":"wp","href":"https:\/\/api.w.org\/{rel}","templated":true}]}}