{"id":7829,"date":"2022-09-28T16:24:05","date_gmt":"2022-09-28T16:24:05","guid":{"rendered":"https:\/\/rhinoequipment.us\/?page_id=7829"},"modified":"2025-02-18T15:42:27","modified_gmt":"2025-02-18T15:42:27","slug":"adam-smith-center","status":"publish","type":"page","link":"https:\/\/rhinoequipment.us\/fr\/adam-smith-center\/","title":{"rendered":"News41"},"content":{"rendered":"<div data-elementor-type=\"wp-page\" data-elementor-id=\"7829\" class=\"elementor elementor-7829\" data-elementor-post-type=\"page\">\n\t\t\t\t\t\t<section class=\"elementor-section elementor-top-section elementor-element elementor-element-a6f3d97 elementor-section-boxed elementor-section-height-default elementor-section-height-default\" data-id=\"a6f3d97\" data-element_type=\"section\" data-e-type=\"section\" data-settings=\"{&quot;background_background&quot;:&quot;classic&quot;}\">\n\t\t\t\t\t\t<div class=\"elementor-container elementor-column-gap-default\">\n\t\t\t\t\t<div class=\"elementor-column elementor-col-100 elementor-top-column elementor-element elementor-element-1de02fe\" data-id=\"1de02fe\" data-element_type=\"column\" data-e-type=\"column\" data-settings=\"{&quot;background_background&quot;:&quot;classic&quot;}\">\n\t\t\t<div class=\"elementor-widget-wrap elementor-element-populated\">\n\t\t\t\t\t\t<div class=\"elementor-element elementor-element-9818d78 elementor-widget elementor-widget-heading\" data-id=\"9818d78\" data-element_type=\"widget\" data-e-type=\"widget\" data-widget_type=\"heading.default\">\n\t\t\t\t<div class=\"elementor-widget-container\">\n\t\t\t\t\t<h1 class=\"elementor-heading-title elementor-size-default\">Le Centre Adam Smith pour la libert\u00e9 \u00e9conomique<\/h1>\t\t\t\t<\/div>\n\t\t\t\t<\/div>\n\t\t\t\t\t<\/div>\n\t\t<\/div>\n\t\t\t\t\t<\/div>\n\t\t<\/section>\n\t\t\t\t<section class=\"elementor-section elementor-top-section elementor-element elementor-element-1181cbc elementor-section-boxed elementor-section-height-default elementor-section-height-default\" data-id=\"1181cbc\" data-element_type=\"section\" data-e-type=\"section\" data-settings=\"{&quot;background_background&quot;:&quot;classic&quot;}\">\n\t\t\t\t\t\t<div class=\"elementor-container elementor-column-gap-default\">\n\t\t\t\t\t<div class=\"elementor-column elementor-col-50 elementor-top-column elementor-element elementor-element-46acb5b\" data-id=\"46acb5b\" data-element_type=\"column\" data-e-type=\"column\" data-settings=\"{&quot;background_background&quot;:&quot;classic&quot;}\">\n\t\t\t<div class=\"elementor-widget-wrap elementor-element-populated\">\n\t\t\t\t\t\t<div class=\"elementor-element elementor-element-a2ec198 elementor-widget elementor-widget-gallery\" data-id=\"a2ec198\" data-element_type=\"widget\" data-e-type=\"widget\" data-settings=\"{&quot;columns&quot;:2,&quot;lazyload&quot;:&quot;yes&quot;,&quot;gallery_layout&quot;:&quot;grid&quot;,&quot;columns_tablet&quot;:2,&quot;columns_mobile&quot;:1,&quot;gap&quot;:{&quot;unit&quot;:&quot;px&quot;,&quot;size&quot;:10,&quot;sizes&quot;:[]},&quot;gap_tablet&quot;:{&quot;unit&quot;:&quot;px&quot;,&quot;size&quot;:10,&quot;sizes&quot;:[]},&quot;gap_mobile&quot;:{&quot;unit&quot;:&quot;px&quot;,&quot;size&quot;:10,&quot;sizes&quot;:[]},&quot;link_to&quot;:&quot;file&quot;,&quot;aspect_ratio&quot;:&quot;3:2&quot;,&quot;overlay_background&quot;:&quot;yes&quot;,&quot;content_hover_animation&quot;:&quot;fade-in&quot;}\" data-widget_type=\"gallery.default\">\n\t\t\t\t<div class=\"elementor-widget-container\">\n\t\t\t\t\t\t\t<div class=\"elementor-gallery__container\">\n\t\t\t\t\t\t\t<a class=\"e-gallery-item elementor-gallery-item elementor-animated-content\" href=\"https:\/\/rhinoequipment.us\/wp-content\/uploads\/2022\/09\/ft1.jpg\" data-elementor-open-lightbox=\"yes\" data-elementor-lightbox-slideshow=\"a2ec198\" data-elementor-lightbox-description=\"Nicolas Monckeberg Diaz, Minister of Labor and Social Security (2018-2019) and Ambassador of Chile in Argentina (2019-2022); Javier C\u00e1rdenas, President and CEO Rhino Equipment; Marcel Felipe.\" data-e-action-hash=\"#elementor-action%3Aaction%3Dlightbox%26settings%3DeyJpZCI6NzgzNCwidXJsIjoiaHR0cHM6XC9cL3JoaW5vZXF1aXBtZW50LnVzXC93cC1jb250ZW50XC91cGxvYWRzXC8yMDIyXC8wOVwvZnQxLmpwZyIsInNsaWRlc2hvdyI6ImEyZWMxOTgifQ%3D%3D\">\n\t\t\t\t\t<div class=\"e-gallery-image elementor-gallery-item__image\" data-thumbnail=\"https:\/\/rhinoequipment.us\/wp-content\/uploads\/2022\/09\/ft1-300x185.jpg\" data-width=\"300\" data-height=\"185\" aria-label=\"\" role=\"img\" ><\/div>\n\t\t\t\t\t\t\t\t\t\t\t<div class=\"elementor-gallery-item__overlay\"><\/div>\n\t\t\t\t\t\t\t\t\t\t\t\t\t\t<\/a>\n\t\t\t\t\t\t\t<a class=\"e-gallery-item elementor-gallery-item elementor-animated-content\" href=\"https:\/\/rhinoequipment.us\/wp-content\/uploads\/2022\/09\/ft2.jpg\" data-elementor-open-lightbox=\"yes\" data-elementor-lightbox-slideshow=\"a2ec198\" data-elementor-lightbox-description=\"Javier C\u00e1rdenas, President and CEO Rhino Equipment, and Ra\u00fal Melara Mor\u00e1n, Attorney General of the Republic of El Salvador from 2019 to 2021.\" data-e-action-hash=\"#elementor-action%3Aaction%3Dlightbox%26settings%3DeyJpZCI6NzgzNSwidXJsIjoiaHR0cHM6XC9cL3JoaW5vZXF1aXBtZW50LnVzXC93cC1jb250ZW50XC91cGxvYWRzXC8yMDIyXC8wOVwvZnQyLmpwZyIsInNsaWRlc2hvdyI6ImEyZWMxOTgifQ%3D%3D\">\n\t\t\t\t\t<div class=\"e-gallery-image elementor-gallery-item__image\" data-thumbnail=\"https:\/\/rhinoequipment.us\/wp-content\/uploads\/2022\/09\/ft2-300x219.jpg\" data-width=\"300\" data-height=\"219\" aria-label=\"\" role=\"img\" ><\/div>\n\t\t\t\t\t\t\t\t\t\t\t<div class=\"elementor-gallery-item__overlay\"><\/div>\n\t\t\t\t\t\t\t\t\t\t\t\t\t\t<\/a>\n\t\t\t\t\t\t\t<a class=\"e-gallery-item elementor-gallery-item elementor-animated-content\" href=\"https:\/\/rhinoequipment.us\/wp-content\/uploads\/2022\/09\/ft3.jpg\" data-elementor-open-lightbox=\"yes\" data-elementor-lightbox-slideshow=\"a2ec198\" data-elementor-lightbox-description=\"Javier C\u00e1rdenas, President and CEO Rhino Equipment and Mauricio Macri former President of the Argentine Republic.\" data-e-action-hash=\"#elementor-action%3Aaction%3Dlightbox%26settings%3DeyJpZCI6NzgzNiwidXJsIjoiaHR0cHM6XC9cL3JoaW5vZXF1aXBtZW50LnVzXC93cC1jb250ZW50XC91cGxvYWRzXC8yMDIyXC8wOVwvZnQzLmpwZyIsInNsaWRlc2hvdyI6ImEyZWMxOTgifQ%3D%3D\">\n\t\t\t\t\t<div class=\"e-gallery-image elementor-gallery-item__image\" data-thumbnail=\"https:\/\/rhinoequipment.us\/wp-content\/uploads\/2022\/09\/ft3-300x245.jpg\" data-width=\"300\" data-height=\"245\" aria-label=\"\" role=\"img\" ><\/div>\n\t\t\t\t\t\t\t\t\t\t\t<div class=\"elementor-gallery-item__overlay\"><\/div>\n\t\t\t\t\t\t\t\t\t\t\t\t\t\t<\/a>\n\t\t\t\t\t\t\t<a class=\"e-gallery-item elementor-gallery-item elementor-animated-content\" href=\"https:\/\/rhinoequipment.us\/wp-content\/uploads\/2022\/09\/ft4.jpg\" data-elementor-open-lightbox=\"yes\" data-elementor-lightbox-slideshow=\"a2ec198\" data-elementor-lightbox-description=\"Javier C\u00e1rdenas, President and CEO Rhino Equipment; Carlos Diaz Rosillo, Founding Director of Adam Smith Center; Melissa Peschiera, Journalist; Carlos Vasallo, President of America TV.\" data-e-action-hash=\"#elementor-action%3Aaction%3Dlightbox%26settings%3DeyJpZCI6NzgzNywidXJsIjoiaHR0cHM6XC9cL3JoaW5vZXF1aXBtZW50LnVzXC93cC1jb250ZW50XC91cGxvYWRzXC8yMDIyXC8wOVwvZnQ0LmpwZyIsInNsaWRlc2hvdyI6ImEyZWMxOTgifQ%3D%3D\">\n\t\t\t\t\t<div class=\"e-gallery-image elementor-gallery-item__image\" data-thumbnail=\"https:\/\/rhinoequipment.us\/wp-content\/uploads\/2022\/09\/ft4-300x156.jpg\" data-width=\"300\" data-height=\"156\" aria-label=\"\" role=\"img\" ><\/div>\n\t\t\t\t\t\t\t\t\t\t\t<div class=\"elementor-gallery-item__overlay\"><\/div>\n\t\t\t\t\t\t\t\t\t\t\t\t\t\t<\/a>\n\t\t\t\t\t\t\t<a class=\"e-gallery-item elementor-gallery-item elementor-animated-content\" href=\"https:\/\/rhinoequipment.us\/wp-content\/uploads\/2022\/09\/adam-smith-center-logo_rightalign_mix_uppercase_blue_gold_1stroke794x211.png\" data-elementor-open-lightbox=\"yes\" data-elementor-lightbox-slideshow=\"a2ec198\" data-e-action-hash=\"#elementor-action%3Aaction%3Dlightbox%26settings%3DeyJpZCI6NzgzOCwidXJsIjoiaHR0cHM6XC9cL3JoaW5vZXF1aXBtZW50LnVzXC93cC1jb250ZW50XC91cGxvYWRzXC8yMDIyXC8wOVwvYWRhbS1zbWl0aC1jZW50ZXItbG9nb19yaWdodGFsaWduX21peF91cHBlcmNhc2VfYmx1ZV9nb2xkXzFzdHJva2U3OTR4MjExLnBuZyIsInNsaWRlc2hvdyI6ImEyZWMxOTgifQ%3D%3D\">\n\t\t\t\t\t<div class=\"e-gallery-image elementor-gallery-item__image\" data-thumbnail=\"https:\/\/rhinoequipment.us\/wp-content\/uploads\/2022\/09\/adam-smith-center-logo_rightalign_mix_uppercase_blue_gold_1stroke794x211-300x80.png\" data-width=\"300\" data-height=\"80\" aria-label=\"\" role=\"img\" ><\/div>\n\t\t\t\t\t\t\t\t\t\t\t<div class=\"elementor-gallery-item__overlay\"><\/div>\n\t\t\t\t\t\t\t\t\t\t\t\t\t\t<\/a>\n\t\t\t\t\t<\/div>\n\t\t\t\t\t<\/div>\n\t\t\t\t<\/div>\n\t\t\t\t\t<\/div>\n\t\t<\/div>\n\t\t\t\t<div class=\"elementor-column elementor-col-50 elementor-top-column elementor-element elementor-element-d35009f\" data-id=\"d35009f\" data-element_type=\"column\" data-e-type=\"column\" data-settings=\"{&quot;background_background&quot;:&quot;classic&quot;}\">\n\t\t\t<div class=\"elementor-widget-wrap elementor-element-populated\">\n\t\t\t\t\t\t<div class=\"elementor-element elementor-element-5ad63aa elementor-widget elementor-widget-text-editor\" data-id=\"5ad63aa\" data-element_type=\"widget\" data-e-type=\"widget\" data-widget_type=\"text-editor.default\">\n\t\t\t\t<div class=\"elementor-widget-container\">\n\t\t\t\t\t\t\t\t\t<p>Javier C\u00e1rdenas et d'autres chefs d'entreprise des \u00c9tats-Unis et d'Am\u00e9rique latine ont \u00e9t\u00e9 invit\u00e9s \u00e0 un \u00e9v\u00e9nement exclusif organis\u00e9 par\u00a0<a href=\"https:\/\/freedom.fiu.edu\/#top\">the Adam Smith Center for Economic Freedom<\/a> \u00e0 l'Universit\u00e9 internationale de Floride pour discuter du r\u00f4le essentiel que jouent les march\u00e9s libres dans la prosp\u00e9rit\u00e9 nationale, \u00e9tatique et locale. L'\u00e9v\u00e9nement a pr\u00e9sent\u00e9 les Senior Leadership Fellows du printemps 2022 du Center, un groupe d'\u00e9minents dirigeants du secteur public qui ont travaill\u00e9 aux plus hauts niveaux du gouvernement et ont promu, pendant leur mandat, des politiques publiques cr\u00e9atives et innovantes qui ont renforc\u00e9 le syst\u00e8me de la libre entreprise et am\u00e9lior\u00e9 la libert\u00e9 individuelle et la prosp\u00e9rit\u00e9 de l'humanit\u00e9.<\/p><p>Le Centre Adam Smith a \u00e9t\u00e9 r\u00e9cemment cr\u00e9\u00e9 par la l\u00e9gislature et le gouverneur de Floride pour servir de groupe de r\u00e9flexion ind\u00e9pendant et non partisan afin d'\u00e9tudier l'impact du gouvernement et des march\u00e9s libres sur la libert\u00e9 \u00e9conomique et la prosp\u00e9rit\u00e9 dans le monde, avec une attention particuli\u00e8re pour les \u00c9tats-Unis, l'Am\u00e9rique latine et les Cara\u00efbes.<\/p>\t\t\t\t\t\t\t\t<\/div>\n\t\t\t\t<\/div>\n\t\t\t\t\t<\/div>\n\t\t<\/div>\n\t\t\t\t\t<\/div>\n\t\t<\/section>\n\t\t\t\t<section class=\"elementor-section elementor-top-section elementor-element elementor-element-3a577b2 elementor-section-boxed elementor-section-height-default elementor-section-height-default\" data-id=\"3a577b2\" data-element_type=\"section\" data-e-type=\"section\" data-settings=\"{&quot;background_background&quot;:&quot;classic&quot;}\">\n\t\t\t\t\t\t<div class=\"elementor-container elementor-column-gap-default\">\n\t\t\t\t\t<div class=\"elementor-column elementor-col-100 elementor-top-column elementor-element elementor-element-b783469\" data-id=\"b783469\" data-element_type=\"column\" data-e-type=\"column\">\n\t\t\t<div class=\"elementor-widget-wrap elementor-element-populated\">\n\t\t\t\t\t\t<div class=\"elementor-element elementor-element-caec848 elementor-widget elementor-widget-spacer\" data-id=\"caec848\" data-element_type=\"widget\" data-e-type=\"widget\" data-widget_type=\"spacer.default\">\n\t\t\t\t<div class=\"elementor-widget-container\">\n\t\t\t\t\t\t\t<div class=\"elementor-spacer\">\n\t\t\t<div class=\"elementor-spacer-inner\"><\/div>\n\t\t<\/div>\n\t\t\t\t\t\t<\/div>\n\t\t\t\t<\/div>\n\t\t\t\t\t<\/div>\n\t\t<\/div>\n\t\t\t\t\t<\/div>\n\t\t<\/section>\n\t\t\t\t<section class=\"elementor-section elementor-top-section elementor-element elementor-element-425f52f elementor-section-boxed elementor-section-height-default elementor-section-height-default\" data-id=\"425f52f\" data-element_type=\"section\" data-e-type=\"section\">\n\t\t\t\t\t\t<div class=\"elementor-container elementor-column-gap-default\">\n\t\t\t\t\t<div class=\"elementor-column elementor-col-100 elementor-top-column elementor-element elementor-element-b2315ef\" data-id=\"b2315ef\" data-element_type=\"column\" data-e-type=\"column\">\n\t\t\t<div class=\"elementor-widget-wrap elementor-element-populated\">\n\t\t\t\t\t\t<div class=\"elementor-element elementor-element-6bf2821 elementor-widget elementor-widget-text-editor\" data-id=\"6bf2821\" data-element_type=\"widget\" data-e-type=\"widget\" data-widget_type=\"text-editor.default\">\n\t\t\t\t<div class=\"elementor-widget-container\">\n\t\t\t\t\t\t\t\t\t<span id=\"contenido-oculto\" style=\"font-size: 16px;\">. Ceapi Congress\u200b ed dui et viverra. Aliquam in auctor ante, sed congue erat. Praesent fringilla pharetra imperdiet. Us Comercial Vivamus eleifend eleifend massa, eu posuere nunc laoreet sed. Curabitur at ex sem at ex sem.\n<h6>NOW<\/h6>\nUs Comercial Fusce semper quam mattis ultrices posuere. Aliquam eu urna sed lacus convallis porttitor ut vel risus. Curabitur vel ligula id ipsum molestie consequat. Mauris vel velit ac purus viverra consequat sed quis diam. Proin elit turpis volutpat fermentum. Sed et erat ut mauris convallis egestas eget sed tellus. Sed non gravida ex, in dignissim tellus. Nullam bibendum nunc dui. Vestibulum ante ipsum primis in faucibus orci luctus et ultrices posuere cubilia curae; Nunc convallis sed lorem eget dapibus. In venenatis porttitor urna, non pellentesque tortor malesuada et. sit amet, consectetur adipiscing elit. Curabitur luctus venenatis nunc nec elementum. Fusce facilisis rhoncus ante non consequat. Duis tempor pellentesque nisi, quis volutpat eros lacinia eget. Duis lorem mi, malesuada id nisl sed, congue efficitur arcu. In iaculis turpis sed mauris fermentum ullamcorper. Proin id dapibus ante.\net, interdum convallis tellus. Fusce at tortor elementum, mollis ex non, ornare ante. Fusce malesuada,\n\nconsectetur adipiscing elit. Curabitur luctus venenatis nunc nec elementum. Fusce facilisis rhoncus e nisi, quis volutpat eros lacinia eget. Duis lorem mi, malesuada id nisl sed, congue efficitur arcu. In\n\nalso Integer lobortis scelerisque vulputate. Aliquam pretium ornare. Donec non neque eleifend, finibus erat ac, faucibus massa<\/span>\t\t\t\t\t\t\t\t<\/div>\n\t\t\t\t<\/div>\n\t\t\t\t\t<\/div>\n\t\t<\/div>\n\t\t\t\t\t<\/div>\n\t\t<\/section>\n\t\t\t\t<\/div>","protected":false},"excerpt":{"rendered":"<p>The Adam Smith Center for Economic Freedom Javier C\u00e1rdenas and other business leaders from the United States and Latin America were invited to an exclusive event organized by\u00a0the Adam Smith Center for Economic Freedom at Florida International University to discuss the critical role that free markets play in national, state, and local prosperity. The event [&hellip;]<\/p>\n","protected":false},"author":1,"featured_media":0,"parent":0,"menu_order":0,"comment_status":"closed","ping_status":"closed","template":"","meta":{"site-sidebar-layout":"no-sidebar","site-content-layout":"page-builder","ast-site-content-layout":"full-width-container","site-content-style":"unboxed","site-sidebar-style":"unboxed","ast-global-header-display":"","ast-banner-title-visibility":"","ast-main-header-display":"","ast-hfb-above-header-display":"","ast-hfb-below-header-display":"","ast-hfb-mobile-header-display":"","site-post-title":"disabled","ast-breadcrumbs-content":"","ast-featured-img":"disabled","footer-sml-layout":"","ast-disable-related-posts":"","theme-transparent-header-meta":"default","adv-header-id-meta":"","stick-header-meta":"","header-above-stick-meta":"","header-main-stick-meta":"","header-below-stick-meta":"","astra-migrate-meta-layouts":"set","ast-page-background-enabled":"default","ast-page-background-meta":{"desktop":{"background-color":"var(--ast-global-color-4)","background-image":"","background-repeat":"repeat","background-position":"center center","background-size":"auto","background-attachment":"scroll","background-type":"","background-media":"","overlay-type":"","overlay-color":"","overlay-opacity":"","overlay-gradient":""},"tablet":{"background-color":"","background-image":"","background-repeat":"repeat","background-position":"center center","background-size":"auto","background-attachment":"scroll","background-type":"","background-media":"","overlay-type":"","overlay-color":"","overlay-opacity":"","overlay-gradient":""},"mobile":{"background-color":"","background-image":"","background-repeat":"repeat","background-position":"center center","background-size":"auto","background-attachment":"scroll","background-type":"","background-media":"","overlay-type":"","overlay-color":"","overlay-opacity":"","overlay-gradient":""}},"ast-content-background-meta":{"desktop":{"background-color":"var(--ast-global-color-5)","background-image":"","background-repeat":"repeat","background-position":"center center","background-size":"auto","background-attachment":"scroll","background-type":"","background-media":"","overlay-type":"","overlay-color":"","overlay-opacity":"","overlay-gradient":""},"tablet":{"background-color":"var(--ast-global-color-5)","background-image":"","background-repeat":"repeat","background-position":"center center","background-size":"auto","background-attachment":"scroll","background-type":"","background-media":"","overlay-type":"","overlay-color":"","overlay-opacity":"","overlay-gradient":""},"mobile":{"background-color":"var(--ast-global-color-5)","background-image":"","background-repeat":"repeat","background-position":"center center","background-size":"auto","background-attachment":"scroll","background-type":"","background-media":"","overlay-type":"","overlay-color":"","overlay-opacity":"","overlay-gradient":""}},"footnotes":""},"class_list":["post-7829","page","type-page","status-publish","hentry"],"yoast_head":"<!-- This site is optimized with the Yoast SEO plugin v27.4 - https:\/\/yoast.com\/product\/yoast-seo-wordpress\/ -->\n<title>Adam Smith Center - Rhino Equipment<\/title>\n<meta name=\"description\" content=\"Adam Smith Center: Javier C\u00e1rdenas and leaders gathered at Florida International University to discuss free markets. Established by Florida\" \/>\n<meta name=\"robots\" content=\"index, follow, max-snippet:-1, max-image-preview:large, max-video-preview:-1\" \/>\n<link rel=\"canonical\" href=\"https:\/\/rhinoequipment.us\/fr\/adam-smith-center\/\" \/>\n<script type=\"application\/ld+json\" class=\"yoast-schema-graph\">{\"@context\":\"https:\\\/\\\/schema.org\",\"@graph\":[{\"@type\":\"WebPage\",\"@id\":\"https:\\\/\\\/rhinoequipment.us\\\/adam-smith-center\\\/\",\"url\":\"https:\\\/\\\/rhinoequipment.us\\\/adam-smith-center\\\/\",\"name\":\"Adam Smith Center - Rhino Equipment\",\"isPartOf\":{\"@id\":\"https:\\\/\\\/rhinoequipment.us\\\/#website\"},\"datePublished\":\"2022-09-28T16:24:05+00:00\",\"dateModified\":\"2025-02-18T15:42:27+00:00\",\"description\":\"Adam Smith Center: Javier C\u00e1rdenas and leaders gathered at Florida International University to discuss free markets. Established by Florida\",\"breadcrumb\":{\"@id\":\"https:\\\/\\\/rhinoequipment.us\\\/adam-smith-center\\\/#breadcrumb\"},\"inLanguage\":\"fr-FR\",\"potentialAction\":[{\"@type\":\"ReadAction\",\"target\":[\"https:\\\/\\\/rhinoequipment.us\\\/adam-smith-center\\\/\"]}]},{\"@type\":\"BreadcrumbList\",\"@id\":\"https:\\\/\\\/rhinoequipment.us\\\/adam-smith-center\\\/#breadcrumb\",\"itemListElement\":[{\"@type\":\"ListItem\",\"position\":1,\"name\":\"Home\",\"item\":\"https:\\\/\\\/rhinoequipment.us\\\/\"},{\"@type\":\"ListItem\",\"position\":2,\"name\":\"News41\"}]},{\"@type\":\"WebSite\",\"@id\":\"https:\\\/\\\/rhinoequipment.us\\\/#website\",\"url\":\"https:\\\/\\\/rhinoequipment.us\\\/\",\"name\":\"Rhino Equipment\",\"description\":\"Full Line of Construction Equipment\",\"publisher\":{\"@id\":\"https:\\\/\\\/rhinoequipment.us\\\/#organization\"},\"alternateName\":\"Rhino Equipment\",\"potentialAction\":[{\"@type\":\"SearchAction\",\"target\":{\"@type\":\"EntryPoint\",\"urlTemplate\":\"https:\\\/\\\/rhinoequipment.us\\\/?s={search_term_string}\"},\"query-input\":{\"@type\":\"PropertyValueSpecification\",\"valueRequired\":true,\"valueName\":\"search_term_string\"}}],\"inLanguage\":\"fr-FR\"},{\"@type\":\"Organization\",\"@id\":\"https:\\\/\\\/rhinoequipment.us\\\/#organization\",\"name\":\"Rhino Equipment\",\"url\":\"https:\\\/\\\/rhinoequipment.us\\\/\",\"logo\":{\"@type\":\"ImageObject\",\"inLanguage\":\"fr-FR\",\"@id\":\"https:\\\/\\\/rhinoequipment.us\\\/#\\\/schema\\\/logo\\\/image\\\/\",\"url\":\"https:\\\/\\\/rhinoequipment.us\\\/wp-content\\\/uploads\\\/2022\\\/06\\\/Rhino_equipment.jpg\",\"contentUrl\":\"https:\\\/\\\/rhinoequipment.us\\\/wp-content\\\/uploads\\\/2022\\\/06\\\/Rhino_equipment.jpg\",\"width\":106,\"height\":72,\"caption\":\"Rhino Equipment\"},\"image\":{\"@id\":\"https:\\\/\\\/rhinoequipment.us\\\/#\\\/schema\\\/logo\\\/image\\\/\"},\"sameAs\":[\"https:\\\/\\\/www.facebook.com\\\/RhinoEqUsa\\\/\",\"https:\\\/\\\/x.com\\\/Rhino_Eq\",\"https:\\\/\\\/www.instagram.com\\\/rhinoeq_usa\\\/\",\"https:\\\/\\\/www.youtube.com\\\/user\\\/rhinoeq\"]}]}<\/script>\n<!-- \/ Yoast SEO plugin. -->","yoast_head_json":{"title":"Adam Smith Center - Rhino Equipment","description":"Adam Smith Center: Javier C\u00e1rdenas and leaders gathered at Florida International University to discuss free markets. Established by Florida","robots":{"index":"index","follow":"follow","max-snippet":"max-snippet:-1","max-image-preview":"max-image-preview:large","max-video-preview":"max-video-preview:-1"},"canonical":"https:\/\/rhinoequipment.us\/fr\/adam-smith-center\/","schema":{"@context":"https:\/\/schema.org","@graph":[{"@type":"WebPage","@id":"https:\/\/rhinoequipment.us\/adam-smith-center\/","url":"https:\/\/rhinoequipment.us\/adam-smith-center\/","name":"Adam Smith Center - Rhino Equipment","isPartOf":{"@id":"https:\/\/rhinoequipment.us\/#website"},"datePublished":"2022-09-28T16:24:05+00:00","dateModified":"2025-02-18T15:42:27+00:00","description":"Adam Smith Center: Javier C\u00e1rdenas and leaders gathered at Florida International University to discuss free markets. Established by Florida","breadcrumb":{"@id":"https:\/\/rhinoequipment.us\/adam-smith-center\/#breadcrumb"},"inLanguage":"fr-FR","potentialAction":[{"@type":"ReadAction","target":["https:\/\/rhinoequipment.us\/adam-smith-center\/"]}]},{"@type":"BreadcrumbList","@id":"https:\/\/rhinoequipment.us\/adam-smith-center\/#breadcrumb","itemListElement":[{"@type":"ListItem","position":1,"name":"Home","item":"https:\/\/rhinoequipment.us\/"},{"@type":"ListItem","position":2,"name":"News41"}]},{"@type":"WebSite","@id":"https:\/\/rhinoequipment.us\/#website","url":"https:\/\/rhinoequipment.us\/","name":"\u00c9quipement de Rhino","description":"Full Line of Construction Equipment","publisher":{"@id":"https:\/\/rhinoequipment.us\/#organization"},"alternateName":"Rhino Equipment","potentialAction":[{"@type":"SearchAction","target":{"@type":"EntryPoint","urlTemplate":"https:\/\/rhinoequipment.us\/?s={search_term_string}"},"query-input":{"@type":"PropertyValueSpecification","valueRequired":true,"valueName":"search_term_string"}}],"inLanguage":"fr-FR"},{"@type":"Organization","@id":"https:\/\/rhinoequipment.us\/#organization","name":"\u00c9quipement de Rhino","url":"https:\/\/rhinoequipment.us\/","logo":{"@type":"ImageObject","inLanguage":"fr-FR","@id":"https:\/\/rhinoequipment.us\/#\/schema\/logo\/image\/","url":"https:\/\/rhinoequipment.us\/wp-content\/uploads\/2022\/06\/Rhino_equipment.jpg","contentUrl":"https:\/\/rhinoequipment.us\/wp-content\/uploads\/2022\/06\/Rhino_equipment.jpg","width":106,"height":72,"caption":"Rhino Equipment"},"image":{"@id":"https:\/\/rhinoequipment.us\/#\/schema\/logo\/image\/"},"sameAs":["https:\/\/www.facebook.com\/RhinoEqUsa\/","https:\/\/x.com\/Rhino_Eq","https:\/\/www.instagram.com\/rhinoeq_usa\/","https:\/\/www.youtube.com\/user\/rhinoeq"]}]}},"_links":{"self":[{"href":"https:\/\/rhinoequipment.us\/fr\/wp-json\/wp\/v2\/pages\/7829","targetHints":{"allow":["GET"]}}],"collection":[{"href":"https:\/\/rhinoequipment.us\/fr\/wp-json\/wp\/v2\/pages"}],"about":[{"href":"https:\/\/rhinoequipment.us\/fr\/wp-json\/wp\/v2\/types\/page"}],"author":[{"embeddable":true,"href":"https:\/\/rhinoequipment.us\/fr\/wp-json\/wp\/v2\/users\/1"}],"replies":[{"embeddable":true,"href":"https:\/\/rhinoequipment.us\/fr\/wp-json\/wp\/v2\/comments?post=7829"}],"version-history":[{"count":5,"href":"https:\/\/rhinoequipment.us\/fr\/wp-json\/wp\/v2\/pages\/7829\/revisions"}],"predecessor-version":[{"id":24784,"href":"https:\/\/rhinoequipment.us\/fr\/wp-json\/wp\/v2\/pages\/7829\/revisions\/24784"}],"wp:attachment":[{"href":"https:\/\/rhinoequipment.us\/fr\/wp-json\/wp\/v2\/media?parent=7829"}],"curies":[{"name":"wp","href":"https:\/\/api.w.org\/{rel}","templated":true}]}}