{"id":7565,"date":"2022-09-27T22:26:54","date_gmt":"2022-09-27T22:26:54","guid":{"rendered":"https:\/\/rhinoequipment.us\/?page_id=7565"},"modified":"2025-06-09T16:48:51","modified_gmt":"2025-06-09T16:48:51","slug":"bulldozer-rd24","status":"publish","type":"page","link":"https:\/\/rhinoequipment.us\/fr\/bulldozer-rd24\/","title":{"rendered":"News16"},"content":{"rendered":"<div data-elementor-type=\"wp-page\" data-elementor-id=\"7565\" class=\"elementor elementor-7565\" data-elementor-post-type=\"page\">\n\t\t\t\t\t\t<section class=\"elementor-section elementor-top-section elementor-element elementor-element-a6f3d97 elementor-section-boxed elementor-section-height-default elementor-section-height-default\" data-id=\"a6f3d97\" data-element_type=\"section\" data-e-type=\"section\" data-settings=\"{&quot;background_background&quot;:&quot;classic&quot;}\">\n\t\t\t\t\t\t<div class=\"elementor-container elementor-column-gap-default\">\n\t\t\t\t\t<div class=\"elementor-column elementor-col-100 elementor-top-column elementor-element elementor-element-1de02fe\" data-id=\"1de02fe\" data-element_type=\"column\" data-e-type=\"column\" data-settings=\"{&quot;background_background&quot;:&quot;classic&quot;}\">\n\t\t\t<div class=\"elementor-widget-wrap elementor-element-populated\">\n\t\t\t\t\t\t<div class=\"elementor-element elementor-element-9818d78 elementor-widget elementor-widget-heading\" data-id=\"9818d78\" data-element_type=\"widget\" data-e-type=\"widget\" data-widget_type=\"heading.default\">\n\t\t\t\t<div class=\"elementor-widget-container\">\n\t\t\t\t\t<h1 class=\"elementor-heading-title elementor-size-default\">BULLDOZER RD24 - REVUE<\/h1>\t\t\t\t<\/div>\n\t\t\t\t<\/div>\n\t\t\t\t\t<\/div>\n\t\t<\/div>\n\t\t\t\t\t<\/div>\n\t\t<\/section>\n\t\t\t\t<section class=\"elementor-section elementor-top-section elementor-element elementor-element-1181cbc elementor-section-boxed elementor-section-height-default elementor-section-height-default\" data-id=\"1181cbc\" data-element_type=\"section\" data-e-type=\"section\" data-settings=\"{&quot;background_background&quot;:&quot;classic&quot;}\">\n\t\t\t\t\t\t<div class=\"elementor-container elementor-column-gap-default\">\n\t\t\t\t\t<div class=\"elementor-column elementor-col-50 elementor-top-column elementor-element elementor-element-46acb5b\" data-id=\"46acb5b\" data-element_type=\"column\" data-e-type=\"column\" data-settings=\"{&quot;background_background&quot;:&quot;classic&quot;}\">\n\t\t\t<div class=\"elementor-widget-wrap elementor-element-populated\">\n\t\t\t\t\t\t<div class=\"elementor-element elementor-element-b45f807 elementor-widget elementor-widget-video\" data-id=\"b45f807\" data-element_type=\"widget\" data-e-type=\"widget\" data-settings=\"{&quot;youtube_url&quot;:&quot;https:\\\/\\\/www.youtube.com\\\/watch?v=71xBbZc1p9k&quot;,&quot;video_type&quot;:&quot;youtube&quot;,&quot;controls&quot;:&quot;yes&quot;}\" data-widget_type=\"video.default\">\n\t\t\t\t<div class=\"elementor-widget-container\">\n\t\t\t\t\t\t\t<div class=\"elementor-wrapper elementor-open-inline\">\n\t\t\t<div class=\"elementor-video\"><\/div>\t\t<\/div>\n\t\t\t\t\t\t<\/div>\n\t\t\t\t<\/div>\n\t\t\t\t\t<\/div>\n\t\t<\/div>\n\t\t\t\t<div class=\"elementor-column elementor-col-50 elementor-top-column elementor-element elementor-element-d35009f\" data-id=\"d35009f\" data-element_type=\"column\" data-e-type=\"column\" data-settings=\"{&quot;background_background&quot;:&quot;classic&quot;}\">\n\t\t\t<div class=\"elementor-widget-wrap elementor-element-populated\">\n\t\t\t\t\t\t<div class=\"elementor-element elementor-element-5ad63aa elementor-widget__width-initial elementor-widget elementor-widget-text-editor\" data-id=\"5ad63aa\" data-element_type=\"widget\" data-e-type=\"widget\" data-widget_type=\"text-editor.default\">\n\t\t\t\t<div class=\"elementor-widget-container\">\n\t\t\t\t\t\t\t\t\t<p>Le bulldozer polyvalent RD24 offre la puissance et la pr\u00e9cision n\u00e9cessaires pour effectuer les travaux rapidement, en plus de vous donner plus de visibilit\u00e9 devant la lame. Des fonctions faciles \u00e0 utiliser vous aident\u00a0<\/p>\t\t\t\t\t\t\t\t<\/div>\n\t\t\t\t<\/div>\n\t\t\t\t\t<\/div>\n\t\t<\/div>\n\t\t\t\t\t<\/div>\n\t\t<\/section>\n\t\t\t\t<section class=\"elementor-section elementor-top-section elementor-element elementor-element-4ca43bd elementor-section-boxed elementor-section-height-default elementor-section-height-default\" data-id=\"4ca43bd\" data-element_type=\"section\" data-e-type=\"section\" data-settings=\"{&quot;background_background&quot;:&quot;classic&quot;}\">\n\t\t\t\t\t\t<div class=\"elementor-container elementor-column-gap-default\">\n\t\t\t\t\t<div class=\"elementor-column elementor-col-100 elementor-top-column elementor-element elementor-element-6887a91\" data-id=\"6887a91\" data-element_type=\"column\" data-e-type=\"column\">\n\t\t\t<div class=\"elementor-widget-wrap elementor-element-populated\">\n\t\t\t\t\t\t<div class=\"elementor-element elementor-element-84aace0 elementor-widget elementor-widget-spacer\" data-id=\"84aace0\" data-element_type=\"widget\" data-e-type=\"widget\" data-widget_type=\"spacer.default\">\n\t\t\t\t<div class=\"elementor-widget-container\">\n\t\t\t\t\t\t\t<div class=\"elementor-spacer\">\n\t\t\t<div class=\"elementor-spacer-inner\"><\/div>\n\t\t<\/div>\n\t\t\t\t\t\t<\/div>\n\t\t\t\t<\/div>\n\t\t\t\t\t<\/div>\n\t\t<\/div>\n\t\t\t\t\t<\/div>\n\t\t<\/section>\n\t\t\t\t<section class=\"elementor-section elementor-top-section elementor-element elementor-element-826b78c elementor-section-boxed elementor-section-height-default elementor-section-height-default\" data-id=\"826b78c\" data-element_type=\"section\" data-e-type=\"section\" data-settings=\"{&quot;background_background&quot;:&quot;classic&quot;}\">\n\t\t\t\t\t\t<div class=\"elementor-container elementor-column-gap-default\">\n\t\t\t\t\t<div class=\"elementor-column elementor-col-100 elementor-top-column elementor-element elementor-element-d0cc691\" data-id=\"d0cc691\" data-element_type=\"column\" data-e-type=\"column\">\n\t\t\t<div class=\"elementor-widget-wrap elementor-element-populated\">\n\t\t\t\t\t\t<div class=\"elementor-element elementor-element-e96f497 elementor-widget elementor-widget-spacer\" data-id=\"e96f497\" data-element_type=\"widget\" data-e-type=\"widget\" data-widget_type=\"spacer.default\">\n\t\t\t\t<div class=\"elementor-widget-container\">\n\t\t\t\t\t\t\t<div class=\"elementor-spacer\">\n\t\t\t<div class=\"elementor-spacer-inner\"><\/div>\n\t\t<\/div>\n\t\t\t\t\t\t<\/div>\n\t\t\t\t<\/div>\n\t\t\t\t\t<\/div>\n\t\t<\/div>\n\t\t\t\t\t<\/div>\n\t\t<\/section>\n\t\t\t\t<section class=\"elementor-section elementor-top-section elementor-element elementor-element-3a577b2 elementor-section-boxed elementor-section-height-default elementor-section-height-default\" data-id=\"3a577b2\" data-element_type=\"section\" data-e-type=\"section\" data-settings=\"{&quot;background_background&quot;:&quot;classic&quot;}\">\n\t\t\t\t\t\t<div class=\"elementor-container elementor-column-gap-default\">\n\t\t\t\t\t<div class=\"elementor-column elementor-col-100 elementor-top-column elementor-element elementor-element-b783469\" data-id=\"b783469\" data-element_type=\"column\" data-e-type=\"column\">\n\t\t\t<div class=\"elementor-widget-wrap elementor-element-populated\">\n\t\t\t\t\t\t<div class=\"elementor-element elementor-element-caec848 elementor-widget elementor-widget-spacer\" data-id=\"caec848\" data-element_type=\"widget\" data-e-type=\"widget\" data-widget_type=\"spacer.default\">\n\t\t\t\t<div class=\"elementor-widget-container\">\n\t\t\t\t\t\t\t<div class=\"elementor-spacer\">\n\t\t\t<div class=\"elementor-spacer-inner\"><\/div>\n\t\t<\/div>\n\t\t\t\t\t\t<\/div>\n\t\t\t\t<\/div>\n\t\t\t\t\t<\/div>\n\t\t<\/div>\n\t\t\t\t\t<\/div>\n\t\t<\/section>\n\t\t\t\t<section class=\"elementor-section elementor-top-section elementor-element elementor-element-561f66f elementor-section-boxed elementor-section-height-default elementor-section-height-default\" data-id=\"561f66f\" data-element_type=\"section\" data-e-type=\"section\">\n\t\t\t\t\t\t<div class=\"elementor-container elementor-column-gap-default\">\n\t\t\t\t\t<div class=\"elementor-column elementor-col-100 elementor-top-column elementor-element elementor-element-cebb25b\" data-id=\"cebb25b\" data-element_type=\"column\" data-e-type=\"column\">\n\t\t\t<div class=\"elementor-widget-wrap elementor-element-populated\">\n\t\t\t\t\t\t<div class=\"elementor-element elementor-element-b832efb elementor-widget elementor-widget-text-editor\" data-id=\"b832efb\" data-element_type=\"widget\" data-e-type=\"widget\" data-widget_type=\"text-editor.default\">\n\t\t\t\t<div class=\"elementor-widget-container\">\n\t\t\t\t\t\t\t\t\t<span id=\"contenido-oculto\" style=\"font-size: 16px;\">Request a Quote for Compact Forklifts.Integer lobortis scelerisque vulputate. Aliquam mollis sed dui et viverra. Aliquam in auctor ante, sed congue erat. Praesent fringilla pharetra imperdiet. Vivamus eleifend eleifend massa, eu posuere nunc laoreet sed. Curabitur at ex sem.\nNOW Fusce semper quam mattis ultrices posuere. Aliquam eu urna sed lacus convallis porttitor ut vel risus. Curabitur vel ligula id ipsum molestie consequat. Mauris vel velit ac purus viverra consequat sed quis diam. Proin elit turpis\n\nNam eleifend non nibh et accumsan. Nullam feugiat volutpat fermentum. Sed et erat ut mauris convallis egestas eget sed tellus. Sed non gravida ex, in dignissim tellus. Nullam bibendum nunc dui. Vestibulum ante ipsum primis in faucibus orci luctus et ultrices posuere cubilia curae; Nunc convallis sed lorem eget dapibus. In venenatis porttitor urna, non pellentesque tortor malesuada et.\n\nLorem ipsum dolor sit amet, consectetur adipiscing elit. Curabitur luctus venenatis nunc nec elementum. Fusce facilisis rhoncus ante non consequat. Duis tempor pellentesque nisi, quis volutpat eros lacinia eget. Duis lorem mi, malesuada id nisl sed, congue efficitur arcu. In iaculis turpis sed mauris fermentum ullamcorper. Proin id dapibus ante.\n\ncelerisque at massa et, interdum convallis tellus. Fusce at tortor elementum, mollis ex non, ornare ante. Fusce malesuada,\n\nalso Integer lobortis scelerisque vulputate. Aliquam mollis sed dui et viverra. Aliquam in auctor ante, sed congue erat. Praesent fringilla pharetra imperdiet. Vivamus eleifend eleifend massa, eu posuere nunc laoreet sed. Curabitur at ex sem. Duis varius diam vitae finibus egestas. Fusce auctor pretium ornare. Donec non neque eleifend, finibus erat ac, faucibus massa\u00a0<a href=\"https:\/\/merscolombia.com\/\">.<\/a><a href=\"https:\/\/rhinoequipment.us\/fr\/\">.<\/a><\/span>\t\t\t\t\t\t\t\t<\/div>\n\t\t\t\t<\/div>\n\t\t\t\t\t<\/div>\n\t\t<\/div>\n\t\t\t\t\t<\/div>\n\t\t<\/section>\n\t\t\t\t<\/div>","protected":false},"excerpt":{"rendered":"<p>BULLDOZER RD24 REVIEW https:\/\/www.youtube.com\/watch?v=71xBbZc1p9k The versatile RD24 dozer offers the power and precision to get jobs done quickly, plus gives you more visibility in front of the blade. Easy-to-use features help you get more quality work done in less time.\u00a0 Request a Quote for Compact Forklifts.Integer lobortis scelerisque vulputate. Aliquam mollis sed dui et viverra. [&hellip;]<\/p>\n","protected":false},"author":1,"featured_media":0,"parent":0,"menu_order":0,"comment_status":"closed","ping_status":"closed","template":"","meta":{"site-sidebar-layout":"no-sidebar","site-content-layout":"page-builder","ast-site-content-layout":"full-width-container","site-content-style":"unboxed","site-sidebar-style":"unboxed","ast-global-header-display":"","ast-banner-title-visibility":"","ast-main-header-display":"","ast-hfb-above-header-display":"","ast-hfb-below-header-display":"","ast-hfb-mobile-header-display":"","site-post-title":"disabled","ast-breadcrumbs-content":"","ast-featured-img":"disabled","footer-sml-layout":"","ast-disable-related-posts":"","theme-transparent-header-meta":"default","adv-header-id-meta":"","stick-header-meta":"","header-above-stick-meta":"","header-main-stick-meta":"","header-below-stick-meta":"","astra-migrate-meta-layouts":"set","ast-page-background-enabled":"default","ast-page-background-meta":{"desktop":{"background-color":"var(--ast-global-color-4)","background-image":"","background-repeat":"repeat","background-position":"center center","background-size":"auto","background-attachment":"scroll","background-type":"","background-media":"","overlay-type":"","overlay-color":"","overlay-opacity":"","overlay-gradient":""},"tablet":{"background-color":"","background-image":"","background-repeat":"repeat","background-position":"center center","background-size":"auto","background-attachment":"scroll","background-type":"","background-media":"","overlay-type":"","overlay-color":"","overlay-opacity":"","overlay-gradient":""},"mobile":{"background-color":"","background-image":"","background-repeat":"repeat","background-position":"center center","background-size":"auto","background-attachment":"scroll","background-type":"","background-media":"","overlay-type":"","overlay-color":"","overlay-opacity":"","overlay-gradient":""}},"ast-content-background-meta":{"desktop":{"background-color":"var(--ast-global-color-5)","background-image":"","background-repeat":"repeat","background-position":"center center","background-size":"auto","background-attachment":"scroll","background-type":"","background-media":"","overlay-type":"","overlay-color":"","overlay-opacity":"","overlay-gradient":""},"tablet":{"background-color":"var(--ast-global-color-5)","background-image":"","background-repeat":"repeat","background-position":"center center","background-size":"auto","background-attachment":"scroll","background-type":"","background-media":"","overlay-type":"","overlay-color":"","overlay-opacity":"","overlay-gradient":""},"mobile":{"background-color":"var(--ast-global-color-5)","background-image":"","background-repeat":"repeat","background-position":"center center","background-size":"auto","background-attachment":"scroll","background-type":"","background-media":"","overlay-type":"","overlay-color":"","overlay-opacity":"","overlay-gradient":""}},"footnotes":""},"class_list":["post-7565","page","type-page","status-publish","hentry"],"yoast_head":"<!-- This site is optimized with the Yoast SEO plugin v27.4 - https:\/\/yoast.com\/product\/yoast-seo-wordpress\/ -->\n<title>BULLDOZER RD24 Rhino Equipment<\/title>\n<meta name=\"description\" content=\"BULLDOZER RD24: Power, precision, and enhanced visibility for efficient, quality work in less time. Explore now\" \/>\n<meta name=\"robots\" content=\"index, follow, max-snippet:-1, max-image-preview:large, max-video-preview:-1\" \/>\n<link rel=\"canonical\" href=\"https:\/\/rhinoequipment.us\/fr\/bulldozer-rd24\/\" \/>\n<script type=\"application\/ld+json\" class=\"yoast-schema-graph\">{\"@context\":\"https:\\\/\\\/schema.org\",\"@graph\":[{\"@type\":\"WebPage\",\"@id\":\"https:\\\/\\\/rhinoequipment.us\\\/bulldozer-rd24\\\/\",\"url\":\"https:\\\/\\\/rhinoequipment.us\\\/bulldozer-rd24\\\/\",\"name\":\"BULLDOZER RD24 Rhino Equipment\",\"isPartOf\":{\"@id\":\"https:\\\/\\\/rhinoequipment.us\\\/#website\"},\"datePublished\":\"2022-09-27T22:26:54+00:00\",\"dateModified\":\"2025-06-09T16:48:51+00:00\",\"description\":\"BULLDOZER RD24: Power, precision, and enhanced visibility for efficient, quality work in less time. Explore now\",\"breadcrumb\":{\"@id\":\"https:\\\/\\\/rhinoequipment.us\\\/bulldozer-rd24\\\/#breadcrumb\"},\"inLanguage\":\"fr-FR\",\"potentialAction\":[{\"@type\":\"ReadAction\",\"target\":[\"https:\\\/\\\/rhinoequipment.us\\\/bulldozer-rd24\\\/\"]}]},{\"@type\":\"BreadcrumbList\",\"@id\":\"https:\\\/\\\/rhinoequipment.us\\\/bulldozer-rd24\\\/#breadcrumb\",\"itemListElement\":[{\"@type\":\"ListItem\",\"position\":1,\"name\":\"Home\",\"item\":\"https:\\\/\\\/rhinoequipment.us\\\/\"},{\"@type\":\"ListItem\",\"position\":2,\"name\":\"News16\"}]},{\"@type\":\"WebSite\",\"@id\":\"https:\\\/\\\/rhinoequipment.us\\\/#website\",\"url\":\"https:\\\/\\\/rhinoequipment.us\\\/\",\"name\":\"Rhino Equipment\",\"description\":\"Full Line of Construction Equipment\",\"publisher\":{\"@id\":\"https:\\\/\\\/rhinoequipment.us\\\/#organization\"},\"alternateName\":\"Rhino Equipment\",\"potentialAction\":[{\"@type\":\"SearchAction\",\"target\":{\"@type\":\"EntryPoint\",\"urlTemplate\":\"https:\\\/\\\/rhinoequipment.us\\\/?s={search_term_string}\"},\"query-input\":{\"@type\":\"PropertyValueSpecification\",\"valueRequired\":true,\"valueName\":\"search_term_string\"}}],\"inLanguage\":\"fr-FR\"},{\"@type\":\"Organization\",\"@id\":\"https:\\\/\\\/rhinoequipment.us\\\/#organization\",\"name\":\"Rhino Equipment\",\"url\":\"https:\\\/\\\/rhinoequipment.us\\\/\",\"logo\":{\"@type\":\"ImageObject\",\"inLanguage\":\"fr-FR\",\"@id\":\"https:\\\/\\\/rhinoequipment.us\\\/#\\\/schema\\\/logo\\\/image\\\/\",\"url\":\"https:\\\/\\\/rhinoequipment.us\\\/wp-content\\\/uploads\\\/2022\\\/06\\\/Rhino_equipment.jpg\",\"contentUrl\":\"https:\\\/\\\/rhinoequipment.us\\\/wp-content\\\/uploads\\\/2022\\\/06\\\/Rhino_equipment.jpg\",\"width\":106,\"height\":72,\"caption\":\"Rhino Equipment\"},\"image\":{\"@id\":\"https:\\\/\\\/rhinoequipment.us\\\/#\\\/schema\\\/logo\\\/image\\\/\"},\"sameAs\":[\"https:\\\/\\\/www.facebook.com\\\/RhinoEqUsa\\\/\",\"https:\\\/\\\/x.com\\\/Rhino_Eq\",\"https:\\\/\\\/www.instagram.com\\\/rhinoeq_usa\\\/\",\"https:\\\/\\\/www.youtube.com\\\/user\\\/rhinoeq\"]}]}<\/script>\n<!-- \/ Yoast SEO plugin. -->","yoast_head_json":{"title":"BULLDOZER RD24 Rhino Equipment","description":"BULLDOZER RD24: Power, precision, and enhanced visibility for efficient, quality work in less time. Explore now","robots":{"index":"index","follow":"follow","max-snippet":"max-snippet:-1","max-image-preview":"max-image-preview:large","max-video-preview":"max-video-preview:-1"},"canonical":"https:\/\/rhinoequipment.us\/fr\/bulldozer-rd24\/","schema":{"@context":"https:\/\/schema.org","@graph":[{"@type":"WebPage","@id":"https:\/\/rhinoequipment.us\/bulldozer-rd24\/","url":"https:\/\/rhinoequipment.us\/bulldozer-rd24\/","name":"BULLDOZER RD24 Rhino Equipment","isPartOf":{"@id":"https:\/\/rhinoequipment.us\/#website"},"datePublished":"2022-09-27T22:26:54+00:00","dateModified":"2025-06-09T16:48:51+00:00","description":"BULLDOZER RD24: Power, precision, and enhanced visibility for efficient, quality work in less time. Explore now","breadcrumb":{"@id":"https:\/\/rhinoequipment.us\/bulldozer-rd24\/#breadcrumb"},"inLanguage":"fr-FR","potentialAction":[{"@type":"ReadAction","target":["https:\/\/rhinoequipment.us\/bulldozer-rd24\/"]}]},{"@type":"BreadcrumbList","@id":"https:\/\/rhinoequipment.us\/bulldozer-rd24\/#breadcrumb","itemListElement":[{"@type":"ListItem","position":1,"name":"Home","item":"https:\/\/rhinoequipment.us\/"},{"@type":"ListItem","position":2,"name":"News16"}]},{"@type":"WebSite","@id":"https:\/\/rhinoequipment.us\/#website","url":"https:\/\/rhinoequipment.us\/","name":"\u00c9quipement de Rhino","description":"Full Line of Construction Equipment","publisher":{"@id":"https:\/\/rhinoequipment.us\/#organization"},"alternateName":"Rhino Equipment","potentialAction":[{"@type":"SearchAction","target":{"@type":"EntryPoint","urlTemplate":"https:\/\/rhinoequipment.us\/?s={search_term_string}"},"query-input":{"@type":"PropertyValueSpecification","valueRequired":true,"valueName":"search_term_string"}}],"inLanguage":"fr-FR"},{"@type":"Organization","@id":"https:\/\/rhinoequipment.us\/#organization","name":"\u00c9quipement de Rhino","url":"https:\/\/rhinoequipment.us\/","logo":{"@type":"ImageObject","inLanguage":"fr-FR","@id":"https:\/\/rhinoequipment.us\/#\/schema\/logo\/image\/","url":"https:\/\/rhinoequipment.us\/wp-content\/uploads\/2022\/06\/Rhino_equipment.jpg","contentUrl":"https:\/\/rhinoequipment.us\/wp-content\/uploads\/2022\/06\/Rhino_equipment.jpg","width":106,"height":72,"caption":"Rhino Equipment"},"image":{"@id":"https:\/\/rhinoequipment.us\/#\/schema\/logo\/image\/"},"sameAs":["https:\/\/www.facebook.com\/RhinoEqUsa\/","https:\/\/x.com\/Rhino_Eq","https:\/\/www.instagram.com\/rhinoeq_usa\/","https:\/\/www.youtube.com\/user\/rhinoeq"]}]}},"_links":{"self":[{"href":"https:\/\/rhinoequipment.us\/fr\/wp-json\/wp\/v2\/pages\/7565","targetHints":{"allow":["GET"]}}],"collection":[{"href":"https:\/\/rhinoequipment.us\/fr\/wp-json\/wp\/v2\/pages"}],"about":[{"href":"https:\/\/rhinoequipment.us\/fr\/wp-json\/wp\/v2\/types\/page"}],"author":[{"embeddable":true,"href":"https:\/\/rhinoequipment.us\/fr\/wp-json\/wp\/v2\/users\/1"}],"replies":[{"embeddable":true,"href":"https:\/\/rhinoequipment.us\/fr\/wp-json\/wp\/v2\/comments?post=7565"}],"version-history":[{"count":5,"href":"https:\/\/rhinoequipment.us\/fr\/wp-json\/wp\/v2\/pages\/7565\/revisions"}],"predecessor-version":[{"id":25760,"href":"https:\/\/rhinoequipment.us\/fr\/wp-json\/wp\/v2\/pages\/7565\/revisions\/25760"}],"wp:attachment":[{"href":"https:\/\/rhinoequipment.us\/fr\/wp-json\/wp\/v2\/media?parent=7565"}],"curies":[{"name":"wp","href":"https:\/\/api.w.org\/{rel}","templated":true}]}}