{"id":24757,"date":"2025-02-17T16:24:18","date_gmt":"2025-02-17T16:24:18","guid":{"rendered":"https:\/\/rhinoequipment.us\/?page_id=24757"},"modified":"2025-06-09T19:17:11","modified_gmt":"2025-06-09T19:17:11","slug":"news-59","status":"publish","type":"page","link":"https:\/\/rhinoequipment.us\/fr\/news-59\/","title":{"rendered":"News 59"},"content":{"rendered":"<div data-elementor-type=\"wp-page\" data-elementor-id=\"24757\" class=\"elementor elementor-24757\" data-elementor-post-type=\"page\">\n\t\t\t\t\t\t<section class=\"elementor-section elementor-top-section elementor-element elementor-element-87d1899 elementor-section-boxed elementor-section-height-default elementor-section-height-default\" data-id=\"87d1899\" data-element_type=\"section\" data-e-type=\"section\" data-settings=\"{&quot;background_background&quot;:&quot;classic&quot;}\">\n\t\t\t\t\t\t<div class=\"elementor-container elementor-column-gap-default\">\n\t\t\t\t\t<div class=\"elementor-column elementor-col-100 elementor-top-column elementor-element elementor-element-9dc08e9\" data-id=\"9dc08e9\" data-element_type=\"column\" data-e-type=\"column\">\n\t\t\t<div class=\"elementor-widget-wrap elementor-element-populated\">\n\t\t\t\t\t\t<div class=\"elementor-element elementor-element-c167e7b elementor-widget elementor-widget-heading\" data-id=\"c167e7b\" data-element_type=\"widget\" data-e-type=\"widget\" data-widget_type=\"heading.default\">\n\t\t\t\t<div class=\"elementor-widget-container\">\n\t\t\t\t\t<h2 class=\"elementor-heading-title elementor-size-default\">Rhino\u00ae REX450 Excavator: Revolutionizing Efficiency and Power<\/h2>\t\t\t\t<\/div>\n\t\t\t\t<\/div>\n\t\t\t\t\t<\/div>\n\t\t<\/div>\n\t\t\t\t\t<\/div>\n\t\t<\/section>\n\t\t\t\t<section class=\"elementor-section elementor-top-section elementor-element elementor-element-488f268 elementor-section-boxed elementor-section-height-default elementor-section-height-default\" data-id=\"488f268\" data-element_type=\"section\" data-e-type=\"section\" data-settings=\"{&quot;background_background&quot;:&quot;classic&quot;}\">\n\t\t\t\t\t\t<div class=\"elementor-container elementor-column-gap-default\">\n\t\t\t\t\t<div class=\"elementor-column elementor-col-50 elementor-top-column elementor-element elementor-element-8e4eb61\" data-id=\"8e4eb61\" data-element_type=\"column\" data-e-type=\"column\" data-settings=\"{&quot;background_background&quot;:&quot;classic&quot;}\">\n\t\t\t<div class=\"elementor-widget-wrap elementor-element-populated\">\n\t\t\t\t\t\t<div class=\"elementor-element elementor-element-546f472 elementor-widget elementor-widget-spacer\" data-id=\"546f472\" data-element_type=\"widget\" data-e-type=\"widget\" data-widget_type=\"spacer.default\">\n\t\t\t\t<div class=\"elementor-widget-container\">\n\t\t\t\t\t\t\t<div class=\"elementor-spacer\">\n\t\t\t<div class=\"elementor-spacer-inner\"><\/div>\n\t\t<\/div>\n\t\t\t\t\t\t<\/div>\n\t\t\t\t<\/div>\n\t\t\t\t<div class=\"elementor-element elementor-element-9ae53a8 elementor-widget elementor-widget-text-editor\" data-id=\"9ae53a8\" data-element_type=\"widget\" data-e-type=\"widget\" data-widget_type=\"text-editor.default\">\n\t\t\t\t<div class=\"elementor-widget-container\">\n\t\t\t\t\t\t\t\t\t<p>Rhino\u00ae&#8217;s latest innovation, the REX450 excavator, sets a new standard in heavy machinery. Designed to exceed operators&#8217; and contractors&#8217; expectations, this machine boasts unparalleled power, efficiency and comfort.<\/p><p><strong>P<\/strong><b>rincipaux avantages concurrentiels<\/b><\/p><p>1. <b>Puissance et efficacit\u00e9<\/b> Le moteur de 251 kW (337 CV) surpasse ceux de Caterpillar, Komatsu et John Deere.<\/p><p>2. <b>Hydraulique avanc\u00e9e:<\/b> Le syst\u00e8me am\u00e9lior\u00e9 assure des mouvements pr\u00e9cis et rapides.<\/p><p>3. <b>Capacit\u00e9 de creusement plus profonde:<\/b> Atteint 7 810 mm (25,6 pieds), surpassant les mod\u00e8les similaires.<\/p><p>4.<b> Poids en ordre de marche:<\/b> 45 800 kg (100 972 livres) pour divers projets.<\/p><p>5. <b>Conception ergonomique:<\/b> Conception intuitive pour r\u00e9duire la fatigue de l'op\u00e9rateur.<\/p>\t\t\t\t\t\t\t\t<\/div>\n\t\t\t\t<\/div>\n\t\t\t\t\t<\/div>\n\t\t<\/div>\n\t\t\t\t<div class=\"elementor-column elementor-col-50 elementor-top-column elementor-element elementor-element-ce301e0\" data-id=\"ce301e0\" data-element_type=\"column\" data-e-type=\"column\" data-settings=\"{&quot;background_background&quot;:&quot;classic&quot;}\">\n\t\t\t<div class=\"elementor-widget-wrap elementor-element-populated\">\n\t\t\t\t\t\t<div class=\"elementor-element elementor-element-ded7991 elementor-widget elementor-widget-image\" data-id=\"ded7991\" data-element_type=\"widget\" data-e-type=\"widget\" data-widget_type=\"image.default\">\n\t\t\t\t<div class=\"elementor-widget-container\">\n\t\t\t\t\t\t\t\t\t\t\t\t\t\t\t<img fetchpriority=\"high\" decoding=\"async\" width=\"1003\" height=\"1024\" src=\"https:\/\/rhinoequipment.us\/wp-content\/uploads\/2024\/11\/WhatsApp-Image-2024-11-01-at-19.40.18-scaled-e1730514038845-1003x1024.jpeg\" class=\"attachment-large size-large wp-image-23122\" alt=\"\" srcset=\"https:\/\/rhinoequipment.us\/wp-content\/uploads\/2024\/11\/WhatsApp-Image-2024-11-01-at-19.40.18-scaled-e1730514038845-1003x1024.jpeg 1003w, https:\/\/rhinoequipment.us\/wp-content\/uploads\/2024\/11\/WhatsApp-Image-2024-11-01-at-19.40.18-scaled-e1730514038845-294x300.jpeg 294w, https:\/\/rhinoequipment.us\/wp-content\/uploads\/2024\/11\/WhatsApp-Image-2024-11-01-at-19.40.18-scaled-e1730514038845-768x784.jpeg 768w, https:\/\/rhinoequipment.us\/wp-content\/uploads\/2024\/11\/WhatsApp-Image-2024-11-01-at-19.40.18-scaled-e1730514038845-1504x1536.jpeg 1504w, https:\/\/rhinoequipment.us\/wp-content\/uploads\/2024\/11\/WhatsApp-Image-2024-11-01-at-19.40.18-scaled-e1730514038845-12x12.jpeg 12w, https:\/\/rhinoequipment.us\/wp-content\/uploads\/2024\/11\/WhatsApp-Image-2024-11-01-at-19.40.18-scaled-e1730514038845.jpeg 1880w\" sizes=\"(max-width: 1003px) 100vw, 1003px\" \/>\t\t\t\t\t\t\t\t\t\t\t\t\t\t\t<\/div>\n\t\t\t\t<\/div>\n\t\t\t\t\t<\/div>\n\t\t<\/div>\n\t\t\t\t\t<\/div>\n\t\t<\/section>\n\t\t\t\t<section class=\"elementor-section elementor-top-section elementor-element elementor-element-a9d779f elementor-section-boxed elementor-section-height-default elementor-section-height-default\" data-id=\"a9d779f\" data-element_type=\"section\" data-e-type=\"section\" data-settings=\"{&quot;background_background&quot;:&quot;classic&quot;}\">\n\t\t\t\t\t\t\t<div class=\"elementor-background-overlay\"><\/div>\n\t\t\t\t\t\t\t<div class=\"elementor-container elementor-column-gap-default\">\n\t\t\t\t\t<div class=\"elementor-column elementor-col-50 elementor-top-column elementor-element elementor-element-8e30ad5\" data-id=\"8e30ad5\" data-element_type=\"column\" data-e-type=\"column\" data-settings=\"{&quot;background_background&quot;:&quot;classic&quot;}\">\n\t\t\t<div class=\"elementor-widget-wrap elementor-element-populated\">\n\t\t\t\t\t\t<div class=\"elementor-element elementor-element-9babc17 elementor-widget elementor-widget-image\" data-id=\"9babc17\" data-element_type=\"widget\" data-e-type=\"widget\" data-widget_type=\"image.default\">\n\t\t\t\t<div class=\"elementor-widget-container\">\n\t\t\t\t\t\t\t\t\t\t\t\t\t\t\t<img decoding=\"async\" width=\"1024\" height=\"768\" src=\"https:\/\/rhinoequipment.us\/wp-content\/uploads\/2024\/11\/WhatsApp-Image-2024-11-01-at-19.40.17-1024x768.jpeg\" class=\"attachment-large size-large wp-image-23120\" alt=\"\" srcset=\"https:\/\/rhinoequipment.us\/wp-content\/uploads\/2024\/11\/WhatsApp-Image-2024-11-01-at-19.40.17-1024x768.jpeg 1024w, https:\/\/rhinoequipment.us\/wp-content\/uploads\/2024\/11\/WhatsApp-Image-2024-11-01-at-19.40.17-300x225.jpeg 300w, https:\/\/rhinoequipment.us\/wp-content\/uploads\/2024\/11\/WhatsApp-Image-2024-11-01-at-19.40.17-768x576.jpeg 768w, https:\/\/rhinoequipment.us\/wp-content\/uploads\/2024\/11\/WhatsApp-Image-2024-11-01-at-19.40.17-1536x1152.jpeg 1536w, https:\/\/rhinoequipment.us\/wp-content\/uploads\/2024\/11\/WhatsApp-Image-2024-11-01-at-19.40.17-2048x1536.jpeg 2048w, https:\/\/rhinoequipment.us\/wp-content\/uploads\/2024\/11\/WhatsApp-Image-2024-11-01-at-19.40.17-16x12.jpeg 16w\" sizes=\"(max-width: 1024px) 100vw, 1024px\" \/>\t\t\t\t\t\t\t\t\t\t\t\t\t\t\t<\/div>\n\t\t\t\t<\/div>\n\t\t\t\t\t<\/div>\n\t\t<\/div>\n\t\t\t\t<div class=\"elementor-column elementor-col-50 elementor-top-column elementor-element elementor-element-49abd4b\" data-id=\"49abd4b\" data-element_type=\"column\" data-e-type=\"column\" data-settings=\"{&quot;background_background&quot;:&quot;classic&quot;}\">\n\t\t\t<div class=\"elementor-widget-wrap elementor-element-populated\">\n\t\t\t\t\t\t<div class=\"elementor-element elementor-element-9f7d869 elementor-widget elementor-widget-spacer\" data-id=\"9f7d869\" data-element_type=\"widget\" data-e-type=\"widget\" data-widget_type=\"spacer.default\">\n\t\t\t\t<div class=\"elementor-widget-container\">\n\t\t\t\t\t\t\t<div class=\"elementor-spacer\">\n\t\t\t<div class=\"elementor-spacer-inner\"><\/div>\n\t\t<\/div>\n\t\t\t\t\t\t<\/div>\n\t\t\t\t<\/div>\n\t\t\t\t<div class=\"elementor-element elementor-element-d9d99a1 elementor-widget elementor-widget-text-editor\" data-id=\"d9d99a1\" data-element_type=\"widget\" data-e-type=\"widget\" data-widget_type=\"text-editor.default\">\n\t\t\t\t<div class=\"elementor-widget-container\">\n\t\t\t\t\t\t\t\t\t<p><b>Caract\u00e9ristiques principales<\/b><\/p><p>1. Syst\u00e8me de contr\u00f4le du d\u00e9bit hydraulique pour optimiser l'efficacit\u00e9.<\/p><p>2. Cabines spacieuses et ergonomiques pour le confort de l'op\u00e9rateur.<\/p><p>3. la technologie de r\u00e9duction du bruit pour un environnement de travail plus s\u00fbr.<\/p><p>4. Acc\u00e8s facile pour l'entretien et les r\u00e9parations.<\/p><p><b>Competitive Benefits<\/b><\/p><p>1. Increased productivity via advanced hydraulics.<\/p><p>2. Reduced operating costs through improved fuel efficiency.<\/p><p>3. Enhanced durability and lower maintenance.<\/p>\t\t\t\t\t\t\t\t<\/div>\n\t\t\t\t<\/div>\n\t\t\t\t\t<\/div>\n\t\t<\/div>\n\t\t\t\t\t<\/div>\n\t\t<\/section>\n\t\t\t\t<section class=\"elementor-section elementor-top-section elementor-element elementor-element-605dd44 elementor-section-boxed elementor-section-height-default elementor-section-height-default\" data-id=\"605dd44\" data-element_type=\"section\" data-e-type=\"section\" data-settings=\"{&quot;background_background&quot;:&quot;classic&quot;}\">\n\t\t\t\t\t\t<div class=\"elementor-container elementor-column-gap-default\">\n\t\t\t\t\t<div class=\"elementor-column elementor-col-50 elementor-top-column elementor-element elementor-element-0d3c49e\" data-id=\"0d3c49e\" data-element_type=\"column\" data-e-type=\"column\" data-settings=\"{&quot;background_background&quot;:&quot;classic&quot;}\">\n\t\t\t<div class=\"elementor-widget-wrap elementor-element-populated\">\n\t\t\t\t\t\t<div class=\"elementor-element elementor-element-b21bebb elementor-widget elementor-widget-spacer\" data-id=\"b21bebb\" data-element_type=\"widget\" data-e-type=\"widget\" data-widget_type=\"spacer.default\">\n\t\t\t\t<div class=\"elementor-widget-container\">\n\t\t\t\t\t\t\t<div class=\"elementor-spacer\">\n\t\t\t<div class=\"elementor-spacer-inner\"><\/div>\n\t\t<\/div>\n\t\t\t\t\t\t<\/div>\n\t\t\t\t<\/div>\n\t\t\t\t<div class=\"elementor-element elementor-element-dbf476c elementor-widget elementor-widget-text-editor\" data-id=\"dbf476c\" data-element_type=\"widget\" data-e-type=\"widget\" data-widget_type=\"text-editor.default\">\n\t\t\t\t<div class=\"elementor-widget-container\">\n\t\t\t\t\t\t\t\t\t<p><span style=\"font-weight: bold;\">Why Choose Rhino<\/span><strong>\u00ae<\/strong><span style=\"font-weight: bold;\"> REX450<\/span><\/p><p style=\"font-size: 16px; font-style: normal; font-weight: 400;\">1. l'innovation et la technologie de pointe.<\/p><p style=\"font-size: 16px; font-style: normal; font-weight: 400;\">2. Des performances sup\u00e9rieures dans une grande vari\u00e9t\u00e9 d'applications.<\/p><p style=\"font-size: 16px; font-style: normal; font-weight: 400;\">3. une assistance technique sp\u00e9cialis\u00e9e.<\/p><p style=\"font-size: 16px; font-style: normal; font-weight: 400;\">The Rhino\u00ae REX450 excavator redefines industry standards, outperforming Caterpillar, Komatsu and John Deere in power, efficiency and comfort.<\/p>\t\t\t\t\t\t\t\t<\/div>\n\t\t\t\t<\/div>\n\t\t\t\t\t<\/div>\n\t\t<\/div>\n\t\t\t\t<div class=\"elementor-column elementor-col-50 elementor-top-column elementor-element elementor-element-d08b817\" data-id=\"d08b817\" data-element_type=\"column\" data-e-type=\"column\" data-settings=\"{&quot;background_background&quot;:&quot;classic&quot;}\">\n\t\t\t<div class=\"elementor-widget-wrap elementor-element-populated\">\n\t\t\t\t\t\t<div class=\"elementor-element elementor-element-e31c2dd elementor-widget elementor-widget-image\" data-id=\"e31c2dd\" data-element_type=\"widget\" data-e-type=\"widget\" data-widget_type=\"image.default\">\n\t\t\t\t<div class=\"elementor-widget-container\">\n\t\t\t\t\t\t\t\t\t\t\t\t\t\t\t<img decoding=\"async\" width=\"1024\" height=\"955\" src=\"https:\/\/rhinoequipment.us\/wp-content\/uploads\/2024\/11\/WhatsApp-Image-2024-11-01-at-19.40.18-1-scaled-e1730513866479-1024x955.jpeg\" class=\"attachment-large size-large wp-image-23121\" alt=\"\" srcset=\"https:\/\/rhinoequipment.us\/wp-content\/uploads\/2024\/11\/WhatsApp-Image-2024-11-01-at-19.40.18-1-scaled-e1730513866479-1024x955.jpeg 1024w, https:\/\/rhinoequipment.us\/wp-content\/uploads\/2024\/11\/WhatsApp-Image-2024-11-01-at-19.40.18-1-scaled-e1730513866479-300x280.jpeg 300w, https:\/\/rhinoequipment.us\/wp-content\/uploads\/2024\/11\/WhatsApp-Image-2024-11-01-at-19.40.18-1-scaled-e1730513866479-768x716.jpeg 768w, https:\/\/rhinoequipment.us\/wp-content\/uploads\/2024\/11\/WhatsApp-Image-2024-11-01-at-19.40.18-1-scaled-e1730513866479-1536x1433.jpeg 1536w, https:\/\/rhinoequipment.us\/wp-content\/uploads\/2024\/11\/WhatsApp-Image-2024-11-01-at-19.40.18-1-scaled-e1730513866479-13x12.jpeg 13w, https:\/\/rhinoequipment.us\/wp-content\/uploads\/2024\/11\/WhatsApp-Image-2024-11-01-at-19.40.18-1-scaled-e1730513866479.jpeg 1966w\" sizes=\"(max-width: 1024px) 100vw, 1024px\" \/>\t\t\t\t\t\t\t\t\t\t\t\t\t\t\t<\/div>\n\t\t\t\t<\/div>\n\t\t\t\t\t<\/div>\n\t\t<\/div>\n\t\t\t\t\t<\/div>\n\t\t<\/section>\n\t\t\t\t<\/div>","protected":false},"excerpt":{"rendered":"<p>Rhino\u00ae REX450 Excavator: Revolutionizing Efficiency and Power Rhino\u00ae&#8217;s latest innovation, the REX450 excavator, sets a new standard in heavy machinery. Designed to exceed operators&#8217; and contractors&#8217; expectations, this machine boasts unparalleled power, efficiency and comfort. Key Advantages Over Competitors 1. Unmatched Power and Efficiency: 251 kW (337 HP) engine outperforms Caterpillar, Komatsu and John Deere. [&hellip;]<\/p>\n","protected":false},"author":1,"featured_media":24004,"parent":0,"menu_order":0,"comment_status":"closed","ping_status":"closed","template":"","meta":{"site-sidebar-layout":"no-sidebar","site-content-layout":"page-builder","ast-site-content-layout":"full-width-container","site-content-style":"default","site-sidebar-style":"default","ast-global-header-display":"","ast-banner-title-visibility":"","ast-main-header-display":"","ast-hfb-above-header-display":"","ast-hfb-below-header-display":"","ast-hfb-mobile-header-display":"","site-post-title":"disabled","ast-breadcrumbs-content":"","ast-featured-img":"disabled","footer-sml-layout":"","ast-disable-related-posts":"","theme-transparent-header-meta":"","adv-header-id-meta":"","stick-header-meta":"","header-above-stick-meta":"","header-main-stick-meta":"","header-below-stick-meta":"","astra-migrate-meta-layouts":"set","ast-page-background-enabled":"default","ast-page-background-meta":{"desktop":{"background-color":"var(--ast-global-color-4)","background-image":"","background-repeat":"repeat","background-position":"center center","background-size":"auto","background-attachment":"scroll","background-type":"","background-media":"","overlay-type":"","overlay-color":"","overlay-opacity":"","overlay-gradient":""},"tablet":{"background-color":"","background-image":"","background-repeat":"repeat","background-position":"center center","background-size":"auto","background-attachment":"scroll","background-type":"","background-media":"","overlay-type":"","overlay-color":"","overlay-opacity":"","overlay-gradient":""},"mobile":{"background-color":"","background-image":"","background-repeat":"repeat","background-position":"center center","background-size":"auto","background-attachment":"scroll","background-type":"","background-media":"","overlay-type":"","overlay-color":"","overlay-opacity":"","overlay-gradient":""}},"ast-content-background-meta":{"desktop":{"background-color":"var(--ast-global-color-5)","background-image":"","background-repeat":"repeat","background-position":"center center","background-size":"auto","background-attachment":"scroll","background-type":"","background-media":"","overlay-type":"","overlay-color":"","overlay-opacity":"","overlay-gradient":""},"tablet":{"background-color":"var(--ast-global-color-5)","background-image":"","background-repeat":"repeat","background-position":"center center","background-size":"auto","background-attachment":"scroll","background-type":"","background-media":"","overlay-type":"","overlay-color":"","overlay-opacity":"","overlay-gradient":""},"mobile":{"background-color":"var(--ast-global-color-5)","background-image":"","background-repeat":"repeat","background-position":"center center","background-size":"auto","background-attachment":"scroll","background-type":"","background-media":"","overlay-type":"","overlay-color":"","overlay-opacity":"","overlay-gradient":""}},"footnotes":""},"class_list":["post-24757","page","type-page","status-publish","has-post-thumbnail","hentry"],"yoast_head":"<!-- This site is optimized with the Yoast SEO plugin v27.4 - https:\/\/yoast.com\/product\/yoast-seo-wordpress\/ -->\n<title>News 59 - Rhino Equipment<\/title>\n<meta name=\"description\" content=\"REX450 Excavator, sets a new benchmark in heavy machinery. Designed to exceed expectations, this powerful machine delivers unmatched\" \/>\n<meta name=\"robots\" content=\"index, follow, max-snippet:-1, max-image-preview:large, max-video-preview:-1\" \/>\n<link rel=\"canonical\" href=\"https:\/\/rhinoequipment.us\/fr\/news-59\/\" \/>\n<script type=\"application\/ld+json\" class=\"yoast-schema-graph\">{\"@context\":\"https:\\\/\\\/schema.org\",\"@graph\":[{\"@type\":\"WebPage\",\"@id\":\"https:\\\/\\\/rhinoequipment.us\\\/news-59\\\/\",\"url\":\"https:\\\/\\\/rhinoequipment.us\\\/news-59\\\/\",\"name\":\"News 59 - Rhino Equipment\",\"isPartOf\":{\"@id\":\"https:\\\/\\\/rhinoequipment.us\\\/#website\"},\"primaryImageOfPage\":{\"@id\":\"https:\\\/\\\/rhinoequipment.us\\\/news-59\\\/#primaryimage\"},\"image\":{\"@id\":\"https:\\\/\\\/rhinoequipment.us\\\/news-59\\\/#primaryimage\"},\"thumbnailUrl\":\"https:\\\/\\\/rhinoequipment.us\\\/wp-content\\\/uploads\\\/2025\\\/01\\\/IMG_20170708_163348-2-scaled-e1736882946679.jpg\",\"datePublished\":\"2025-02-17T16:24:18+00:00\",\"dateModified\":\"2025-06-09T19:17:11+00:00\",\"description\":\"REX450 Excavator, sets a new benchmark in heavy machinery. Designed to exceed expectations, this powerful machine delivers unmatched\",\"breadcrumb\":{\"@id\":\"https:\\\/\\\/rhinoequipment.us\\\/news-59\\\/#breadcrumb\"},\"inLanguage\":\"fr-FR\",\"potentialAction\":[{\"@type\":\"ReadAction\",\"target\":[\"https:\\\/\\\/rhinoequipment.us\\\/news-59\\\/\"]}]},{\"@type\":\"ImageObject\",\"inLanguage\":\"fr-FR\",\"@id\":\"https:\\\/\\\/rhinoequipment.us\\\/news-59\\\/#primaryimage\",\"url\":\"https:\\\/\\\/rhinoequipment.us\\\/wp-content\\\/uploads\\\/2025\\\/01\\\/IMG_20170708_163348-2-scaled-e1736882946679.jpg\",\"contentUrl\":\"https:\\\/\\\/rhinoequipment.us\\\/wp-content\\\/uploads\\\/2025\\\/01\\\/IMG_20170708_163348-2-scaled-e1736882946679.jpg\",\"width\":2065,\"height\":1092,\"caption\":\"Gallery Excavator 30\"},{\"@type\":\"BreadcrumbList\",\"@id\":\"https:\\\/\\\/rhinoequipment.us\\\/news-59\\\/#breadcrumb\",\"itemListElement\":[{\"@type\":\"ListItem\",\"position\":1,\"name\":\"Home\",\"item\":\"https:\\\/\\\/rhinoequipment.us\\\/\"},{\"@type\":\"ListItem\",\"position\":2,\"name\":\"News 59\"}]},{\"@type\":\"WebSite\",\"@id\":\"https:\\\/\\\/rhinoequipment.us\\\/#website\",\"url\":\"https:\\\/\\\/rhinoequipment.us\\\/\",\"name\":\"Rhino Equipment\",\"description\":\"Full Line of Construction Equipment\",\"publisher\":{\"@id\":\"https:\\\/\\\/rhinoequipment.us\\\/#organization\"},\"alternateName\":\"Rhino Equipment\",\"potentialAction\":[{\"@type\":\"SearchAction\",\"target\":{\"@type\":\"EntryPoint\",\"urlTemplate\":\"https:\\\/\\\/rhinoequipment.us\\\/?s={search_term_string}\"},\"query-input\":{\"@type\":\"PropertyValueSpecification\",\"valueRequired\":true,\"valueName\":\"search_term_string\"}}],\"inLanguage\":\"fr-FR\"},{\"@type\":\"Organization\",\"@id\":\"https:\\\/\\\/rhinoequipment.us\\\/#organization\",\"name\":\"Rhino Equipment\",\"url\":\"https:\\\/\\\/rhinoequipment.us\\\/\",\"logo\":{\"@type\":\"ImageObject\",\"inLanguage\":\"fr-FR\",\"@id\":\"https:\\\/\\\/rhinoequipment.us\\\/#\\\/schema\\\/logo\\\/image\\\/\",\"url\":\"https:\\\/\\\/rhinoequipment.us\\\/wp-content\\\/uploads\\\/2022\\\/06\\\/Rhino_equipment.jpg\",\"contentUrl\":\"https:\\\/\\\/rhinoequipment.us\\\/wp-content\\\/uploads\\\/2022\\\/06\\\/Rhino_equipment.jpg\",\"width\":106,\"height\":72,\"caption\":\"Rhino Equipment\"},\"image\":{\"@id\":\"https:\\\/\\\/rhinoequipment.us\\\/#\\\/schema\\\/logo\\\/image\\\/\"},\"sameAs\":[\"https:\\\/\\\/www.facebook.com\\\/RhinoEqUsa\\\/\",\"https:\\\/\\\/x.com\\\/Rhino_Eq\",\"https:\\\/\\\/www.instagram.com\\\/rhinoeq_usa\\\/\",\"https:\\\/\\\/www.youtube.com\\\/user\\\/rhinoeq\"]}]}<\/script>\n<!-- \/ Yoast SEO plugin. -->","yoast_head_json":{"title":"News 59 - Rhino Equipment","description":"REX450 Excavator, sets a new benchmark in heavy machinery. Designed to exceed expectations, this powerful machine delivers unmatched","robots":{"index":"index","follow":"follow","max-snippet":"max-snippet:-1","max-image-preview":"max-image-preview:large","max-video-preview":"max-video-preview:-1"},"canonical":"https:\/\/rhinoequipment.us\/fr\/news-59\/","schema":{"@context":"https:\/\/schema.org","@graph":[{"@type":"WebPage","@id":"https:\/\/rhinoequipment.us\/news-59\/","url":"https:\/\/rhinoequipment.us\/news-59\/","name":"News 59 - Rhino Equipment","isPartOf":{"@id":"https:\/\/rhinoequipment.us\/#website"},"primaryImageOfPage":{"@id":"https:\/\/rhinoequipment.us\/news-59\/#primaryimage"},"image":{"@id":"https:\/\/rhinoequipment.us\/news-59\/#primaryimage"},"thumbnailUrl":"https:\/\/rhinoequipment.us\/wp-content\/uploads\/2025\/01\/IMG_20170708_163348-2-scaled-e1736882946679.jpg","datePublished":"2025-02-17T16:24:18+00:00","dateModified":"2025-06-09T19:17:11+00:00","description":"REX450 Excavator, sets a new benchmark in heavy machinery. Designed to exceed expectations, this powerful machine delivers unmatched","breadcrumb":{"@id":"https:\/\/rhinoequipment.us\/news-59\/#breadcrumb"},"inLanguage":"fr-FR","potentialAction":[{"@type":"ReadAction","target":["https:\/\/rhinoequipment.us\/news-59\/"]}]},{"@type":"ImageObject","inLanguage":"fr-FR","@id":"https:\/\/rhinoequipment.us\/news-59\/#primaryimage","url":"https:\/\/rhinoequipment.us\/wp-content\/uploads\/2025\/01\/IMG_20170708_163348-2-scaled-e1736882946679.jpg","contentUrl":"https:\/\/rhinoequipment.us\/wp-content\/uploads\/2025\/01\/IMG_20170708_163348-2-scaled-e1736882946679.jpg","width":2065,"height":1092,"caption":"Gallery Excavator 30"},{"@type":"BreadcrumbList","@id":"https:\/\/rhinoequipment.us\/news-59\/#breadcrumb","itemListElement":[{"@type":"ListItem","position":1,"name":"Home","item":"https:\/\/rhinoequipment.us\/"},{"@type":"ListItem","position":2,"name":"News 59"}]},{"@type":"WebSite","@id":"https:\/\/rhinoequipment.us\/#website","url":"https:\/\/rhinoequipment.us\/","name":"\u00c9quipement de Rhino","description":"Full Line of Construction Equipment","publisher":{"@id":"https:\/\/rhinoequipment.us\/#organization"},"alternateName":"Rhino Equipment","potentialAction":[{"@type":"SearchAction","target":{"@type":"EntryPoint","urlTemplate":"https:\/\/rhinoequipment.us\/?s={search_term_string}"},"query-input":{"@type":"PropertyValueSpecification","valueRequired":true,"valueName":"search_term_string"}}],"inLanguage":"fr-FR"},{"@type":"Organization","@id":"https:\/\/rhinoequipment.us\/#organization","name":"\u00c9quipement de Rhino","url":"https:\/\/rhinoequipment.us\/","logo":{"@type":"ImageObject","inLanguage":"fr-FR","@id":"https:\/\/rhinoequipment.us\/#\/schema\/logo\/image\/","url":"https:\/\/rhinoequipment.us\/wp-content\/uploads\/2022\/06\/Rhino_equipment.jpg","contentUrl":"https:\/\/rhinoequipment.us\/wp-content\/uploads\/2022\/06\/Rhino_equipment.jpg","width":106,"height":72,"caption":"Rhino Equipment"},"image":{"@id":"https:\/\/rhinoequipment.us\/#\/schema\/logo\/image\/"},"sameAs":["https:\/\/www.facebook.com\/RhinoEqUsa\/","https:\/\/x.com\/Rhino_Eq","https:\/\/www.instagram.com\/rhinoeq_usa\/","https:\/\/www.youtube.com\/user\/rhinoeq"]}]}},"_links":{"self":[{"href":"https:\/\/rhinoequipment.us\/fr\/wp-json\/wp\/v2\/pages\/24757","targetHints":{"allow":["GET"]}}],"collection":[{"href":"https:\/\/rhinoequipment.us\/fr\/wp-json\/wp\/v2\/pages"}],"about":[{"href":"https:\/\/rhinoequipment.us\/fr\/wp-json\/wp\/v2\/types\/page"}],"author":[{"embeddable":true,"href":"https:\/\/rhinoequipment.us\/fr\/wp-json\/wp\/v2\/users\/1"}],"replies":[{"embeddable":true,"href":"https:\/\/rhinoequipment.us\/fr\/wp-json\/wp\/v2\/comments?post=24757"}],"version-history":[{"count":5,"href":"https:\/\/rhinoequipment.us\/fr\/wp-json\/wp\/v2\/pages\/24757\/revisions"}],"predecessor-version":[{"id":25869,"href":"https:\/\/rhinoequipment.us\/fr\/wp-json\/wp\/v2\/pages\/24757\/revisions\/25869"}],"wp:featuredmedia":[{"embeddable":true,"href":"https:\/\/rhinoequipment.us\/fr\/wp-json\/wp\/v2\/media\/24004"}],"wp:attachment":[{"href":"https:\/\/rhinoequipment.us\/fr\/wp-json\/wp\/v2\/media?parent=24757"}],"curies":[{"name":"wp","href":"https:\/\/api.w.org\/{rel}","templated":true}]}}