{"id":7867,"date":"2022-09-28T16:46:50","date_gmt":"2022-09-28T16:46:50","guid":{"rendered":"https:\/\/rhinoequipment.us\/?page_id=7867"},"modified":"2025-06-09T18:45:44","modified_gmt":"2025-06-09T18:45:44","slug":"president-lech-walesa","status":"publish","type":"page","link":"https:\/\/rhinoequipment.us\/es\/president-lech-walesa\/","title":{"rendered":"News44"},"content":{"rendered":"<div data-elementor-type=\"wp-page\" data-elementor-id=\"7867\" class=\"elementor elementor-7867\" data-elementor-post-type=\"page\">\n\t\t\t\t\t\t<section class=\"elementor-section elementor-top-section elementor-element elementor-element-a6f3d97 elementor-section-boxed elementor-section-height-default elementor-section-height-default\" data-id=\"a6f3d97\" data-element_type=\"section\" data-e-type=\"section\" data-settings=\"{&quot;background_background&quot;:&quot;classic&quot;}\">\n\t\t\t\t\t\t<div class=\"elementor-container elementor-column-gap-default\">\n\t\t\t\t\t<div class=\"elementor-column elementor-col-100 elementor-top-column elementor-element elementor-element-1de02fe\" data-id=\"1de02fe\" data-element_type=\"column\" data-e-type=\"column\" data-settings=\"{&quot;background_background&quot;:&quot;classic&quot;}\">\n\t\t\t<div class=\"elementor-widget-wrap elementor-element-populated\">\n\t\t\t\t\t\t<div class=\"elementor-element elementor-element-9818d78 elementor-widget elementor-widget-heading\" data-id=\"9818d78\" data-element_type=\"widget\" data-e-type=\"widget\" data-widget_type=\"heading.default\">\n\t\t\t\t<div class=\"elementor-widget-container\">\n\t\t\t\t\t<h1 class=\"elementor-heading-title elementor-size-default\">Una velada con el presidente Lech Walesa<\/h1>\t\t\t\t<\/div>\n\t\t\t\t<\/div>\n\t\t\t\t\t<\/div>\n\t\t<\/div>\n\t\t\t\t\t<\/div>\n\t\t<\/section>\n\t\t\t\t<section class=\"elementor-section elementor-top-section elementor-element elementor-element-1181cbc elementor-section-boxed elementor-section-height-default elementor-section-height-default\" data-id=\"1181cbc\" data-element_type=\"section\" data-e-type=\"section\" data-settings=\"{&quot;background_background&quot;:&quot;classic&quot;}\">\n\t\t\t\t\t\t<div class=\"elementor-container elementor-column-gap-default\">\n\t\t\t\t\t<div class=\"elementor-column elementor-col-50 elementor-top-column elementor-element elementor-element-46acb5b\" data-id=\"46acb5b\" data-element_type=\"column\" data-e-type=\"column\" data-settings=\"{&quot;background_background&quot;:&quot;classic&quot;}\">\n\t\t\t<div class=\"elementor-widget-wrap elementor-element-populated\">\n\t\t\t\t\t\t<div class=\"elementor-element elementor-element-8c46133 elementor-widget elementor-widget-gallery\" data-id=\"8c46133\" data-element_type=\"widget\" data-e-type=\"widget\" data-settings=\"{&quot;columns&quot;:2,&quot;lazyload&quot;:&quot;yes&quot;,&quot;gallery_layout&quot;:&quot;grid&quot;,&quot;columns_tablet&quot;:2,&quot;columns_mobile&quot;:1,&quot;gap&quot;:{&quot;unit&quot;:&quot;px&quot;,&quot;size&quot;:10,&quot;sizes&quot;:[]},&quot;gap_tablet&quot;:{&quot;unit&quot;:&quot;px&quot;,&quot;size&quot;:10,&quot;sizes&quot;:[]},&quot;gap_mobile&quot;:{&quot;unit&quot;:&quot;px&quot;,&quot;size&quot;:10,&quot;sizes&quot;:[]},&quot;link_to&quot;:&quot;file&quot;,&quot;aspect_ratio&quot;:&quot;3:2&quot;,&quot;overlay_background&quot;:&quot;yes&quot;,&quot;content_hover_animation&quot;:&quot;fade-in&quot;}\" data-widget_type=\"gallery.default\">\n\t\t\t\t<div class=\"elementor-widget-container\">\n\t\t\t\t\t\t\t<div class=\"elementor-gallery__container\">\n\t\t\t\t\t\t\t<a class=\"e-gallery-item elementor-gallery-item elementor-animated-content\" href=\"https:\/\/rhinoequipment.us\/wp-content\/uploads\/2022\/09\/walesa2.jpg\" data-elementor-open-lightbox=\"yes\" data-elementor-lightbox-slideshow=\"8c46133\" data-elementor-lightbox-description=\"Javier C\u00e1rdenas, RHINO Equipment President &amp; CEO. Lech Walesa, former president of Poland and Novel peace prize.\" data-e-action-hash=\"#elementor-action%3Aaction%3Dlightbox%26settings%3DeyJpZCI6Nzg3NCwidXJsIjoiaHR0cHM6XC9cL3JoaW5vZXF1aXBtZW50LnVzXC93cC1jb250ZW50XC91cGxvYWRzXC8yMDIyXC8wOVwvd2FsZXNhMi5qcGciLCJzbGlkZXNob3ciOiI4YzQ2MTMzIn0%3D\">\n\t\t\t\t\t<div class=\"e-gallery-image elementor-gallery-item__image\" data-thumbnail=\"https:\/\/rhinoequipment.us\/wp-content\/uploads\/2022\/09\/walesa2-300x201.jpg\" data-width=\"300\" data-height=\"201\" aria-label=\"\" role=\"img\" ><\/div>\n\t\t\t\t\t\t\t\t\t\t\t<div class=\"elementor-gallery-item__overlay\"><\/div>\n\t\t\t\t\t\t\t\t\t\t\t\t\t\t<\/a>\n\t\t\t\t\t\t\t<a class=\"e-gallery-item elementor-gallery-item elementor-animated-content\" href=\"https:\/\/rhinoequipment.us\/wp-content\/uploads\/2022\/09\/ft1-1.jpg\" data-elementor-open-lightbox=\"yes\" data-elementor-lightbox-slideshow=\"8c46133\" data-elementor-lightbox-title=\"ft1\" data-e-action-hash=\"#elementor-action%3Aaction%3Dlightbox%26settings%3DeyJpZCI6Nzg2OSwidXJsIjoiaHR0cHM6XC9cL3JoaW5vZXF1aXBtZW50LnVzXC93cC1jb250ZW50XC91cGxvYWRzXC8yMDIyXC8wOVwvZnQxLTEuanBnIiwic2xpZGVzaG93IjoiOGM0NjEzMyJ9\">\n\t\t\t\t\t<div class=\"e-gallery-image elementor-gallery-item__image\" data-thumbnail=\"https:\/\/rhinoequipment.us\/wp-content\/uploads\/2022\/09\/ft1-1-300x210.jpg\" data-width=\"300\" data-height=\"210\" aria-label=\"\" role=\"img\" ><\/div>\n\t\t\t\t\t\t\t\t\t\t\t<div class=\"elementor-gallery-item__overlay\"><\/div>\n\t\t\t\t\t\t\t\t\t\t\t\t\t\t<\/a>\n\t\t\t\t\t\t\t<a class=\"e-gallery-item elementor-gallery-item elementor-animated-content\" href=\"https:\/\/rhinoequipment.us\/wp-content\/uploads\/2022\/09\/ft2-1.jpg\" data-elementor-open-lightbox=\"yes\" data-elementor-lightbox-slideshow=\"8c46133\" data-e-action-hash=\"#elementor-action%3Aaction%3Dlightbox%26settings%3DeyJpZCI6Nzg3MCwidXJsIjoiaHR0cHM6XC9cL3JoaW5vZXF1aXBtZW50LnVzXC93cC1jb250ZW50XC91cGxvYWRzXC8yMDIyXC8wOVwvZnQyLTEuanBnIiwic2xpZGVzaG93IjoiOGM0NjEzMyJ9\">\n\t\t\t\t\t<div class=\"e-gallery-image elementor-gallery-item__image\" data-thumbnail=\"https:\/\/rhinoequipment.us\/wp-content\/uploads\/2022\/09\/ft2-1-300x225.jpg\" data-width=\"300\" data-height=\"225\" aria-label=\"\" role=\"img\" ><\/div>\n\t\t\t\t\t\t\t\t\t\t\t<div class=\"elementor-gallery-item__overlay\"><\/div>\n\t\t\t\t\t\t\t\t\t\t\t\t\t\t<\/a>\n\t\t\t\t\t\t\t<a class=\"e-gallery-item elementor-gallery-item elementor-animated-content\" href=\"https:\/\/rhinoequipment.us\/wp-content\/uploads\/2022\/09\/walesa1.jpg\" data-elementor-open-lightbox=\"yes\" data-elementor-lightbox-slideshow=\"8c46133\" data-elementor-lightbox-description=\"Javier C\u00e1rdenas, Mayor Tomas Regalado, Marcel Felipe\" data-e-action-hash=\"#elementor-action%3Aaction%3Dlightbox%26settings%3DeyJpZCI6Nzg3MywidXJsIjoiaHR0cHM6XC9cL3JoaW5vZXF1aXBtZW50LnVzXC93cC1jb250ZW50XC91cGxvYWRzXC8yMDIyXC8wOVwvd2FsZXNhMS5qcGciLCJzbGlkZXNob3ciOiI4YzQ2MTMzIn0%3D\">\n\t\t\t\t\t<div class=\"e-gallery-image elementor-gallery-item__image\" data-thumbnail=\"https:\/\/rhinoequipment.us\/wp-content\/uploads\/2022\/09\/walesa1-300x225.jpg\" data-width=\"300\" data-height=\"225\" aria-label=\"\" role=\"img\" ><\/div>\n\t\t\t\t\t\t\t\t\t\t\t<div class=\"elementor-gallery-item__overlay\"><\/div>\n\t\t\t\t\t\t\t\t\t\t\t\t\t\t<\/a>\n\t\t\t\t\t\t\t<a class=\"e-gallery-item elementor-gallery-item elementor-animated-content\" href=\"https:\/\/rhinoequipment.us\/wp-content\/uploads\/2022\/09\/walesa3.jpg\" data-elementor-open-lightbox=\"yes\" data-elementor-lightbox-slideshow=\"8c46133\" data-e-action-hash=\"#elementor-action%3Aaction%3Dlightbox%26settings%3DeyJpZCI6Nzg3NSwidXJsIjoiaHR0cHM6XC9cL3JoaW5vZXF1aXBtZW50LnVzXC93cC1jb250ZW50XC91cGxvYWRzXC8yMDIyXC8wOVwvd2FsZXNhMy5qcGciLCJzbGlkZXNob3ciOiI4YzQ2MTMzIn0%3D\">\n\t\t\t\t\t<div class=\"e-gallery-image elementor-gallery-item__image\" data-thumbnail=\"https:\/\/rhinoequipment.us\/wp-content\/uploads\/2022\/09\/walesa3-300x204.jpg\" data-width=\"300\" data-height=\"204\" aria-label=\"\" role=\"img\" ><\/div>\n\t\t\t\t\t\t\t\t\t\t\t<div class=\"elementor-gallery-item__overlay\"><\/div>\n\t\t\t\t\t\t\t\t\t\t\t\t\t\t<\/a>\n\t\t\t\t\t\t\t<a class=\"e-gallery-item elementor-gallery-item elementor-animated-content\" href=\"https:\/\/rhinoequipment.us\/wp-content\/uploads\/2022\/09\/walesa4.jpg\" data-elementor-open-lightbox=\"yes\" data-elementor-lightbox-slideshow=\"8c46133\" data-e-action-hash=\"#elementor-action%3Aaction%3Dlightbox%26settings%3DeyJpZCI6Nzg3NiwidXJsIjoiaHR0cHM6XC9cL3JoaW5vZXF1aXBtZW50LnVzXC93cC1jb250ZW50XC91cGxvYWRzXC8yMDIyXC8wOVwvd2FsZXNhNC5qcGciLCJzbGlkZXNob3ciOiI4YzQ2MTMzIn0%3D\">\n\t\t\t\t\t<div class=\"e-gallery-image elementor-gallery-item__image\" data-thumbnail=\"https:\/\/rhinoequipment.us\/wp-content\/uploads\/2022\/09\/walesa4-300x206.jpg\" data-width=\"300\" data-height=\"206\" aria-label=\"\" role=\"img\" ><\/div>\n\t\t\t\t\t\t\t\t\t\t\t<div class=\"elementor-gallery-item__overlay\"><\/div>\n\t\t\t\t\t\t\t\t\t\t\t\t\t\t<\/a>\n\t\t\t\t\t<\/div>\n\t\t\t\t\t<\/div>\n\t\t\t\t<\/div>\n\t\t\t\t\t<\/div>\n\t\t<\/div>\n\t\t\t\t<div class=\"elementor-column elementor-col-50 elementor-top-column elementor-element elementor-element-d35009f\" data-id=\"d35009f\" data-element_type=\"column\" data-e-type=\"column\" data-settings=\"{&quot;background_background&quot;:&quot;classic&quot;}\">\n\t\t\t<div class=\"elementor-widget-wrap elementor-element-populated\">\n\t\t\t\t\t\t<div class=\"elementor-element elementor-element-5ad63aa elementor-widget elementor-widget-text-editor\" data-id=\"5ad63aa\" data-element_type=\"widget\" data-e-type=\"widget\" data-widget_type=\"text-editor.default\">\n\t\t\t\t<div class=\"elementor-widget-container\">\n\t\t\t\t\t\t\t\t\t<p id=\"u44162-2\">Former Polish President and revolutionary political leader Lech Walesa spoke at FIU on September 8th. Nowadays Lech Wa\u0142\u0119sa is still the propagator of solidarity and explains private companies\u2019 importance to economic growth in countries and social impact. Leaders and businessmen attended these lectures, including Javier C\u00e1rdenas CEO of Rhino Equipment<em>\u00ae<\/em> and other important leaders of the region.<\/p><p id=\"u44162-8\" class=\"translation-block\">La conferencia fue dirigida por <a href=\"\/\/europe.fiu.edu\/events\/2022\/sipa-lecture-an-evening-with-president-lech-walesa\/\u00bb\" target=\"\u00ab_self\u00bb\">FIU<\/a> y el Presidente de Inspire America, Marcell Felipe. Walesa defini\u00f3 el estado actual de la pol\u00edtica moderna como uno en el que la gente lucha principalmente con palabras e ideolog\u00eda, y que la sociedad se encuentra atrapada entre dos \u00e9pocas: la tradici\u00f3n y el progreso. Tambi\u00e9n pidi\u00f3 que se reformaran las estructuras mundiales y se dejara de lado la creciente competencia internacional.<\/p><p>Walesa, galardonado con cientos de distinciones, entre ellas el Premio Nobel de la Paz, la Medalla Presidencial de la Libertad de Estados Unidos, la Legi\u00f3n de Honor francesa y el Premio Persona del A\u00f1o de la revista \u00abTime\u00bb, concluy\u00f3 su intervenci\u00f3n con una llamada a la acci\u00f3n, animando a los dem\u00e1s a organizarse para el cambio y a encontrar soluciones en s\u00ed mismos y en su comunidad.<\/p><p id=\"u44162-5\">\u00a0<\/p>\t\t\t\t\t\t\t\t<\/div>\n\t\t\t\t<\/div>\n\t\t\t\t\t<\/div>\n\t\t<\/div>\n\t\t\t\t\t<\/div>\n\t\t<\/section>\n\t\t\t\t<section class=\"elementor-section elementor-top-section elementor-element elementor-element-3a577b2 elementor-section-boxed elementor-section-height-default elementor-section-height-default\" data-id=\"3a577b2\" data-element_type=\"section\" data-e-type=\"section\" data-settings=\"{&quot;background_background&quot;:&quot;classic&quot;}\">\n\t\t\t\t\t\t<div class=\"elementor-container elementor-column-gap-default\">\n\t\t\t\t\t<div class=\"elementor-column elementor-col-100 elementor-top-column elementor-element elementor-element-b783469\" data-id=\"b783469\" data-element_type=\"column\" data-e-type=\"column\">\n\t\t\t<div class=\"elementor-widget-wrap elementor-element-populated\">\n\t\t\t\t\t\t<div class=\"elementor-element elementor-element-caec848 elementor-widget elementor-widget-spacer\" data-id=\"caec848\" data-element_type=\"widget\" data-e-type=\"widget\" data-widget_type=\"spacer.default\">\n\t\t\t\t<div class=\"elementor-widget-container\">\n\t\t\t\t\t\t\t<div class=\"elementor-spacer\">\n\t\t\t<div class=\"elementor-spacer-inner\"><\/div>\n\t\t<\/div>\n\t\t\t\t\t\t<\/div>\n\t\t\t\t<\/div>\n\t\t\t\t\t<\/div>\n\t\t<\/div>\n\t\t\t\t\t<\/div>\n\t\t<\/section>\n\t\t\t\t<\/div>","protected":false},"excerpt":{"rendered":"<p>An evening with president Lech Walesa Former Polish President and revolutionary political leader Lech Walesa spoke at FIU on September 8th. Nowadays Lech Wa\u0142\u0119sa is still the propagator of solidarity and explains private companies\u2019 importance to economic growth in countries and social impact. Leaders and businessmen attended these lectures, including Javier C\u00e1rdenas CEO of Rhino [&hellip;]<\/p>\n","protected":false},"author":1,"featured_media":0,"parent":0,"menu_order":0,"comment_status":"closed","ping_status":"closed","template":"","meta":{"site-sidebar-layout":"no-sidebar","site-content-layout":"page-builder","ast-site-content-layout":"full-width-container","site-content-style":"unboxed","site-sidebar-style":"unboxed","ast-global-header-display":"","ast-banner-title-visibility":"","ast-main-header-display":"","ast-hfb-above-header-display":"","ast-hfb-below-header-display":"","ast-hfb-mobile-header-display":"","site-post-title":"disabled","ast-breadcrumbs-content":"","ast-featured-img":"disabled","footer-sml-layout":"","ast-disable-related-posts":"","theme-transparent-header-meta":"default","adv-header-id-meta":"","stick-header-meta":"","header-above-stick-meta":"","header-main-stick-meta":"","header-below-stick-meta":"","astra-migrate-meta-layouts":"set","ast-page-background-enabled":"default","ast-page-background-meta":{"desktop":{"background-color":"var(--ast-global-color-4)","background-image":"","background-repeat":"repeat","background-position":"center center","background-size":"auto","background-attachment":"scroll","background-type":"","background-media":"","overlay-type":"","overlay-color":"","overlay-opacity":"","overlay-gradient":""},"tablet":{"background-color":"","background-image":"","background-repeat":"repeat","background-position":"center center","background-size":"auto","background-attachment":"scroll","background-type":"","background-media":"","overlay-type":"","overlay-color":"","overlay-opacity":"","overlay-gradient":""},"mobile":{"background-color":"","background-image":"","background-repeat":"repeat","background-position":"center center","background-size":"auto","background-attachment":"scroll","background-type":"","background-media":"","overlay-type":"","overlay-color":"","overlay-opacity":"","overlay-gradient":""}},"ast-content-background-meta":{"desktop":{"background-color":"var(--ast-global-color-5)","background-image":"","background-repeat":"repeat","background-position":"center center","background-size":"auto","background-attachment":"scroll","background-type":"","background-media":"","overlay-type":"","overlay-color":"","overlay-opacity":"","overlay-gradient":""},"tablet":{"background-color":"var(--ast-global-color-5)","background-image":"","background-repeat":"repeat","background-position":"center center","background-size":"auto","background-attachment":"scroll","background-type":"","background-media":"","overlay-type":"","overlay-color":"","overlay-opacity":"","overlay-gradient":""},"mobile":{"background-color":"var(--ast-global-color-5)","background-image":"","background-repeat":"repeat","background-position":"center center","background-size":"auto","background-attachment":"scroll","background-type":"","background-media":"","overlay-type":"","overlay-color":"","overlay-opacity":"","overlay-gradient":""}},"footnotes":""},"class_list":["post-7867","page","type-page","status-publish","hentry"],"yoast_head":"<!-- This site is optimized with the Yoast SEO plugin v27.4 - https:\/\/yoast.com\/product\/yoast-seo-wordpress\/ -->\n<title>president Lech Walesa - Rhino Equipment<\/title>\n<meta name=\"description\" content=\"Lech Walesa at FIU&quot;: Former Polish President spoke on solidarity and growth. Rhino CEO Javier C\u00e1rdenas attended. Walesa urged global change\" \/>\n<meta name=\"robots\" content=\"index, follow, max-snippet:-1, max-image-preview:large, max-video-preview:-1\" \/>\n<link rel=\"canonical\" href=\"https:\/\/rhinoequipment.us\/es\/president-lech-walesa\/\" \/>\n<script type=\"application\/ld+json\" class=\"yoast-schema-graph\">{\"@context\":\"https:\\\/\\\/schema.org\",\"@graph\":[{\"@type\":\"WebPage\",\"@id\":\"https:\\\/\\\/rhinoequipment.us\\\/president-lech-walesa\\\/\",\"url\":\"https:\\\/\\\/rhinoequipment.us\\\/president-lech-walesa\\\/\",\"name\":\"president Lech Walesa - Rhino Equipment\",\"isPartOf\":{\"@id\":\"https:\\\/\\\/rhinoequipment.us\\\/#website\"},\"datePublished\":\"2022-09-28T16:46:50+00:00\",\"dateModified\":\"2025-06-09T18:45:44+00:00\",\"description\":\"Lech Walesa at FIU\\\": Former Polish President spoke on solidarity and growth. Rhino CEO Javier C\u00e1rdenas attended. Walesa urged global change\",\"breadcrumb\":{\"@id\":\"https:\\\/\\\/rhinoequipment.us\\\/president-lech-walesa\\\/#breadcrumb\"},\"inLanguage\":\"es\",\"potentialAction\":[{\"@type\":\"ReadAction\",\"target\":[\"https:\\\/\\\/rhinoequipment.us\\\/president-lech-walesa\\\/\"]}]},{\"@type\":\"BreadcrumbList\",\"@id\":\"https:\\\/\\\/rhinoequipment.us\\\/president-lech-walesa\\\/#breadcrumb\",\"itemListElement\":[{\"@type\":\"ListItem\",\"position\":1,\"name\":\"Home\",\"item\":\"https:\\\/\\\/rhinoequipment.us\\\/\"},{\"@type\":\"ListItem\",\"position\":2,\"name\":\"News44\"}]},{\"@type\":\"WebSite\",\"@id\":\"https:\\\/\\\/rhinoequipment.us\\\/#website\",\"url\":\"https:\\\/\\\/rhinoequipment.us\\\/\",\"name\":\"Rhino Equipment\",\"description\":\"Full Line of Construction Equipment\",\"publisher\":{\"@id\":\"https:\\\/\\\/rhinoequipment.us\\\/#organization\"},\"alternateName\":\"Rhino Equipment\",\"potentialAction\":[{\"@type\":\"SearchAction\",\"target\":{\"@type\":\"EntryPoint\",\"urlTemplate\":\"https:\\\/\\\/rhinoequipment.us\\\/?s={search_term_string}\"},\"query-input\":{\"@type\":\"PropertyValueSpecification\",\"valueRequired\":true,\"valueName\":\"search_term_string\"}}],\"inLanguage\":\"es\"},{\"@type\":\"Organization\",\"@id\":\"https:\\\/\\\/rhinoequipment.us\\\/#organization\",\"name\":\"Rhino Equipment\",\"url\":\"https:\\\/\\\/rhinoequipment.us\\\/\",\"logo\":{\"@type\":\"ImageObject\",\"inLanguage\":\"es\",\"@id\":\"https:\\\/\\\/rhinoequipment.us\\\/#\\\/schema\\\/logo\\\/image\\\/\",\"url\":\"https:\\\/\\\/rhinoequipment.us\\\/wp-content\\\/uploads\\\/2022\\\/06\\\/Rhino_equipment.jpg\",\"contentUrl\":\"https:\\\/\\\/rhinoequipment.us\\\/wp-content\\\/uploads\\\/2022\\\/06\\\/Rhino_equipment.jpg\",\"width\":106,\"height\":72,\"caption\":\"Rhino Equipment\"},\"image\":{\"@id\":\"https:\\\/\\\/rhinoequipment.us\\\/#\\\/schema\\\/logo\\\/image\\\/\"},\"sameAs\":[\"https:\\\/\\\/www.facebook.com\\\/RhinoEqUsa\\\/\",\"https:\\\/\\\/x.com\\\/Rhino_Eq\",\"https:\\\/\\\/www.instagram.com\\\/rhinoeq_usa\\\/\",\"https:\\\/\\\/www.youtube.com\\\/user\\\/rhinoeq\"]}]}<\/script>\n<!-- \/ Yoast SEO plugin. -->","yoast_head_json":{"title":"president Lech Walesa - Rhino Equipment","description":"Lech Walesa at FIU\": Former Polish President spoke on solidarity and growth. Rhino CEO Javier C\u00e1rdenas attended. Walesa urged global change","robots":{"index":"index","follow":"follow","max-snippet":"max-snippet:-1","max-image-preview":"max-image-preview:large","max-video-preview":"max-video-preview:-1"},"canonical":"https:\/\/rhinoequipment.us\/es\/president-lech-walesa\/","schema":{"@context":"https:\/\/schema.org","@graph":[{"@type":"WebPage","@id":"https:\/\/rhinoequipment.us\/president-lech-walesa\/","url":"https:\/\/rhinoequipment.us\/president-lech-walesa\/","name":"president Lech Walesa - Rhino Equipment","isPartOf":{"@id":"https:\/\/rhinoequipment.us\/#website"},"datePublished":"2022-09-28T16:46:50+00:00","dateModified":"2025-06-09T18:45:44+00:00","description":"Lech Walesa at FIU\": Former Polish President spoke on solidarity and growth. Rhino CEO Javier C\u00e1rdenas attended. Walesa urged global change","breadcrumb":{"@id":"https:\/\/rhinoequipment.us\/president-lech-walesa\/#breadcrumb"},"inLanguage":"es","potentialAction":[{"@type":"ReadAction","target":["https:\/\/rhinoequipment.us\/president-lech-walesa\/"]}]},{"@type":"BreadcrumbList","@id":"https:\/\/rhinoequipment.us\/president-lech-walesa\/#breadcrumb","itemListElement":[{"@type":"ListItem","position":1,"name":"Home","item":"https:\/\/rhinoequipment.us\/"},{"@type":"ListItem","position":2,"name":"News44"}]},{"@type":"WebSite","@id":"https:\/\/rhinoequipment.us\/#website","url":"https:\/\/rhinoequipment.us\/","name":"Rhino Equipment","description":"Full Line of Construction Equipment","publisher":{"@id":"https:\/\/rhinoequipment.us\/#organization"},"alternateName":"Rhino Equipment","potentialAction":[{"@type":"SearchAction","target":{"@type":"EntryPoint","urlTemplate":"https:\/\/rhinoequipment.us\/?s={search_term_string}"},"query-input":{"@type":"PropertyValueSpecification","valueRequired":true,"valueName":"search_term_string"}}],"inLanguage":"es"},{"@type":"Organization","@id":"https:\/\/rhinoequipment.us\/#organization","name":"Rhino Equipment","url":"https:\/\/rhinoequipment.us\/","logo":{"@type":"ImageObject","inLanguage":"es","@id":"https:\/\/rhinoequipment.us\/#\/schema\/logo\/image\/","url":"https:\/\/rhinoequipment.us\/wp-content\/uploads\/2022\/06\/Rhino_equipment.jpg","contentUrl":"https:\/\/rhinoequipment.us\/wp-content\/uploads\/2022\/06\/Rhino_equipment.jpg","width":106,"height":72,"caption":"Rhino Equipment"},"image":{"@id":"https:\/\/rhinoequipment.us\/#\/schema\/logo\/image\/"},"sameAs":["https:\/\/www.facebook.com\/RhinoEqUsa\/","https:\/\/x.com\/Rhino_Eq","https:\/\/www.instagram.com\/rhinoeq_usa\/","https:\/\/www.youtube.com\/user\/rhinoeq"]}]}},"_links":{"self":[{"href":"https:\/\/rhinoequipment.us\/es\/wp-json\/wp\/v2\/pages\/7867","targetHints":{"allow":["GET"]}}],"collection":[{"href":"https:\/\/rhinoequipment.us\/es\/wp-json\/wp\/v2\/pages"}],"about":[{"href":"https:\/\/rhinoequipment.us\/es\/wp-json\/wp\/v2\/types\/page"}],"author":[{"embeddable":true,"href":"https:\/\/rhinoequipment.us\/es\/wp-json\/wp\/v2\/users\/1"}],"replies":[{"embeddable":true,"href":"https:\/\/rhinoequipment.us\/es\/wp-json\/wp\/v2\/comments?post=7867"}],"version-history":[{"count":5,"href":"https:\/\/rhinoequipment.us\/es\/wp-json\/wp\/v2\/pages\/7867\/revisions"}],"predecessor-version":[{"id":25824,"href":"https:\/\/rhinoequipment.us\/es\/wp-json\/wp\/v2\/pages\/7867\/revisions\/25824"}],"wp:attachment":[{"href":"https:\/\/rhinoequipment.us\/es\/wp-json\/wp\/v2\/media?parent=7867"}],"curies":[{"name":"wp","href":"https:\/\/api.w.org\/{rel}","templated":true}]}}