{"id":7809,"date":"2022-09-28T16:13:05","date_gmt":"2022-09-28T16:13:05","guid":{"rendered":"https:\/\/rhinoequipment.us\/?page_id=7809"},"modified":"2025-02-18T15:38:05","modified_gmt":"2025-02-18T15:38:05","slug":"us-commercial","status":"publish","type":"page","link":"https:\/\/rhinoequipment.us\/es\/us-commercial\/","title":{"rendered":"News39"},"content":{"rendered":"<div data-elementor-type=\"wp-page\" data-elementor-id=\"7809\" class=\"elementor elementor-7809\" data-elementor-post-type=\"page\">\n\t\t\t\t\t\t<section class=\"elementor-section elementor-top-section elementor-element elementor-element-a6f3d97 elementor-section-boxed elementor-section-height-default elementor-section-height-default\" data-id=\"a6f3d97\" data-element_type=\"section\" data-e-type=\"section\" data-settings=\"{&quot;background_background&quot;:&quot;classic&quot;}\">\n\t\t\t\t\t\t<div class=\"elementor-container elementor-column-gap-default\">\n\t\t\t\t\t<div class=\"elementor-column elementor-col-100 elementor-top-column elementor-element elementor-element-1de02fe\" data-id=\"1de02fe\" data-element_type=\"column\" data-e-type=\"column\" data-settings=\"{&quot;background_background&quot;:&quot;classic&quot;}\">\n\t\t\t<div class=\"elementor-widget-wrap elementor-element-populated\">\n\t\t\t\t\t\t<div class=\"elementor-element elementor-element-9818d78 elementor-widget elementor-widget-heading\" data-id=\"9818d78\" data-element_type=\"widget\" data-e-type=\"widget\" data-widget_type=\"heading.default\">\n\t\t\t\t<div class=\"elementor-widget-container\">\n\t\t\t\t\t<h1 class=\"elementor-heading-title elementor-size-default\">Comercial de EE.UU. 2019<\/h1>\t\t\t\t<\/div>\n\t\t\t\t<\/div>\n\t\t\t\t\t<\/div>\n\t\t<\/div>\n\t\t\t\t\t<\/div>\n\t\t<\/section>\n\t\t\t\t<section class=\"elementor-section elementor-top-section elementor-element elementor-element-1181cbc elementor-section-boxed elementor-section-height-default elementor-section-height-default\" data-id=\"1181cbc\" data-element_type=\"section\" data-e-type=\"section\" data-settings=\"{&quot;background_background&quot;:&quot;classic&quot;}\">\n\t\t\t\t\t\t<div class=\"elementor-container elementor-column-gap-default\">\n\t\t\t\t\t<div class=\"elementor-column elementor-col-50 elementor-top-column elementor-element elementor-element-46acb5b\" data-id=\"46acb5b\" data-element_type=\"column\" data-e-type=\"column\" data-settings=\"{&quot;background_background&quot;:&quot;classic&quot;}\">\n\t\t\t<div class=\"elementor-widget-wrap elementor-element-populated\">\n\t\t\t\t\t\t<div class=\"elementor-element elementor-element-72cef86 elementor-widget elementor-widget-gallery\" data-id=\"72cef86\" data-element_type=\"widget\" data-e-type=\"widget\" data-settings=\"{&quot;columns&quot;:2,&quot;lazyload&quot;:&quot;yes&quot;,&quot;gallery_layout&quot;:&quot;grid&quot;,&quot;columns_tablet&quot;:2,&quot;columns_mobile&quot;:1,&quot;gap&quot;:{&quot;unit&quot;:&quot;px&quot;,&quot;size&quot;:10,&quot;sizes&quot;:[]},&quot;gap_tablet&quot;:{&quot;unit&quot;:&quot;px&quot;,&quot;size&quot;:10,&quot;sizes&quot;:[]},&quot;gap_mobile&quot;:{&quot;unit&quot;:&quot;px&quot;,&quot;size&quot;:10,&quot;sizes&quot;:[]},&quot;link_to&quot;:&quot;file&quot;,&quot;aspect_ratio&quot;:&quot;3:2&quot;,&quot;overlay_background&quot;:&quot;yes&quot;,&quot;content_hover_animation&quot;:&quot;fade-in&quot;}\" data-widget_type=\"gallery.default\">\n\t\t\t\t<div class=\"elementor-widget-container\">\n\t\t\t\t\t\t\t<div class=\"elementor-gallery__container\">\n\t\t\t\t\t\t\t<a class=\"e-gallery-item elementor-gallery-item elementor-animated-content\" href=\"https:\/\/rhinoequipment.us\/wp-content\/uploads\/2022\/09\/fotonoticianoviembre426x495.jpg\" data-elementor-open-lightbox=\"yes\" data-elementor-lightbox-slideshow=\"72cef86\" data-elementor-lightbox-description=\"US ambassador to Colombia Philip Goldberg and Javier C\u00e1rdenas President and CEO of Rhino Eq.\" data-e-action-hash=\"#elementor-action%3Aaction%3Dlightbox%26settings%3DeyJpZCI6NzgxMSwidXJsIjoiaHR0cHM6XC9cL3JoaW5vZXF1aXBtZW50LnVzXC93cC1jb250ZW50XC91cGxvYWRzXC8yMDIyXC8wOVwvZm90b25vdGljaWFub3ZpZW1icmU0MjZ4NDk1LmpwZyIsInNsaWRlc2hvdyI6IjcyY2VmODYifQ%3D%3D\">\n\t\t\t\t\t<div class=\"e-gallery-image elementor-gallery-item__image\" data-thumbnail=\"https:\/\/rhinoequipment.us\/wp-content\/uploads\/2022\/09\/fotonoticianoviembre426x495-258x300.jpg\" data-width=\"258\" data-height=\"300\" aria-label=\"\" role=\"img\" ><\/div>\n\t\t\t\t\t\t\t\t\t\t\t<div class=\"elementor-gallery-item__overlay\"><\/div>\n\t\t\t\t\t\t\t\t\t\t\t\t\t\t<\/a>\n\t\t\t\t\t\t\t<a class=\"e-gallery-item elementor-gallery-item elementor-animated-content\" href=\"https:\/\/rhinoequipment.us\/wp-content\/uploads\/2022\/09\/logouscommercial425x567.jpg\" data-elementor-open-lightbox=\"yes\" data-elementor-lightbox-slideshow=\"72cef86\" data-elementor-lightbox-description=\"US Commercial Service 2019\" data-e-action-hash=\"#elementor-action%3Aaction%3Dlightbox%26settings%3DeyJpZCI6NzgxMiwidXJsIjoiaHR0cHM6XC9cL3JoaW5vZXF1aXBtZW50LnVzXC93cC1jb250ZW50XC91cGxvYWRzXC8yMDIyXC8wOVwvbG9nb3VzY29tbWVyY2lhbDQyNXg1NjcuanBnIiwic2xpZGVzaG93IjoiNzJjZWY4NiJ9\">\n\t\t\t\t\t<div class=\"e-gallery-image elementor-gallery-item__image\" data-thumbnail=\"https:\/\/rhinoequipment.us\/wp-content\/uploads\/2022\/09\/logouscommercial425x567-225x300.jpg\" data-width=\"225\" data-height=\"300\" aria-label=\"\" role=\"img\" ><\/div>\n\t\t\t\t\t\t\t\t\t\t\t<div class=\"elementor-gallery-item__overlay\"><\/div>\n\t\t\t\t\t\t\t\t\t\t\t\t\t\t<\/a>\n\t\t\t\t\t\t\t<a class=\"e-gallery-item elementor-gallery-item elementor-animated-content\" href=\"https:\/\/rhinoequipment.us\/wp-content\/uploads\/2022\/09\/uscommercial-2.jpg\" data-elementor-open-lightbox=\"yes\" data-elementor-lightbox-slideshow=\"72cef86\" data-elementor-lightbox-description=\"US Commercial Service 2019\" data-e-action-hash=\"#elementor-action%3Aaction%3Dlightbox%26settings%3DeyJpZCI6NzgxMywidXJsIjoiaHR0cHM6XC9cL3JoaW5vZXF1aXBtZW50LnVzXC93cC1jb250ZW50XC91cGxvYWRzXC8yMDIyXC8wOVwvdXNjb21tZXJjaWFsLTIuanBnIiwic2xpZGVzaG93IjoiNzJjZWY4NiJ9\">\n\t\t\t\t\t<div class=\"e-gallery-image elementor-gallery-item__image\" data-thumbnail=\"https:\/\/rhinoequipment.us\/wp-content\/uploads\/2022\/09\/uscommercial-2-254x300.jpg\" data-width=\"254\" data-height=\"300\" aria-label=\"\" role=\"img\" ><\/div>\n\t\t\t\t\t\t\t\t\t\t\t<div class=\"elementor-gallery-item__overlay\"><\/div>\n\t\t\t\t\t\t\t\t\t\t\t\t\t\t<\/a>\n\t\t\t\t\t<\/div>\n\t\t\t\t\t<\/div>\n\t\t\t\t<\/div>\n\t\t\t\t\t<\/div>\n\t\t<\/div>\n\t\t\t\t<div class=\"elementor-column elementor-col-50 elementor-top-column elementor-element elementor-element-d35009f\" data-id=\"d35009f\" data-element_type=\"column\" data-e-type=\"column\" data-settings=\"{&quot;background_background&quot;:&quot;classic&quot;}\">\n\t\t\t<div class=\"elementor-widget-wrap elementor-element-populated\">\n\t\t\t\t\t\t<div class=\"elementor-element elementor-element-5ad63aa elementor-widget elementor-widget-text-editor\" data-id=\"5ad63aa\" data-element_type=\"widget\" data-e-type=\"widget\" data-widget_type=\"text-editor.default\">\n\t\t\t\t<div class=\"elementor-widget-container\">\n\t\t\t\t\t\t\t\t\t<p><a href=\"https:\/\/www.trade.gov\/us-commercial-service\">US Comercial 2019<\/a> LOOK SOUTH es un esfuerzo coordinado del Gobierno Federal dirigido por el Departamento de Comercio de EE.UU. para ayudar a m\u00e1s empresas estadounidenses a \u00abmirar hacia el Sur\u00bb para hacer negocios y ampliar las ventas a mercados din\u00e1micos, incluyendo M\u00e9xico y nuestros otros 10 socios del Tratado de Libre Comercio (TLC) en Am\u00e9rica Central y del Sur.  Estas 11 econom\u00edas -Chile, Colombia, Costa Rica, Rep\u00fablica Dominicana, El Salvador, Guatemala, Honduras, M\u00e9xico, Nicaragua, Panam\u00e1 y Per\u00fa- cuentan con una base de consumidores de clase media en r\u00e1pido crecimiento e industrias en diversificaci\u00f3n.<\/p><p>La iniciativa comercial estadounidense Look South ayudar\u00e1 a las empresas de todo el pa\u00eds a explorar estos mercados, conocer las oportunidades emergentes y aprovechar los programas, servicios y financiaci\u00f3n federales que pueden ayudar a las empresas a cerrar acuerdos. Look South presenta a nuestros socios del Tratado de Libre Comercio en Am\u00e9rica Latina. Para obtener informaci\u00f3n sobre todos los mercados del hemisferio occidental, visite nuestro sitio Trade Americas.<\/p>\t\t\t\t\t\t\t\t<\/div>\n\t\t\t\t<\/div>\n\t\t\t\t\t<\/div>\n\t\t<\/div>\n\t\t\t\t\t<\/div>\n\t\t<\/section>\n\t\t\t\t<section class=\"elementor-section elementor-top-section elementor-element elementor-element-3a577b2 elementor-section-boxed elementor-section-height-default elementor-section-height-default\" data-id=\"3a577b2\" data-element_type=\"section\" data-e-type=\"section\" data-settings=\"{&quot;background_background&quot;:&quot;classic&quot;}\">\n\t\t\t\t\t\t<div class=\"elementor-container elementor-column-gap-default\">\n\t\t\t\t\t<div class=\"elementor-column elementor-col-100 elementor-top-column elementor-element elementor-element-b783469\" data-id=\"b783469\" data-element_type=\"column\" data-e-type=\"column\">\n\t\t\t<div class=\"elementor-widget-wrap elementor-element-populated\">\n\t\t\t\t\t\t<div class=\"elementor-element elementor-element-caec848 elementor-widget elementor-widget-spacer\" data-id=\"caec848\" data-element_type=\"widget\" data-e-type=\"widget\" data-widget_type=\"spacer.default\">\n\t\t\t\t<div class=\"elementor-widget-container\">\n\t\t\t\t\t\t\t<div class=\"elementor-spacer\">\n\t\t\t<div class=\"elementor-spacer-inner\"><\/div>\n\t\t<\/div>\n\t\t\t\t\t\t<\/div>\n\t\t\t\t<\/div>\n\t\t\t\t\t<\/div>\n\t\t<\/div>\n\t\t\t\t\t<\/div>\n\t\t<\/section>\n\t\t\t\t<section class=\"elementor-section elementor-top-section elementor-element elementor-element-fd23d88 elementor-section-boxed elementor-section-height-default elementor-section-height-default\" data-id=\"fd23d88\" data-element_type=\"section\" data-e-type=\"section\">\n\t\t\t\t\t\t<div class=\"elementor-container elementor-column-gap-default\">\n\t\t\t\t\t<div class=\"elementor-column elementor-col-100 elementor-top-column elementor-element elementor-element-9c65278\" data-id=\"9c65278\" data-element_type=\"column\" data-e-type=\"column\">\n\t\t\t<div class=\"elementor-widget-wrap elementor-element-populated\">\n\t\t\t\t\t\t<div class=\"elementor-element elementor-element-0d225e3 elementor-widget elementor-widget-text-editor\" data-id=\"0d225e3\" data-element_type=\"widget\" data-e-type=\"widget\" data-widget_type=\"text-editor.default\">\n\t\t\t\t<div class=\"elementor-widget-container\">\n\t\t\t\t\t\t\t\t\t<span id=\"contenido-oculto\" style=\"font-size: 16px;\">. Ceapi Congress\u200b ed dui et viverra. Aliquam in auctor ante, sed congue erat. Praesent fringilla pharetra imperdiet. Us Comercial Vivamus eleifend eleifend massa, eu posuere nunc laoreet sed. Curabitur at ex sem at ex sem.\n<h6>NOW<\/h6>\nUs Comercial Fusce semper quam mattis ultrices posuere. Aliquam eu urna sed lacus convallis porttitor ut vel risus. Curabitur vel ligula id ipsum molestie consequat. Mauris vel velit ac purus viverra consequat sed quis diam. Proin elit turpis volutpat fermentum. Sed et erat ut mauris convallis egestas eget sed tellus. Sed non gravida ex, in dignissim tellus. Nullam bibendum nunc dui. Vestibulum ante ipsum primis in faucibus orci luctus et ultrices posuere cubilia curae; Nunc convallis sed lorem eget dapibus. In venenatis porttitor urna, non pellentesque tortor malesuada et. sit amet, consectetur adipiscing elit. Curabitur luctus venenatis nunc nec elementum. Fusce facilisis rhoncus ante non consequat. Duis tempor pellentesque nisi, quis volutpat eros lacinia eget. Duis lorem mi, malesuada id nisl sed, congue efficitur arcu. In iaculis turpis sed mauris fermentum ullamcorper. Proin id dapibus ante.\net, interdum convallis tellus. Fusce at tortor elementum, mollis ex non, ornare ante. Fusce malesuada,\n\nconsectetur adipiscing elit. Curabitur luctus venenatis nunc nec elementum. Fusce facilisis rhoncus e nisi, quis volutpat eros lacinia eget. Duis lorem mi, malesuada id nisl sed, congue efficitur arcu. In\n\nalso Integer lobortis scelerisque vulputate. Aliquam pretium ornare. Donec non neque eleifend, finibus erat ac, faucibus massa<\/span>\t\t\t\t\t\t\t\t<\/div>\n\t\t\t\t<\/div>\n\t\t\t\t\t<\/div>\n\t\t<\/div>\n\t\t\t\t\t<\/div>\n\t\t<\/section>\n\t\t\t\t<\/div>","protected":false},"excerpt":{"rendered":"<p>US Commercial 2019 US Comercial 2019 LOOK SOUTH is a coordinated Federal Government effort led by the U.S. Department of Commerce to help more American companies \u201cLook South\u201d to do business with and expand sales to dynamic markets including Mexico and our 10 other Free Trade Agreement (FTA) partners in Central and South America.\u00a0 These [&hellip;]<\/p>\n","protected":false},"author":1,"featured_media":0,"parent":0,"menu_order":0,"comment_status":"closed","ping_status":"closed","template":"","meta":{"site-sidebar-layout":"no-sidebar","site-content-layout":"page-builder","ast-site-content-layout":"full-width-container","site-content-style":"unboxed","site-sidebar-style":"unboxed","ast-global-header-display":"","ast-banner-title-visibility":"","ast-main-header-display":"","ast-hfb-above-header-display":"","ast-hfb-below-header-display":"","ast-hfb-mobile-header-display":"","site-post-title":"disabled","ast-breadcrumbs-content":"","ast-featured-img":"disabled","footer-sml-layout":"","ast-disable-related-posts":"","theme-transparent-header-meta":"default","adv-header-id-meta":"","stick-header-meta":"","header-above-stick-meta":"","header-main-stick-meta":"","header-below-stick-meta":"","astra-migrate-meta-layouts":"set","ast-page-background-enabled":"default","ast-page-background-meta":{"desktop":{"background-color":"var(--ast-global-color-4)","background-image":"","background-repeat":"repeat","background-position":"center center","background-size":"auto","background-attachment":"scroll","background-type":"","background-media":"","overlay-type":"","overlay-color":"","overlay-opacity":"","overlay-gradient":""},"tablet":{"background-color":"","background-image":"","background-repeat":"repeat","background-position":"center center","background-size":"auto","background-attachment":"scroll","background-type":"","background-media":"","overlay-type":"","overlay-color":"","overlay-opacity":"","overlay-gradient":""},"mobile":{"background-color":"","background-image":"","background-repeat":"repeat","background-position":"center center","background-size":"auto","background-attachment":"scroll","background-type":"","background-media":"","overlay-type":"","overlay-color":"","overlay-opacity":"","overlay-gradient":""}},"ast-content-background-meta":{"desktop":{"background-color":"var(--ast-global-color-5)","background-image":"","background-repeat":"repeat","background-position":"center center","background-size":"auto","background-attachment":"scroll","background-type":"","background-media":"","overlay-type":"","overlay-color":"","overlay-opacity":"","overlay-gradient":""},"tablet":{"background-color":"var(--ast-global-color-5)","background-image":"","background-repeat":"repeat","background-position":"center center","background-size":"auto","background-attachment":"scroll","background-type":"","background-media":"","overlay-type":"","overlay-color":"","overlay-opacity":"","overlay-gradient":""},"mobile":{"background-color":"var(--ast-global-color-5)","background-image":"","background-repeat":"repeat","background-position":"center center","background-size":"auto","background-attachment":"scroll","background-type":"","background-media":"","overlay-type":"","overlay-color":"","overlay-opacity":"","overlay-gradient":""}},"footnotes":""},"class_list":["post-7809","page","type-page","status-publish","hentry"],"yoast_head":"<!-- This site is optimized with the Yoast SEO plugin v27.4 - https:\/\/yoast.com\/product\/yoast-seo-wordpress\/ -->\n<title>US Commercial - Rhino Equipment<\/title>\n<meta name=\"description\" content=\"US Commercial 2019: Look South connects American businesses with vibrant markets in Latin America. Explore now\" \/>\n<meta name=\"robots\" content=\"index, follow, max-snippet:-1, max-image-preview:large, max-video-preview:-1\" \/>\n<link rel=\"canonical\" href=\"https:\/\/rhinoequipment.us\/es\/us-commercial\/\" \/>\n<script type=\"application\/ld+json\" class=\"yoast-schema-graph\">{\"@context\":\"https:\\\/\\\/schema.org\",\"@graph\":[{\"@type\":\"WebPage\",\"@id\":\"https:\\\/\\\/rhinoequipment.us\\\/us-commercial\\\/\",\"url\":\"https:\\\/\\\/rhinoequipment.us\\\/us-commercial\\\/\",\"name\":\"US Commercial - Rhino Equipment\",\"isPartOf\":{\"@id\":\"https:\\\/\\\/rhinoequipment.us\\\/#website\"},\"datePublished\":\"2022-09-28T16:13:05+00:00\",\"dateModified\":\"2025-02-18T15:38:05+00:00\",\"description\":\"US Commercial 2019: Look South connects American businesses with vibrant markets in Latin America. Explore now\",\"breadcrumb\":{\"@id\":\"https:\\\/\\\/rhinoequipment.us\\\/us-commercial\\\/#breadcrumb\"},\"inLanguage\":\"es\",\"potentialAction\":[{\"@type\":\"ReadAction\",\"target\":[\"https:\\\/\\\/rhinoequipment.us\\\/us-commercial\\\/\"]}]},{\"@type\":\"BreadcrumbList\",\"@id\":\"https:\\\/\\\/rhinoequipment.us\\\/us-commercial\\\/#breadcrumb\",\"itemListElement\":[{\"@type\":\"ListItem\",\"position\":1,\"name\":\"Home\",\"item\":\"https:\\\/\\\/rhinoequipment.us\\\/\"},{\"@type\":\"ListItem\",\"position\":2,\"name\":\"News39\"}]},{\"@type\":\"WebSite\",\"@id\":\"https:\\\/\\\/rhinoequipment.us\\\/#website\",\"url\":\"https:\\\/\\\/rhinoequipment.us\\\/\",\"name\":\"Rhino Equipment\",\"description\":\"Full Line of Construction Equipment\",\"publisher\":{\"@id\":\"https:\\\/\\\/rhinoequipment.us\\\/#organization\"},\"alternateName\":\"Rhino Equipment\",\"potentialAction\":[{\"@type\":\"SearchAction\",\"target\":{\"@type\":\"EntryPoint\",\"urlTemplate\":\"https:\\\/\\\/rhinoequipment.us\\\/?s={search_term_string}\"},\"query-input\":{\"@type\":\"PropertyValueSpecification\",\"valueRequired\":true,\"valueName\":\"search_term_string\"}}],\"inLanguage\":\"es\"},{\"@type\":\"Organization\",\"@id\":\"https:\\\/\\\/rhinoequipment.us\\\/#organization\",\"name\":\"Rhino Equipment\",\"url\":\"https:\\\/\\\/rhinoequipment.us\\\/\",\"logo\":{\"@type\":\"ImageObject\",\"inLanguage\":\"es\",\"@id\":\"https:\\\/\\\/rhinoequipment.us\\\/#\\\/schema\\\/logo\\\/image\\\/\",\"url\":\"https:\\\/\\\/rhinoequipment.us\\\/wp-content\\\/uploads\\\/2022\\\/06\\\/Rhino_equipment.jpg\",\"contentUrl\":\"https:\\\/\\\/rhinoequipment.us\\\/wp-content\\\/uploads\\\/2022\\\/06\\\/Rhino_equipment.jpg\",\"width\":106,\"height\":72,\"caption\":\"Rhino Equipment\"},\"image\":{\"@id\":\"https:\\\/\\\/rhinoequipment.us\\\/#\\\/schema\\\/logo\\\/image\\\/\"},\"sameAs\":[\"https:\\\/\\\/www.facebook.com\\\/RhinoEqUsa\\\/\",\"https:\\\/\\\/x.com\\\/Rhino_Eq\",\"https:\\\/\\\/www.instagram.com\\\/rhinoeq_usa\\\/\",\"https:\\\/\\\/www.youtube.com\\\/user\\\/rhinoeq\"]}]}<\/script>\n<!-- \/ Yoast SEO plugin. -->","yoast_head_json":{"title":"US Commercial - Rhino Equipment","description":"US Commercial 2019: Look South connects American businesses with vibrant markets in Latin America. Explore now","robots":{"index":"index","follow":"follow","max-snippet":"max-snippet:-1","max-image-preview":"max-image-preview:large","max-video-preview":"max-video-preview:-1"},"canonical":"https:\/\/rhinoequipment.us\/es\/us-commercial\/","schema":{"@context":"https:\/\/schema.org","@graph":[{"@type":"WebPage","@id":"https:\/\/rhinoequipment.us\/us-commercial\/","url":"https:\/\/rhinoequipment.us\/us-commercial\/","name":"US Commercial - Rhino Equipment","isPartOf":{"@id":"https:\/\/rhinoequipment.us\/#website"},"datePublished":"2022-09-28T16:13:05+00:00","dateModified":"2025-02-18T15:38:05+00:00","description":"US Commercial 2019: Look South connects American businesses with vibrant markets in Latin America. Explore now","breadcrumb":{"@id":"https:\/\/rhinoequipment.us\/us-commercial\/#breadcrumb"},"inLanguage":"es","potentialAction":[{"@type":"ReadAction","target":["https:\/\/rhinoequipment.us\/us-commercial\/"]}]},{"@type":"BreadcrumbList","@id":"https:\/\/rhinoequipment.us\/us-commercial\/#breadcrumb","itemListElement":[{"@type":"ListItem","position":1,"name":"Home","item":"https:\/\/rhinoequipment.us\/"},{"@type":"ListItem","position":2,"name":"News39"}]},{"@type":"WebSite","@id":"https:\/\/rhinoequipment.us\/#website","url":"https:\/\/rhinoequipment.us\/","name":"Rhino Equipment","description":"Full Line of Construction Equipment","publisher":{"@id":"https:\/\/rhinoequipment.us\/#organization"},"alternateName":"Rhino Equipment","potentialAction":[{"@type":"SearchAction","target":{"@type":"EntryPoint","urlTemplate":"https:\/\/rhinoequipment.us\/?s={search_term_string}"},"query-input":{"@type":"PropertyValueSpecification","valueRequired":true,"valueName":"search_term_string"}}],"inLanguage":"es"},{"@type":"Organization","@id":"https:\/\/rhinoequipment.us\/#organization","name":"Rhino Equipment","url":"https:\/\/rhinoequipment.us\/","logo":{"@type":"ImageObject","inLanguage":"es","@id":"https:\/\/rhinoequipment.us\/#\/schema\/logo\/image\/","url":"https:\/\/rhinoequipment.us\/wp-content\/uploads\/2022\/06\/Rhino_equipment.jpg","contentUrl":"https:\/\/rhinoequipment.us\/wp-content\/uploads\/2022\/06\/Rhino_equipment.jpg","width":106,"height":72,"caption":"Rhino Equipment"},"image":{"@id":"https:\/\/rhinoequipment.us\/#\/schema\/logo\/image\/"},"sameAs":["https:\/\/www.facebook.com\/RhinoEqUsa\/","https:\/\/x.com\/Rhino_Eq","https:\/\/www.instagram.com\/rhinoeq_usa\/","https:\/\/www.youtube.com\/user\/rhinoeq"]}]}},"_links":{"self":[{"href":"https:\/\/rhinoequipment.us\/es\/wp-json\/wp\/v2\/pages\/7809","targetHints":{"allow":["GET"]}}],"collection":[{"href":"https:\/\/rhinoequipment.us\/es\/wp-json\/wp\/v2\/pages"}],"about":[{"href":"https:\/\/rhinoequipment.us\/es\/wp-json\/wp\/v2\/types\/page"}],"author":[{"embeddable":true,"href":"https:\/\/rhinoequipment.us\/es\/wp-json\/wp\/v2\/users\/1"}],"replies":[{"embeddable":true,"href":"https:\/\/rhinoequipment.us\/es\/wp-json\/wp\/v2\/comments?post=7809"}],"version-history":[{"count":5,"href":"https:\/\/rhinoequipment.us\/es\/wp-json\/wp\/v2\/pages\/7809\/revisions"}],"predecessor-version":[{"id":24785,"href":"https:\/\/rhinoequipment.us\/es\/wp-json\/wp\/v2\/pages\/7809\/revisions\/24785"}],"wp:attachment":[{"href":"https:\/\/rhinoequipment.us\/es\/wp-json\/wp\/v2\/media?parent=7809"}],"curies":[{"name":"wp","href":"https:\/\/api.w.org\/{rel}","templated":true}]}}