{"id":7201,"date":"2022-09-26T16:00:44","date_gmt":"2022-09-26T16:00:44","guid":{"rendered":"https:\/\/rhinoequipment.us\/?page_id=7201"},"modified":"2025-06-09T16:39:43","modified_gmt":"2025-06-09T16:39:43","slug":"rhino-rwl163","status":"publish","type":"page","link":"https:\/\/rhinoequipment.us\/es\/rhino-rwl163\/","title":{"rendered":"News4"},"content":{"rendered":"<div data-elementor-type=\"wp-page\" data-elementor-id=\"7201\" class=\"elementor elementor-7201\" data-elementor-post-type=\"page\">\n\t\t\t\t\t\t<section class=\"elementor-section elementor-top-section elementor-element elementor-element-a6f3d97 elementor-section-boxed elementor-section-height-default elementor-section-height-default\" data-id=\"a6f3d97\" data-element_type=\"section\" data-e-type=\"section\" data-settings=\"{&quot;background_background&quot;:&quot;classic&quot;}\">\n\t\t\t\t\t\t<div class=\"elementor-container elementor-column-gap-default\">\n\t\t\t\t\t<div class=\"elementor-column elementor-col-100 elementor-top-column elementor-element elementor-element-1de02fe\" data-id=\"1de02fe\" data-element_type=\"column\" data-e-type=\"column\" data-settings=\"{&quot;background_background&quot;:&quot;classic&quot;}\">\n\t\t\t<div class=\"elementor-widget-wrap elementor-element-populated\">\n\t\t\t\t\t\t<div class=\"elementor-element elementor-element-9818d78 elementor-widget elementor-widget-heading\" data-id=\"9818d78\" data-element_type=\"widget\" data-e-type=\"widget\" data-widget_type=\"heading.default\">\n\t\t\t\t<div class=\"elementor-widget-container\">\n\t\t\t\t\t<h1 class=\"elementor-heading-title elementor-size-default\">Rhino\u00ae RWL163 Review<\/h1>\t\t\t\t<\/div>\n\t\t\t\t<\/div>\n\t\t\t\t\t<\/div>\n\t\t<\/div>\n\t\t\t\t\t<\/div>\n\t\t<\/section>\n\t\t\t\t<section class=\"elementor-section elementor-top-section elementor-element elementor-element-1181cbc elementor-section-boxed elementor-section-height-default elementor-section-height-default\" data-id=\"1181cbc\" data-element_type=\"section\" data-e-type=\"section\" data-settings=\"{&quot;background_background&quot;:&quot;classic&quot;}\">\n\t\t\t\t\t\t<div class=\"elementor-container elementor-column-gap-default\">\n\t\t\t\t\t<div class=\"elementor-column elementor-col-50 elementor-top-column elementor-element elementor-element-46acb5b\" data-id=\"46acb5b\" data-element_type=\"column\" data-e-type=\"column\" data-settings=\"{&quot;background_background&quot;:&quot;classic&quot;}\">\n\t\t\t<div class=\"elementor-widget-wrap elementor-element-populated\">\n\t\t\t\t\t\t<div class=\"elementor-element elementor-element-b45f807 elementor-widget elementor-widget-video\" data-id=\"b45f807\" data-element_type=\"widget\" data-e-type=\"widget\" data-settings=\"{&quot;youtube_url&quot;:&quot;https:\\\/\\\/www.youtube.com\\\/watch?v=D77U1HcSyt4&quot;,&quot;video_type&quot;:&quot;youtube&quot;,&quot;controls&quot;:&quot;yes&quot;}\" data-widget_type=\"video.default\">\n\t\t\t\t<div class=\"elementor-widget-container\">\n\t\t\t\t\t\t\t<div class=\"elementor-wrapper elementor-open-inline\">\n\t\t\t<div class=\"elementor-video\"><\/div>\t\t<\/div>\n\t\t\t\t\t\t<\/div>\n\t\t\t\t<\/div>\n\t\t\t\t\t<\/div>\n\t\t<\/div>\n\t\t\t\t<div class=\"elementor-column elementor-col-50 elementor-top-column elementor-element elementor-element-d35009f\" data-id=\"d35009f\" data-element_type=\"column\" data-e-type=\"column\" data-settings=\"{&quot;background_background&quot;:&quot;classic&quot;}\">\n\t\t\t<div class=\"elementor-widget-wrap elementor-element-populated\">\n\t\t\t\t\t\t<div class=\"elementor-element elementor-element-5ad63aa elementor-widget elementor-widget-text-editor\" data-id=\"5ad63aa\" data-element_type=\"widget\" data-e-type=\"widget\" data-widget_type=\"text-editor.default\">\n\t\t\t\t<div class=\"elementor-widget-container\">\n\t\t\t\t\t\t\t\t\t<p>Rhino<em>\u00ae<\/em> RWL163 est\u00e1 dise\u00f1ado para mantener su competitividad, estos cargadores le permiten terminar el trabajo m\u00e1s r\u00e1pido y poner m\u00e1s ganancias en su bolsillo. RWL163 le brinda el m\u00e1ximo tiempo de actividad y una operaci\u00f3n de bajo costo. Productividad, rendimiento, confiabilidad y comodidad son todo lo que necesita en una gran m\u00e1quina.<\/p>\t\t\t\t\t\t\t\t<\/div>\n\t\t\t\t<\/div>\n\t\t\t\t\t<\/div>\n\t\t<\/div>\n\t\t\t\t\t<\/div>\n\t\t<\/section>\n\t\t\t\t<section class=\"elementor-section elementor-top-section elementor-element elementor-element-826b78c elementor-section-boxed elementor-section-height-default elementor-section-height-default\" data-id=\"826b78c\" data-element_type=\"section\" data-e-type=\"section\" data-settings=\"{&quot;background_background&quot;:&quot;classic&quot;}\">\n\t\t\t\t\t\t<div class=\"elementor-container elementor-column-gap-default\">\n\t\t\t\t\t<div class=\"elementor-column elementor-col-100 elementor-top-column elementor-element elementor-element-d0cc691\" data-id=\"d0cc691\" data-element_type=\"column\" data-e-type=\"column\">\n\t\t\t<div class=\"elementor-widget-wrap elementor-element-populated\">\n\t\t\t\t\t\t<div class=\"elementor-element elementor-element-e96f497 elementor-widget elementor-widget-spacer\" data-id=\"e96f497\" data-element_type=\"widget\" data-e-type=\"widget\" data-widget_type=\"spacer.default\">\n\t\t\t\t<div class=\"elementor-widget-container\">\n\t\t\t\t\t\t\t<div class=\"elementor-spacer\">\n\t\t\t<div class=\"elementor-spacer-inner\"><\/div>\n\t\t<\/div>\n\t\t\t\t\t\t<\/div>\n\t\t\t\t<\/div>\n\t\t\t\t\t<\/div>\n\t\t<\/div>\n\t\t\t\t\t<\/div>\n\t\t<\/section>\n\t\t\t\t<section class=\"elementor-section elementor-top-section elementor-element elementor-element-6d0f07d elementor-section-boxed elementor-section-height-default elementor-section-height-default\" data-id=\"6d0f07d\" data-element_type=\"section\" data-e-type=\"section\">\n\t\t\t\t\t\t<div class=\"elementor-container elementor-column-gap-default\">\n\t\t\t\t\t<div class=\"elementor-column elementor-col-100 elementor-top-column elementor-element elementor-element-8416669\" data-id=\"8416669\" data-element_type=\"column\" data-e-type=\"column\">\n\t\t\t<div class=\"elementor-widget-wrap elementor-element-populated\">\n\t\t\t\t\t\t<div class=\"elementor-element elementor-element-b8779fe elementor-widget elementor-widget-text-editor\" data-id=\"b8779fe\" data-element_type=\"widget\" data-e-type=\"widget\" data-widget_type=\"text-editor.default\">\n\t\t\t\t<div class=\"elementor-widget-container\">\n\t\t\t\t\t\t\t\t\t<span id=\"contenido-oculto\" style=\"font-size: 16px;\">. Rhino RWL163\u200b ed dui et viverra. Aliquam in auctor ante, sed congue erat. Praesent fringilla pharetra imperdiet. Us Comercial Vivamus eleifend eleifend massa, eu posuere nunc laoreet sed. Curabitur at ex sem at ex sem.\n<h6>NOW<\/h6>\nUs Comercial Fusce semper quam mattis ultrices posuere. Aliquam eu urna sed lacus convallis porttitor ut vel risus. Rhino RWL163 Curabitur vel ligula id ipsum molestie consequat. Mauris vel velit ac purus viverra consequat sed quis diam. Proin elit turpis volutpat fermentum. Sed et erat ut mauris convallis egestas eget sed tellus. Sed non gravida ex, in dignissim tellus. Nullam bibendum nunc dui. Vestibulum ante ipsum primis in faucibus orci luctus et ultrices posuere cubilia curae; Nunc convallis sed lorem eget dapibus. In venenatis porttitor urna, non pellentesque tortor malesuada et. sit amet, consectetur adipiscing elit. Curabitur luctus venenatis nunc nec elementum. Fusce facilisis rhoncus ante non consequat. Duis tempor pellentesque nisi, quis volutpat eros lacinia eget. Duis lorem mi, malesuada id nisl sed, congue efficitur arcu. In iaculis turpis sed mauris fermentum ullamcorper. Proin id dapibus ante.\net, interdum convallis tellus. Fusce at tortor elementum, mollis ex non, ornare ante. Fusce malesuada,malesuada id nisl sed, congue efficitur arcu. In iaculis turpis sed mauris fermentum ullamcorper. Proin id dapibus ante.\net, interdum convallis tellus. Fusce at tortor elementum, mollis ex non, ornare ante. Fusce malesuada,\n<h6>consectetur<\/h6>\nadipiscing elit. Curabitur luctus venenatis nunc nec elementum. Fusce facilisis rhoncus e nisi, quis volutpat eros lacinia eget. Duis lorem mi, malesuada id nisl sed, congue efficitur arcu. In\n\nalso Integer lobortis scelerisque vulputate. Aliquam pretium ornare. Donec non neque eleifend, finibus erat ac, faucibus massa\u00a0<a href=\"https:\/\/rhinoequipment.us\/es\/\">.<\/a>\u00a0<a href=\"https:\/\/merscolombia.com\/\">.<\/a><\/span>\t\t\t\t\t\t\t\t<\/div>\n\t\t\t\t<\/div>\n\t\t\t\t\t<\/div>\n\t\t<\/div>\n\t\t\t\t\t<\/div>\n\t\t<\/section>\n\t\t\t\t<\/div>","protected":false},"excerpt":{"rendered":"<p>Rhino\u00ae RWL163 Review https:\/\/www.youtube.com\/watch?v=D77U1HcSyt4 Rhino\u00ae RWL163 is designed to keep you competitive, these loaders let you finish the job faster and put more profit in your pocket. RWL163 brings you maximum uptime and low-cost operation. Productivity, performance, reliability and comfort, are all that you need in one great machine. . Rhino RWL163\u200b ed dui et [&hellip;]<\/p>\n","protected":false},"author":1,"featured_media":22537,"parent":0,"menu_order":0,"comment_status":"closed","ping_status":"closed","template":"","meta":{"site-sidebar-layout":"no-sidebar","site-content-layout":"page-builder","ast-site-content-layout":"full-width-container","site-content-style":"unboxed","site-sidebar-style":"unboxed","ast-global-header-display":"","ast-banner-title-visibility":"","ast-main-header-display":"","ast-hfb-above-header-display":"","ast-hfb-below-header-display":"","ast-hfb-mobile-header-display":"","site-post-title":"disabled","ast-breadcrumbs-content":"","ast-featured-img":"disabled","footer-sml-layout":"","ast-disable-related-posts":"","theme-transparent-header-meta":"default","adv-header-id-meta":"","stick-header-meta":"","header-above-stick-meta":"","header-main-stick-meta":"","header-below-stick-meta":"","astra-migrate-meta-layouts":"set","ast-page-background-enabled":"default","ast-page-background-meta":{"desktop":{"background-color":"var(--ast-global-color-4)","background-image":"","background-repeat":"repeat","background-position":"center center","background-size":"auto","background-attachment":"scroll","background-type":"","background-media":"","overlay-type":"","overlay-color":"","overlay-opacity":"","overlay-gradient":""},"tablet":{"background-color":"","background-image":"","background-repeat":"repeat","background-position":"center center","background-size":"auto","background-attachment":"scroll","background-type":"","background-media":"","overlay-type":"","overlay-color":"","overlay-opacity":"","overlay-gradient":""},"mobile":{"background-color":"","background-image":"","background-repeat":"repeat","background-position":"center center","background-size":"auto","background-attachment":"scroll","background-type":"","background-media":"","overlay-type":"","overlay-color":"","overlay-opacity":"","overlay-gradient":""}},"ast-content-background-meta":{"desktop":{"background-color":"var(--ast-global-color-5)","background-image":"","background-repeat":"repeat","background-position":"center center","background-size":"auto","background-attachment":"scroll","background-type":"","background-media":"","overlay-type":"","overlay-color":"","overlay-opacity":"","overlay-gradient":""},"tablet":{"background-color":"var(--ast-global-color-5)","background-image":"","background-repeat":"repeat","background-position":"center center","background-size":"auto","background-attachment":"scroll","background-type":"","background-media":"","overlay-type":"","overlay-color":"","overlay-opacity":"","overlay-gradient":""},"mobile":{"background-color":"var(--ast-global-color-5)","background-image":"","background-repeat":"repeat","background-position":"center center","background-size":"auto","background-attachment":"scroll","background-type":"","background-media":"","overlay-type":"","overlay-color":"","overlay-opacity":"","overlay-gradient":""}},"footnotes":""},"class_list":["post-7201","page","type-page","status-publish","has-post-thumbnail","hentry"],"yoast_head":"<!-- This site is optimized with the Yoast SEO plugin v27.4 - https:\/\/yoast.com\/product\/yoast-seo-wordpress\/ -->\n<title>Rhino RWL163 - Rhino Equipment<\/title>\n<meta name=\"description\" content=\"Rhino RWL163 Review: Boost productivity and profitability with maximum uptime and low-cost operation. Experience top-notch performance\" \/>\n<meta name=\"robots\" content=\"index, follow, max-snippet:-1, max-image-preview:large, max-video-preview:-1\" \/>\n<link rel=\"canonical\" href=\"https:\/\/rhinoequipment.us\/es\/rhino-rwl163\/\" \/>\n<script type=\"application\/ld+json\" class=\"yoast-schema-graph\">{\"@context\":\"https:\\\/\\\/schema.org\",\"@graph\":[{\"@type\":\"WebPage\",\"@id\":\"https:\\\/\\\/rhinoequipment.us\\\/rhino-rwl163\\\/\",\"url\":\"https:\\\/\\\/rhinoequipment.us\\\/rhino-rwl163\\\/\",\"name\":\"Rhino RWL163 - Rhino Equipment\",\"isPartOf\":{\"@id\":\"https:\\\/\\\/rhinoequipment.us\\\/#website\"},\"primaryImageOfPage\":{\"@id\":\"https:\\\/\\\/rhinoequipment.us\\\/rhino-rwl163\\\/#primaryimage\"},\"image\":{\"@id\":\"https:\\\/\\\/rhinoequipment.us\\\/rhino-rwl163\\\/#primaryimage\"},\"thumbnailUrl\":\"https:\\\/\\\/rhinoequipment.us\\\/wp-content\\\/uploads\\\/2024\\\/09\\\/3-21-e1726506709178.png\",\"datePublished\":\"2022-09-26T16:00:44+00:00\",\"dateModified\":\"2025-06-09T16:39:43+00:00\",\"description\":\"Rhino RWL163 Review: Boost productivity and profitability with maximum uptime and low-cost operation. Experience top-notch performance\",\"breadcrumb\":{\"@id\":\"https:\\\/\\\/rhinoequipment.us\\\/rhino-rwl163\\\/#breadcrumb\"},\"inLanguage\":\"es\",\"potentialAction\":[{\"@type\":\"ReadAction\",\"target\":[\"https:\\\/\\\/rhinoequipment.us\\\/rhino-rwl163\\\/\"]}]},{\"@type\":\"ImageObject\",\"inLanguage\":\"es\",\"@id\":\"https:\\\/\\\/rhinoequipment.us\\\/rhino-rwl163\\\/#primaryimage\",\"url\":\"https:\\\/\\\/rhinoequipment.us\\\/wp-content\\\/uploads\\\/2024\\\/09\\\/3-21-e1726506709178.png\",\"contentUrl\":\"https:\\\/\\\/rhinoequipment.us\\\/wp-content\\\/uploads\\\/2024\\\/09\\\/3-21-e1726506709178.png\",\"width\":1475,\"height\":1080,\"caption\":\"Javier C\u00e1rdenas, President and CEO Rhino Equipment\"},{\"@type\":\"BreadcrumbList\",\"@id\":\"https:\\\/\\\/rhinoequipment.us\\\/rhino-rwl163\\\/#breadcrumb\",\"itemListElement\":[{\"@type\":\"ListItem\",\"position\":1,\"name\":\"Home\",\"item\":\"https:\\\/\\\/rhinoequipment.us\\\/\"},{\"@type\":\"ListItem\",\"position\":2,\"name\":\"News4\"}]},{\"@type\":\"WebSite\",\"@id\":\"https:\\\/\\\/rhinoequipment.us\\\/#website\",\"url\":\"https:\\\/\\\/rhinoequipment.us\\\/\",\"name\":\"Rhino Equipment\",\"description\":\"Full Line of Construction Equipment\",\"publisher\":{\"@id\":\"https:\\\/\\\/rhinoequipment.us\\\/#organization\"},\"alternateName\":\"Rhino Equipment\",\"potentialAction\":[{\"@type\":\"SearchAction\",\"target\":{\"@type\":\"EntryPoint\",\"urlTemplate\":\"https:\\\/\\\/rhinoequipment.us\\\/?s={search_term_string}\"},\"query-input\":{\"@type\":\"PropertyValueSpecification\",\"valueRequired\":true,\"valueName\":\"search_term_string\"}}],\"inLanguage\":\"es\"},{\"@type\":\"Organization\",\"@id\":\"https:\\\/\\\/rhinoequipment.us\\\/#organization\",\"name\":\"Rhino Equipment\",\"url\":\"https:\\\/\\\/rhinoequipment.us\\\/\",\"logo\":{\"@type\":\"ImageObject\",\"inLanguage\":\"es\",\"@id\":\"https:\\\/\\\/rhinoequipment.us\\\/#\\\/schema\\\/logo\\\/image\\\/\",\"url\":\"https:\\\/\\\/rhinoequipment.us\\\/wp-content\\\/uploads\\\/2022\\\/06\\\/Rhino_equipment.jpg\",\"contentUrl\":\"https:\\\/\\\/rhinoequipment.us\\\/wp-content\\\/uploads\\\/2022\\\/06\\\/Rhino_equipment.jpg\",\"width\":106,\"height\":72,\"caption\":\"Rhino Equipment\"},\"image\":{\"@id\":\"https:\\\/\\\/rhinoequipment.us\\\/#\\\/schema\\\/logo\\\/image\\\/\"},\"sameAs\":[\"https:\\\/\\\/www.facebook.com\\\/RhinoEqUsa\\\/\",\"https:\\\/\\\/x.com\\\/Rhino_Eq\",\"https:\\\/\\\/www.instagram.com\\\/rhinoeq_usa\\\/\",\"https:\\\/\\\/www.youtube.com\\\/user\\\/rhinoeq\"]}]}<\/script>\n<!-- \/ Yoast SEO plugin. -->","yoast_head_json":{"title":"Rhino RWL163 - Rhino Equipment","description":"Rhino RWL163 Review: Boost productivity and profitability with maximum uptime and low-cost operation. Experience top-notch performance","robots":{"index":"index","follow":"follow","max-snippet":"max-snippet:-1","max-image-preview":"max-image-preview:large","max-video-preview":"max-video-preview:-1"},"canonical":"https:\/\/rhinoequipment.us\/es\/rhino-rwl163\/","schema":{"@context":"https:\/\/schema.org","@graph":[{"@type":"WebPage","@id":"https:\/\/rhinoequipment.us\/rhino-rwl163\/","url":"https:\/\/rhinoequipment.us\/rhino-rwl163\/","name":"Rhino RWL163 - Rhino Equipment","isPartOf":{"@id":"https:\/\/rhinoequipment.us\/#website"},"primaryImageOfPage":{"@id":"https:\/\/rhinoequipment.us\/rhino-rwl163\/#primaryimage"},"image":{"@id":"https:\/\/rhinoequipment.us\/rhino-rwl163\/#primaryimage"},"thumbnailUrl":"https:\/\/rhinoequipment.us\/wp-content\/uploads\/2024\/09\/3-21-e1726506709178.png","datePublished":"2022-09-26T16:00:44+00:00","dateModified":"2025-06-09T16:39:43+00:00","description":"Rhino RWL163 Review: Boost productivity and profitability with maximum uptime and low-cost operation. Experience top-notch performance","breadcrumb":{"@id":"https:\/\/rhinoequipment.us\/rhino-rwl163\/#breadcrumb"},"inLanguage":"es","potentialAction":[{"@type":"ReadAction","target":["https:\/\/rhinoequipment.us\/rhino-rwl163\/"]}]},{"@type":"ImageObject","inLanguage":"es","@id":"https:\/\/rhinoequipment.us\/rhino-rwl163\/#primaryimage","url":"https:\/\/rhinoequipment.us\/wp-content\/uploads\/2024\/09\/3-21-e1726506709178.png","contentUrl":"https:\/\/rhinoequipment.us\/wp-content\/uploads\/2024\/09\/3-21-e1726506709178.png","width":1475,"height":1080,"caption":"Javier C\u00e1rdenas, President and CEO Rhino Equipment"},{"@type":"BreadcrumbList","@id":"https:\/\/rhinoequipment.us\/rhino-rwl163\/#breadcrumb","itemListElement":[{"@type":"ListItem","position":1,"name":"Home","item":"https:\/\/rhinoequipment.us\/"},{"@type":"ListItem","position":2,"name":"News4"}]},{"@type":"WebSite","@id":"https:\/\/rhinoequipment.us\/#website","url":"https:\/\/rhinoequipment.us\/","name":"Rhino Equipment","description":"Full Line of Construction Equipment","publisher":{"@id":"https:\/\/rhinoequipment.us\/#organization"},"alternateName":"Rhino Equipment","potentialAction":[{"@type":"SearchAction","target":{"@type":"EntryPoint","urlTemplate":"https:\/\/rhinoequipment.us\/?s={search_term_string}"},"query-input":{"@type":"PropertyValueSpecification","valueRequired":true,"valueName":"search_term_string"}}],"inLanguage":"es"},{"@type":"Organization","@id":"https:\/\/rhinoequipment.us\/#organization","name":"Rhino Equipment","url":"https:\/\/rhinoequipment.us\/","logo":{"@type":"ImageObject","inLanguage":"es","@id":"https:\/\/rhinoequipment.us\/#\/schema\/logo\/image\/","url":"https:\/\/rhinoequipment.us\/wp-content\/uploads\/2022\/06\/Rhino_equipment.jpg","contentUrl":"https:\/\/rhinoequipment.us\/wp-content\/uploads\/2022\/06\/Rhino_equipment.jpg","width":106,"height":72,"caption":"Rhino Equipment"},"image":{"@id":"https:\/\/rhinoequipment.us\/#\/schema\/logo\/image\/"},"sameAs":["https:\/\/www.facebook.com\/RhinoEqUsa\/","https:\/\/x.com\/Rhino_Eq","https:\/\/www.instagram.com\/rhinoeq_usa\/","https:\/\/www.youtube.com\/user\/rhinoeq"]}]}},"_links":{"self":[{"href":"https:\/\/rhinoequipment.us\/es\/wp-json\/wp\/v2\/pages\/7201","targetHints":{"allow":["GET"]}}],"collection":[{"href":"https:\/\/rhinoequipment.us\/es\/wp-json\/wp\/v2\/pages"}],"about":[{"href":"https:\/\/rhinoequipment.us\/es\/wp-json\/wp\/v2\/types\/page"}],"author":[{"embeddable":true,"href":"https:\/\/rhinoequipment.us\/es\/wp-json\/wp\/v2\/users\/1"}],"replies":[{"embeddable":true,"href":"https:\/\/rhinoequipment.us\/es\/wp-json\/wp\/v2\/comments?post=7201"}],"version-history":[{"count":5,"href":"https:\/\/rhinoequipment.us\/es\/wp-json\/wp\/v2\/pages\/7201\/revisions"}],"predecessor-version":[{"id":25733,"href":"https:\/\/rhinoequipment.us\/es\/wp-json\/wp\/v2\/pages\/7201\/revisions\/25733"}],"wp:featuredmedia":[{"embeddable":true,"href":"https:\/\/rhinoequipment.us\/es\/wp-json\/wp\/v2\/media\/22537"}],"wp:attachment":[{"href":"https:\/\/rhinoequipment.us\/es\/wp-json\/wp\/v2\/media?parent=7201"}],"curies":[{"name":"wp","href":"https:\/\/api.w.org\/{rel}","templated":true}]}}