{"id":23632,"date":"2024-12-18T16:53:15","date_gmt":"2024-12-18T16:53:15","guid":{"rendered":"https:\/\/rhinoequipment.us\/?page_id=23632"},"modified":"2025-06-05T19:55:44","modified_gmt":"2025-06-05T19:55:44","slug":"alex-borell","status":"publish","type":"page","link":"https:\/\/rhinoequipment.us\/es\/alex-borell\/","title":{"rendered":"Alex Borell"},"content":{"rendered":"<div data-elementor-type=\"wp-page\" data-elementor-id=\"23632\" class=\"elementor elementor-23632\" data-elementor-post-type=\"page\">\n\t\t\t\t\t\t<section class=\"elementor-section elementor-top-section elementor-element elementor-element-4ca43bd elementor-section-boxed elementor-section-height-default elementor-section-height-default\" data-id=\"4ca43bd\" data-element_type=\"section\" data-e-type=\"section\" data-settings=\"{&quot;background_background&quot;:&quot;classic&quot;}\">\n\t\t\t\t\t\t<div class=\"elementor-container elementor-column-gap-default\">\n\t\t\t\t\t<div class=\"elementor-column elementor-col-100 elementor-top-column elementor-element elementor-element-6887a91\" data-id=\"6887a91\" data-element_type=\"column\" data-e-type=\"column\">\n\t\t\t<div class=\"elementor-widget-wrap elementor-element-populated\">\n\t\t\t\t\t\t<div class=\"elementor-element elementor-element-84aace0 elementor-widget elementor-widget-spacer\" data-id=\"84aace0\" data-element_type=\"widget\" data-e-type=\"widget\" data-widget_type=\"spacer.default\">\n\t\t\t\t<div class=\"elementor-widget-container\">\n\t\t\t\t\t\t\t<div class=\"elementor-spacer\">\n\t\t\t<div class=\"elementor-spacer-inner\"><\/div>\n\t\t<\/div>\n\t\t\t\t\t\t<\/div>\n\t\t\t\t<\/div>\n\t\t\t\t\t<\/div>\n\t\t<\/div>\n\t\t\t\t\t<\/div>\n\t\t<\/section>\n\t\t\t\t<section class=\"elementor-section elementor-top-section elementor-element elementor-element-dbfb2f9 elementor-section-boxed elementor-section-height-default elementor-section-height-default\" data-id=\"dbfb2f9\" data-element_type=\"section\" data-e-type=\"section\" data-settings=\"{&quot;background_background&quot;:&quot;classic&quot;}\">\n\t\t\t\t\t\t<div class=\"elementor-container elementor-column-gap-default\">\n\t\t\t\t\t<div class=\"elementor-column elementor-col-100 elementor-top-column elementor-element elementor-element-87d7685\" data-id=\"87d7685\" data-element_type=\"column\" data-e-type=\"column\" data-settings=\"{&quot;background_background&quot;:&quot;classic&quot;}\">\n\t\t\t<div class=\"elementor-widget-wrap elementor-element-populated\">\n\t\t\t\t\t\t<div class=\"elementor-element elementor-element-2030a1d elementor-widget elementor-widget-image\" data-id=\"2030a1d\" data-element_type=\"widget\" data-e-type=\"widget\" data-widget_type=\"image.default\">\n\t\t\t\t<div class=\"elementor-widget-container\">\n\t\t\t\t\t\t\t\t\t\t\t\t\t\t\t<img fetchpriority=\"high\" decoding=\"async\" width=\"768\" height=\"426\" src=\"https:\/\/rhinoequipment.us\/wp-content\/uploads\/2024\/12\/Javier-prueba-2-e1734540036180-768x426.png\" class=\"attachment-medium_large size-medium_large wp-image-23615\" alt=\"\" srcset=\"https:\/\/rhinoequipment.us\/wp-content\/uploads\/2024\/12\/Javier-prueba-2-e1734540036180-768x426.png 768w, https:\/\/rhinoequipment.us\/wp-content\/uploads\/2024\/12\/Javier-prueba-2-e1734540036180-300x166.png 300w, https:\/\/rhinoequipment.us\/wp-content\/uploads\/2024\/12\/Javier-prueba-2-e1734540036180-18x10.png 18w, https:\/\/rhinoequipment.us\/wp-content\/uploads\/2024\/12\/Javier-prueba-2-e1734540036180.png 1020w\" sizes=\"(max-width: 768px) 100vw, 768px\" \/>\t\t\t\t\t\t\t\t\t\t\t\t\t\t\t<\/div>\n\t\t\t\t<\/div>\n\t\t\t\t\t<\/div>\n\t\t<\/div>\n\t\t\t\t\t<\/div>\n\t\t<\/section>\n\t\t\t\t<section class=\"elementor-section elementor-top-section elementor-element elementor-element-6e4a902 elementor-section-boxed elementor-section-height-default elementor-section-height-default\" data-id=\"6e4a902\" data-element_type=\"section\" data-e-type=\"section\" data-settings=\"{&quot;background_background&quot;:&quot;classic&quot;}\">\n\t\t\t\t\t\t<div class=\"elementor-container elementor-column-gap-default\">\n\t\t\t\t\t<div class=\"elementor-column elementor-col-100 elementor-top-column elementor-element elementor-element-2deb00b\" data-id=\"2deb00b\" data-element_type=\"column\" data-e-type=\"column\" data-settings=\"{&quot;background_background&quot;:&quot;classic&quot;}\">\n\t\t\t<div class=\"elementor-widget-wrap elementor-element-populated\">\n\t\t\t\t\t\t<div class=\"elementor-element elementor-element-9a728fb elementor-widget elementor-widget-heading\" data-id=\"9a728fb\" data-element_type=\"widget\" data-e-type=\"widget\" data-widget_type=\"heading.default\">\n\t\t\t\t<div class=\"elementor-widget-container\">\n\t\t\t\t\t<h2 class=\"elementor-heading-title elementor-size-default\">Alex Borell<\/h2>\t\t\t\t<\/div>\n\t\t\t\t<\/div>\n\t\t\t\t<div class=\"elementor-element elementor-element-0afa777 elementor-widget elementor-widget-heading\" data-id=\"0afa777\" data-element_type=\"widget\" data-e-type=\"widget\" data-widget_type=\"heading.default\">\n\t\t\t\t<div class=\"elementor-widget-container\">\n\t\t\t\t\t<h3 class=\"elementor-heading-title elementor-size-default\">Vice President and Member of the Board<\/h3>\t\t\t\t<\/div>\n\t\t\t\t<\/div>\n\t\t\t\t<div class=\"elementor-element elementor-element-66ddfd1 elementor-widget-tablet__width-initial elementor-widget elementor-widget-text-editor\" data-id=\"66ddfd1\" data-element_type=\"widget\" data-e-type=\"widget\" data-widget_type=\"text-editor.default\">\n\t\t\t\t<div class=\"elementor-widget-container\">\n\t\t\t\t\t\t\t\t\t<p>Alex Borel es un l\u00edder comprometido que ocupa el cargo de vicepresidente y es miembro clave del Consejo de Administraci\u00f3n de Rhino Equipment<em>\u00ae<\/em>. Con una distinguida trayectoria en el \u00e1mbito jur\u00eddico, Alex desempe\u00f1a un papel fundamental en la definici\u00f3n de la direcci\u00f3n estrat\u00e9gica y operativa de la empresa. Es responsable de gestionar todos los asuntos legales corporativos, garantizar el cumplimiento normativo, mitigar los riesgos y salvaguardar los intereses de la empresa. Adem\u00e1s, lidera el desarrollo y la ejecuci\u00f3n de los programas de responsabilidad social corporativa (RSC), aline\u00e1ndolos con el compromiso de la empresa con la sostenibilidad y la participaci\u00f3n comunitaria.<\/p><p>Sus responsabilidades se extienden a la supervisi\u00f3n de los asuntos gubernamentales, asegurando que Rhino Equipment<em>\u00ae<\/em> opere armoniosamente dentro de los marcos regulatorios globales y fomente relaciones s\u00f3lidas con las entidades gubernamentales. Adem\u00e1s, Alex gestiona las operaciones inmobiliarias, asegurando que las propiedades e instalaciones en todo el mundo se ajusten al crecimiento y los objetivos operativos de la empresa. Tambi\u00e9n supervisa las empresas profesionales y de gesti\u00f3n a nivel mundial, impulsando la excelencia en la colaboraci\u00f3n y el rendimiento en diversos mercados.<\/p><p>Alex tiene una notable capacidad para trabajar sin problemas en diversas unidades de negocio dentro de la empresa, aprovechando su experiencia jur\u00eddica y sus habilidades de liderazgo para impulsar la eficiencia y la innovaci\u00f3n. Su profundo conocimiento del derecho le permite dirigir funciones contables, servicios de apoyo empresarial, planificaci\u00f3n y an\u00e1lisis financieros, operaciones de tesorer\u00eda, fusiones y adquisiciones, y relaciones con los inversionistas. Adem\u00e1s, Alex supervisa las auditor\u00edas internas y las funciones fiscales, garantizando la integridad y la transparencia financieras en todos los niveles de la organizaci\u00f3n.<\/p><p>Con a\u00f1os de experiencia y una trayectoria probada, Alex Borel desempe\u00f1a un papel fundamental en el \u00e9xito de Rhino Equipment<em>\u00ae<\/em>combinando su perspicacia jur\u00eddica con una comprensi\u00f3n hol\u00edstica de las operaciones comerciales. Su liderazgo garantiza que Rhino Equipment<em>\u00ae<\/em> siga ofreciendo un valor excepcional a sus clientes, empleados y partes interesadas, al tiempo que mantiene un firme compromiso con sus valores fundamentales y su visi\u00f3n.<\/p>\t\t\t\t\t\t\t\t<\/div>\n\t\t\t\t<\/div>\n\t\t\t\t\t<\/div>\n\t\t<\/div>\n\t\t\t\t\t<\/div>\n\t\t<\/section>\n\t\t\t\t<section class=\"elementor-section elementor-top-section elementor-element elementor-element-fd9560c elementor-section-boxed elementor-section-height-default elementor-section-height-default\" data-id=\"fd9560c\" data-element_type=\"section\" data-e-type=\"section\" data-settings=\"{&quot;background_background&quot;:&quot;classic&quot;}\">\n\t\t\t\t\t\t<div class=\"elementor-container elementor-column-gap-default\">\n\t\t\t\t\t<div class=\"elementor-column elementor-col-100 elementor-top-column elementor-element elementor-element-eda34a2\" data-id=\"eda34a2\" data-element_type=\"column\" data-e-type=\"column\">\n\t\t\t<div class=\"elementor-widget-wrap elementor-element-populated\">\n\t\t\t\t\t\t<div class=\"elementor-element elementor-element-5e1ec09 elementor-widget elementor-widget-spacer\" data-id=\"5e1ec09\" data-element_type=\"widget\" data-e-type=\"widget\" data-widget_type=\"spacer.default\">\n\t\t\t\t<div class=\"elementor-widget-container\">\n\t\t\t\t\t\t\t<div class=\"elementor-spacer\">\n\t\t\t<div class=\"elementor-spacer-inner\"><\/div>\n\t\t<\/div>\n\t\t\t\t\t\t<\/div>\n\t\t\t\t<\/div>\n\t\t\t\t\t<\/div>\n\t\t<\/div>\n\t\t\t\t\t<\/div>\n\t\t<\/section>\n\t\t\t\t<\/div>","protected":false},"excerpt":{"rendered":"<p>Alex Borell Vice President and Member of the Board Alex Borel is a dedicated leader serving as Vice President and a key member of the Board of Directors at Rhino Equipment\u00ae. With a distinguished background in law, Alex plays a pivotal role in shaping the company\u2019s strategic and operational direction. He is responsible for managing [&hellip;]<\/p>\n","protected":false},"author":1,"featured_media":0,"parent":0,"menu_order":0,"comment_status":"closed","ping_status":"closed","template":"","meta":{"site-sidebar-layout":"no-sidebar","site-content-layout":"page-builder","ast-site-content-layout":"full-width-container","site-content-style":"unboxed","site-sidebar-style":"unboxed","ast-global-header-display":"","ast-banner-title-visibility":"","ast-main-header-display":"","ast-hfb-above-header-display":"","ast-hfb-below-header-display":"","ast-hfb-mobile-header-display":"","site-post-title":"disabled","ast-breadcrumbs-content":"","ast-featured-img":"disabled","footer-sml-layout":"","ast-disable-related-posts":"","theme-transparent-header-meta":"default","adv-header-id-meta":"","stick-header-meta":"","header-above-stick-meta":"","header-main-stick-meta":"","header-below-stick-meta":"","astra-migrate-meta-layouts":"set","ast-page-background-enabled":"default","ast-page-background-meta":{"desktop":{"background-color":"var(--ast-global-color-4)","background-image":"","background-repeat":"repeat","background-position":"center center","background-size":"auto","background-attachment":"scroll","background-type":"","background-media":"","overlay-type":"","overlay-color":"","overlay-opacity":"","overlay-gradient":""},"tablet":{"background-color":"","background-image":"","background-repeat":"repeat","background-position":"center center","background-size":"auto","background-attachment":"scroll","background-type":"","background-media":"","overlay-type":"","overlay-color":"","overlay-opacity":"","overlay-gradient":""},"mobile":{"background-color":"","background-image":"","background-repeat":"repeat","background-position":"center center","background-size":"auto","background-attachment":"scroll","background-type":"","background-media":"","overlay-type":"","overlay-color":"","overlay-opacity":"","overlay-gradient":""}},"ast-content-background-meta":{"desktop":{"background-color":"var(--ast-global-color-5)","background-image":"","background-repeat":"repeat","background-position":"center center","background-size":"auto","background-attachment":"scroll","background-type":"","background-media":"","overlay-type":"","overlay-color":"","overlay-opacity":"","overlay-gradient":""},"tablet":{"background-color":"var(--ast-global-color-5)","background-image":"","background-repeat":"repeat","background-position":"center center","background-size":"auto","background-attachment":"scroll","background-type":"","background-media":"","overlay-type":"","overlay-color":"","overlay-opacity":"","overlay-gradient":""},"mobile":{"background-color":"var(--ast-global-color-5)","background-image":"","background-repeat":"repeat","background-position":"center center","background-size":"auto","background-attachment":"scroll","background-type":"","background-media":"","overlay-type":"","overlay-color":"","overlay-opacity":"","overlay-gradient":""}},"footnotes":""},"class_list":["post-23632","page","type-page","status-publish","hentry"],"yoast_head":"<!-- This site is optimized with the Yoast SEO plugin v27.4 - https:\/\/yoast.com\/product\/yoast-seo-wordpress\/ -->\n<title>Alex Borell - Rhino Equipment<\/title>\n<meta name=\"description\" content=\"Alex Borell, Vice President and Board Member at Rhino Equipment, oversees corporate legal issues, social responsibility, government affairs\" \/>\n<meta name=\"robots\" content=\"index, follow, max-snippet:-1, max-image-preview:large, max-video-preview:-1\" \/>\n<link rel=\"canonical\" href=\"https:\/\/rhinoequipment.us\/es\/alex-borell\/\" \/>\n<script type=\"application\/ld+json\" class=\"yoast-schema-graph\">{\"@context\":\"https:\\\/\\\/schema.org\",\"@graph\":[{\"@type\":\"WebPage\",\"@id\":\"https:\\\/\\\/rhinoequipment.us\\\/alex-borell\\\/\",\"url\":\"https:\\\/\\\/rhinoequipment.us\\\/alex-borell\\\/\",\"name\":\"Alex Borell - Rhino Equipment\",\"isPartOf\":{\"@id\":\"https:\\\/\\\/rhinoequipment.us\\\/#website\"},\"primaryImageOfPage\":{\"@id\":\"https:\\\/\\\/rhinoequipment.us\\\/alex-borell\\\/#primaryimage\"},\"image\":{\"@id\":\"https:\\\/\\\/rhinoequipment.us\\\/alex-borell\\\/#primaryimage\"},\"thumbnailUrl\":\"https:\\\/\\\/rhinoequipment.us\\\/wp-content\\\/uploads\\\/2024\\\/12\\\/Javier-prueba-2-e1734540036180-768x426.png\",\"datePublished\":\"2024-12-18T16:53:15+00:00\",\"dateModified\":\"2025-06-05T19:55:44+00:00\",\"description\":\"Alex Borell, Vice President and Board Member at Rhino Equipment, oversees corporate legal issues, social responsibility, government affairs\",\"breadcrumb\":{\"@id\":\"https:\\\/\\\/rhinoequipment.us\\\/alex-borell\\\/#breadcrumb\"},\"inLanguage\":\"es\",\"potentialAction\":[{\"@type\":\"ReadAction\",\"target\":[\"https:\\\/\\\/rhinoequipment.us\\\/alex-borell\\\/\"]}]},{\"@type\":\"ImageObject\",\"inLanguage\":\"es\",\"@id\":\"https:\\\/\\\/rhinoequipment.us\\\/alex-borell\\\/#primaryimage\",\"url\":\"https:\\\/\\\/rhinoequipment.us\\\/wp-content\\\/uploads\\\/2024\\\/12\\\/Javier-prueba-2-e1734540036180-768x426.png\",\"contentUrl\":\"https:\\\/\\\/rhinoequipment.us\\\/wp-content\\\/uploads\\\/2024\\\/12\\\/Javier-prueba-2-e1734540036180-768x426.png\"},{\"@type\":\"BreadcrumbList\",\"@id\":\"https:\\\/\\\/rhinoequipment.us\\\/alex-borell\\\/#breadcrumb\",\"itemListElement\":[{\"@type\":\"ListItem\",\"position\":1,\"name\":\"Home\",\"item\":\"https:\\\/\\\/rhinoequipment.us\\\/\"},{\"@type\":\"ListItem\",\"position\":2,\"name\":\"Alex Borell\"}]},{\"@type\":\"WebSite\",\"@id\":\"https:\\\/\\\/rhinoequipment.us\\\/#website\",\"url\":\"https:\\\/\\\/rhinoequipment.us\\\/\",\"name\":\"Rhino Equipment\",\"description\":\"Full Line of Construction Equipment\",\"publisher\":{\"@id\":\"https:\\\/\\\/rhinoequipment.us\\\/#organization\"},\"alternateName\":\"Rhino Equipment\",\"potentialAction\":[{\"@type\":\"SearchAction\",\"target\":{\"@type\":\"EntryPoint\",\"urlTemplate\":\"https:\\\/\\\/rhinoequipment.us\\\/?s={search_term_string}\"},\"query-input\":{\"@type\":\"PropertyValueSpecification\",\"valueRequired\":true,\"valueName\":\"search_term_string\"}}],\"inLanguage\":\"es\"},{\"@type\":\"Organization\",\"@id\":\"https:\\\/\\\/rhinoequipment.us\\\/#organization\",\"name\":\"Rhino Equipment\",\"url\":\"https:\\\/\\\/rhinoequipment.us\\\/\",\"logo\":{\"@type\":\"ImageObject\",\"inLanguage\":\"es\",\"@id\":\"https:\\\/\\\/rhinoequipment.us\\\/#\\\/schema\\\/logo\\\/image\\\/\",\"url\":\"https:\\\/\\\/rhinoequipment.us\\\/wp-content\\\/uploads\\\/2022\\\/06\\\/Rhino_equipment.jpg\",\"contentUrl\":\"https:\\\/\\\/rhinoequipment.us\\\/wp-content\\\/uploads\\\/2022\\\/06\\\/Rhino_equipment.jpg\",\"width\":106,\"height\":72,\"caption\":\"Rhino Equipment\"},\"image\":{\"@id\":\"https:\\\/\\\/rhinoequipment.us\\\/#\\\/schema\\\/logo\\\/image\\\/\"},\"sameAs\":[\"https:\\\/\\\/www.facebook.com\\\/RhinoEqUsa\\\/\",\"https:\\\/\\\/x.com\\\/Rhino_Eq\",\"https:\\\/\\\/www.instagram.com\\\/rhinoeq_usa\\\/\",\"https:\\\/\\\/www.youtube.com\\\/user\\\/rhinoeq\"]}]}<\/script>\n<!-- \/ Yoast SEO plugin. -->","yoast_head_json":{"title":"Alex Borell - Rhino Equipment","description":"Alex Borell, Vice President and Board Member at Rhino Equipment, oversees corporate legal issues, social responsibility, government affairs","robots":{"index":"index","follow":"follow","max-snippet":"max-snippet:-1","max-image-preview":"max-image-preview:large","max-video-preview":"max-video-preview:-1"},"canonical":"https:\/\/rhinoequipment.us\/es\/alex-borell\/","schema":{"@context":"https:\/\/schema.org","@graph":[{"@type":"WebPage","@id":"https:\/\/rhinoequipment.us\/alex-borell\/","url":"https:\/\/rhinoequipment.us\/alex-borell\/","name":"Alex Borell - Rhino Equipment","isPartOf":{"@id":"https:\/\/rhinoequipment.us\/#website"},"primaryImageOfPage":{"@id":"https:\/\/rhinoequipment.us\/alex-borell\/#primaryimage"},"image":{"@id":"https:\/\/rhinoequipment.us\/alex-borell\/#primaryimage"},"thumbnailUrl":"https:\/\/rhinoequipment.us\/wp-content\/uploads\/2024\/12\/Javier-prueba-2-e1734540036180-768x426.png","datePublished":"2024-12-18T16:53:15+00:00","dateModified":"2025-06-05T19:55:44+00:00","description":"Alex Borell, Vice President and Board Member at Rhino Equipment, oversees corporate legal issues, social responsibility, government affairs","breadcrumb":{"@id":"https:\/\/rhinoequipment.us\/alex-borell\/#breadcrumb"},"inLanguage":"es","potentialAction":[{"@type":"ReadAction","target":["https:\/\/rhinoequipment.us\/alex-borell\/"]}]},{"@type":"ImageObject","inLanguage":"es","@id":"https:\/\/rhinoequipment.us\/alex-borell\/#primaryimage","url":"https:\/\/rhinoequipment.us\/wp-content\/uploads\/2024\/12\/Javier-prueba-2-e1734540036180-768x426.png","contentUrl":"https:\/\/rhinoequipment.us\/wp-content\/uploads\/2024\/12\/Javier-prueba-2-e1734540036180-768x426.png"},{"@type":"BreadcrumbList","@id":"https:\/\/rhinoequipment.us\/alex-borell\/#breadcrumb","itemListElement":[{"@type":"ListItem","position":1,"name":"Home","item":"https:\/\/rhinoequipment.us\/"},{"@type":"ListItem","position":2,"name":"Alex Borell"}]},{"@type":"WebSite","@id":"https:\/\/rhinoequipment.us\/#website","url":"https:\/\/rhinoequipment.us\/","name":"Rhino Equipment","description":"Full Line of Construction Equipment","publisher":{"@id":"https:\/\/rhinoequipment.us\/#organization"},"alternateName":"Rhino Equipment","potentialAction":[{"@type":"SearchAction","target":{"@type":"EntryPoint","urlTemplate":"https:\/\/rhinoequipment.us\/?s={search_term_string}"},"query-input":{"@type":"PropertyValueSpecification","valueRequired":true,"valueName":"search_term_string"}}],"inLanguage":"es"},{"@type":"Organization","@id":"https:\/\/rhinoequipment.us\/#organization","name":"Rhino Equipment","url":"https:\/\/rhinoequipment.us\/","logo":{"@type":"ImageObject","inLanguage":"es","@id":"https:\/\/rhinoequipment.us\/#\/schema\/logo\/image\/","url":"https:\/\/rhinoequipment.us\/wp-content\/uploads\/2022\/06\/Rhino_equipment.jpg","contentUrl":"https:\/\/rhinoequipment.us\/wp-content\/uploads\/2022\/06\/Rhino_equipment.jpg","width":106,"height":72,"caption":"Rhino Equipment"},"image":{"@id":"https:\/\/rhinoequipment.us\/#\/schema\/logo\/image\/"},"sameAs":["https:\/\/www.facebook.com\/RhinoEqUsa\/","https:\/\/x.com\/Rhino_Eq","https:\/\/www.instagram.com\/rhinoeq_usa\/","https:\/\/www.youtube.com\/user\/rhinoeq"]}]}},"_links":{"self":[{"href":"https:\/\/rhinoequipment.us\/es\/wp-json\/wp\/v2\/pages\/23632","targetHints":{"allow":["GET"]}}],"collection":[{"href":"https:\/\/rhinoequipment.us\/es\/wp-json\/wp\/v2\/pages"}],"about":[{"href":"https:\/\/rhinoequipment.us\/es\/wp-json\/wp\/v2\/types\/page"}],"author":[{"embeddable":true,"href":"https:\/\/rhinoequipment.us\/es\/wp-json\/wp\/v2\/users\/1"}],"replies":[{"embeddable":true,"href":"https:\/\/rhinoequipment.us\/es\/wp-json\/wp\/v2\/comments?post=23632"}],"version-history":[{"count":5,"href":"https:\/\/rhinoequipment.us\/es\/wp-json\/wp\/v2\/pages\/23632\/revisions"}],"predecessor-version":[{"id":25563,"href":"https:\/\/rhinoequipment.us\/es\/wp-json\/wp\/v2\/pages\/23632\/revisions\/25563"}],"wp:attachment":[{"href":"https:\/\/rhinoequipment.us\/es\/wp-json\/wp\/v2\/media?parent=23632"}],"curies":[{"name":"wp","href":"https:\/\/api.w.org\/{rel}","templated":true}]}}